{"id":1201,"date":"2017-08-02T14:59:27","date_gmt":"2017-08-02T14:59:27","guid":{"rendered":"http:\/\/drhamers.de\/drhamers\/?page_id=1201"},"modified":"2022-09-15T09:43:12","modified_gmt":"2022-09-15T09:43:12","slug":"vita","status":"publish","type":"page","link":"https:\/\/drhamers.de\/drhamers\/de\/ueber-mich\/vita\/","title":{"rendered":"Vita"},"content":{"rendered":"<p>[et_pb_section fb_built=&#8221;1&#8243; _builder_version=&#8221;3.22&#8243; background_color=&#8221;rgba(255,255,255,0.73)&#8221;][et_pb_row column_structure=&#8221;1_2,1_2&#8243; _builder_version=&#8221;3.25&#8243;][et_pb_column type=&#8221;1_2&#8243; _builder_version=&#8221;3.25&#8243; background_position=&#8221;top_left&#8221; custom_padding=&#8221;|||&#8221; custom_padding__hover=&#8221;|||&#8221;][et_pb_text _builder_version=&#8221;3.27.4&#8243;]<\/p>\n<h3><strong>Vita<\/strong><\/h3>\n<p>&nbsp;<\/p>\n<p>Dr. med. Alexander T. Hamers ist Facharzt f\u00fcr Plastische und \u00c4sthetische Chirurgie. Er z\u00e4hlt zu den weltweit f\u00fchrenden Experten f\u00fcr Operationen mit Eigenfett und den Brazilian Butt Lift. Er ist Inhaber der &#8220;Klinik K\u00f6nigsdorf&#8221;, einer Privatklinik f\u00fcr Plastische und \u00c4stehtische Chirurgie in Frechen-K\u00f6nigsdorf. Von 2012 bis 2018 war Dr. Hamers in der Abteilung f\u00fcr Plastische Chirurgie im Hospital Quir\u00f3nSalud in M\u00e1laga t\u00e4tig, wo er den Rekonstruktiven Bereich des Brustzentrums Quir\u00f3nSalud M\u00e1laga leitete.<\/p>\n<p>&nbsp;<\/p>\n<p><em>Im \u00dcberblick: <\/em><\/p>\n<p>&nbsp;<\/p>\n<ul>\n<li>seit 2020 Inhaber und Leitender Arzt der Klinik K\u00f6nigsdorf, Privatklinik f\u00fcr Plastische, \u00c4sthetische und Rekonstruktive Chirurgie, Frechen-K\u00f6nigsdorf<\/li>\n<li>seit 2017 Privatpraxis DR HAMERS AESTHETICS\u00a0<\/li>\n<li>2012-2018 Abteilung f\u00fcr Plastische und Rekonstruktive Chirurgie im Krankenhaus Quir\u00f3nSalud M\u00e1laga<\/li>\n<li>bis 2018 Rekonstruktive Abteilung des Brustzentrums Quir\u00f3nSalud M\u00e1laga<\/li>\n<li>2012-2017 Beratungen und Behandlungen in der Privatpraxis Cirumed in Marbella<\/li>\n<li><span style=\"font-size: 14px;\">Facharztausbildung f\u00fcr Plastische und Rekonstruktive Chirurgie in Bonn, K\u00f6ln, Hattingen sowie Luzern und M\u00e1laga (neben der \u00e4sthetischen plastischen Chirurgie Ausbildung in der rekonstruktiven Chirurgie und Handchirurgie)<\/span><\/li>\n<li><span style=\"font-size: 14px;\">Internationale Ausbildungsstationen am Hospital del Mar der Universidad Aut\u00f3noma de Barcelona, an der Universidad de Buenos Aires sowie am Beth Israel Medical Center New York<\/span><\/li>\n<li><span style=\"font-size: 14px;\">Studium\u00a0der Humanmedizin und Erlangung der Doktorw\u00fcrde an der Universit\u00e4t zu K\u00f6ln<\/span><\/li>\n<\/ul>\n<p>&nbsp;<\/p>\n<p><em>Mitgliedschaften:<\/em><\/p>\n<p>&nbsp;<\/p>\n<ul>\n<li><strong>DGPR\u00c4C<\/strong> &#8211; Deutsche Gesellschaft der Plastischen, Rekonstruktiven und \u00c4sthetischen Chirurgen e.V.<\/li>\n<li><strong>SECPRE<\/strong> &#8211; Sociedad Espa\u00f1ola de Cirug\u00eda Pl\u00e1stica Reparadora y Est\u00e9tica<\/li>\n<li><strong>ASPS<\/strong> &#8211; American Society of Plastic Surgeons<\/li>\n<li><strong>ISRAIT<\/strong> <i>(Executive Board Coordinator\/ Gr\u00fcndungsmitglied)\u00a0<\/i>&#8211; International Society of Reconstructive and Aesthetic Intimate Treatment<\/li>\n<li><strong>GAERID<\/strong> e.V. <i>(Gr\u00fcndungsmitglied) &#8211;\u00a0<\/i>Gesellschaft f\u00fcr \u00e4sthetische und rekonstruktive Intimchirurgie Deutschland e.V.<\/li>\n<li><strong>ESPRAS<\/strong> &#8211;\u00a0European Society of Plastic, Reconstructive and Aesthetic Surgery<\/li>\n<li><strong>ICOPLAST<\/strong> &#8211; International Confederation of Plastic Surgery Societies<\/li>\n<\/ul>\n<p>[\/et_pb_text][\/et_pb_column][et_pb_column type=&#8221;1_2&#8243; _builder_version=&#8221;3.25&#8243; background_position=&#8221;top_left&#8221; custom_padding=&#8221;|||&#8221; custom_padding__hover=&#8221;|||&#8221;][et_pb_image src=&#8221;https:\/\/drhamers.de\/drhamers\/wp-content\/uploads\/2017\/10\/Hamers_Start.jpg&#8221; align_tablet=&#8221;center&#8221; align_phone=&#8221;&#8221; align_last_edited=&#8221;on|desktop&#8221; _builder_version=&#8221;4.7.7&#8243; animation_style=&#8221;slide&#8221; animation_direction=&#8221;left&#8221; animation_duration=&#8221;500ms&#8221; animation_intensity_slide=&#8221;10%&#8221; hover_enabled=&#8221;0&#8243; title_text=&#8221;Dr Hamers&#8221; sticky_enabled=&#8221;0&#8243;][\/et_pb_image][\/et_pb_column][\/et_pb_row][et_pb_row _builder_version=&#8221;3.25&#8243;][et_pb_column type=&#8221;4_4&#8243; _builder_version=&#8221;3.25&#8243; background_position=&#8221;top_left&#8221; custom_padding=&#8221;|||&#8221; custom_padding__hover=&#8221;|||&#8221;][et_pb_slider _builder_version=&#8221;3.16&#8243; custom_padding=&#8221;|||&#8221; custom_padding_tablet=&#8221;|||&#8221; custom_padding_phone=&#8221;|||&#8221; auto=&#8221;on&#8221; auto_speed=&#8221;3500&#8243; auto_ignore_hover=&#8221;on&#8221; remove_inner_shadow=&#8221;on&#8221; show_inner_shadow=&#8221;off&#8221; button_text_size__hover_enabled=&#8221;off&#8221; button_one_text_size__hover_enabled=&#8221;off&#8221; button_two_text_size__hover_enabled=&#8221;off&#8221; button_text_color__hover_enabled=&#8221;off&#8221; button_one_text_color__hover_enabled=&#8221;off&#8221; button_two_text_color__hover_enabled=&#8221;off&#8221; button_border_width__hover_enabled=&#8221;off&#8221; button_one_border_width__hover_enabled=&#8221;off&#8221; button_two_border_width__hover_enabled=&#8221;off&#8221; button_border_color__hover_enabled=&#8221;off&#8221; button_one_border_color__hover_enabled=&#8221;off&#8221; button_two_border_color__hover_enabled=&#8221;off&#8221; button_border_radius__hover_enabled=&#8221;off&#8221; button_one_border_radius__hover_enabled=&#8221;off&#8221; button_two_border_radius__hover_enabled=&#8221;off&#8221; button_letter_spacing__hover_enabled=&#8221;off&#8221; button_one_letter_spacing__hover_enabled=&#8221;off&#8221; button_two_letter_spacing__hover_enabled=&#8221;off&#8221; button_bg_color__hover_enabled=&#8221;off&#8221; button_one_bg_color__hover_enabled=&#8221;off&#8221; button_two_bg_color__hover_enabled=&#8221;off&#8221;][et_pb_slide heading=&#8221;Gesellschaft f\u00fcr Intimchirurgie&#8221; image=&#8221;http:\/\/drhamers.de\/drhamers\/wp-content\/uploads\/2017\/07\/GAERID-.png&#8221; use_bg_overlay=&#8221;off&#8221; use_text_overlay=&#8221;off&#8221; _builder_version=&#8221;3.16&#8243; header_font=&#8221;||||&#8221; body_font=&#8221;||||&#8221; background_color=&#8221;rgba(255,255,255,0)&#8221; button_icon_placement=&#8221;right&#8221; button_on_hover=&#8221;on&#8221; background_layout=&#8221;light&#8221; button_text_size__hover_enabled=&#8221;off&#8221; button_one_text_size__hover_enabled=&#8221;off&#8221; button_two_text_size__hover_enabled=&#8221;off&#8221; button_text_color__hover_enabled=&#8221;off&#8221; button_one_text_color__hover_enabled=&#8221;off&#8221; button_two_text_color__hover_enabled=&#8221;off&#8221; button_border_width__hover_enabled=&#8221;off&#8221; button_one_border_width__hover_enabled=&#8221;off&#8221; button_two_border_width__hover_enabled=&#8221;off&#8221; button_border_color__hover_enabled=&#8221;off&#8221; button_one_border_color__hover_enabled=&#8221;off&#8221; button_two_border_color__hover_enabled=&#8221;off&#8221; button_border_radius__hover_enabled=&#8221;off&#8221; button_one_border_radius__hover_enabled=&#8221;off&#8221; button_two_border_radius__hover_enabled=&#8221;off&#8221; button_letter_spacing__hover_enabled=&#8221;off&#8221; button_one_letter_spacing__hover_enabled=&#8221;off&#8221; button_two_letter_spacing__hover_enabled=&#8221;off&#8221; button_bg_color__hover_enabled=&#8221;off&#8221; button_one_bg_color__hover_enabled=&#8221;off&#8221; button_two_bg_color__hover_enabled=&#8221;off&#8221; sticky_transition=&#8221;on&#8221;]Gesellschaft f\u00fcr \u00c4sthetische und Rekonstruktive Intimchirurgie e.V.[\/et_pb_slide][et_pb_slide heading=&#8221;ICOPLAST&#8221; image=&#8221;http:\/\/drhamers.de\/drhamers\/wp-content\/uploads\/2017\/07\/icoplast.jpg&#8221; use_bg_overlay=&#8221;off&#8221; use_text_overlay=&#8221;off&#8221; _builder_version=&#8221;3.16&#8243; header_font=&#8221;||||&#8221; body_font=&#8221;||||&#8221; background_color=&#8221;rgba(255,255,255,0)&#8221; button_icon_placement=&#8221;right&#8221; button_on_hover=&#8221;on&#8221; background_layout=&#8221;light&#8221; button_text_size__hover_enabled=&#8221;off&#8221; button_one_text_size__hover_enabled=&#8221;off&#8221; button_two_text_size__hover_enabled=&#8221;off&#8221; button_text_color__hover_enabled=&#8221;off&#8221; button_one_text_color__hover_enabled=&#8221;off&#8221; button_two_text_color__hover_enabled=&#8221;off&#8221; button_border_width__hover_enabled=&#8221;off&#8221; button_one_border_width__hover_enabled=&#8221;off&#8221; button_two_border_width__hover_enabled=&#8221;off&#8221; button_border_color__hover_enabled=&#8221;off&#8221; button_one_border_color__hover_enabled=&#8221;off&#8221; button_two_border_color__hover_enabled=&#8221;off&#8221; button_border_radius__hover_enabled=&#8221;off&#8221; button_one_border_radius__hover_enabled=&#8221;off&#8221; button_two_border_radius__hover_enabled=&#8221;off&#8221; button_letter_spacing__hover_enabled=&#8221;off&#8221; button_one_letter_spacing__hover_enabled=&#8221;off&#8221; button_two_letter_spacing__hover_enabled=&#8221;off&#8221; button_bg_color__hover_enabled=&#8221;off&#8221; button_one_bg_color__hover_enabled=&#8221;off&#8221; button_two_bg_color__hover_enabled=&#8221;off&#8221; sticky_transition=&#8221;on&#8221;]International Confederation of Plastic Surgery Societies[\/et_pb_slide][et_pb_slide heading=&#8221;SECPRE&#8221; image=&#8221;http:\/\/drhamers.de\/drhamers\/wp-content\/uploads\/2017\/07\/secpre1.png&#8221; use_bg_overlay=&#8221;off&#8221; use_text_overlay=&#8221;off&#8221; _builder_version=&#8221;3.16&#8243; header_font=&#8221;||||&#8221; body_font=&#8221;||||&#8221; background_color=&#8221;rgba(255,255,255,0)&#8221; button_icon_placement=&#8221;right&#8221; button_on_hover=&#8221;on&#8221; background_layout=&#8221;light&#8221; button_text_size__hover_enabled=&#8221;off&#8221; button_one_text_size__hover_enabled=&#8221;off&#8221; button_two_text_size__hover_enabled=&#8221;off&#8221; button_text_color__hover_enabled=&#8221;off&#8221; button_one_text_color__hover_enabled=&#8221;off&#8221; button_two_text_color__hover_enabled=&#8221;off&#8221; button_border_width__hover_enabled=&#8221;off&#8221; button_one_border_width__hover_enabled=&#8221;off&#8221; button_two_border_width__hover_enabled=&#8221;off&#8221; button_border_color__hover_enabled=&#8221;off&#8221; button_one_border_color__hover_enabled=&#8221;off&#8221; button_two_border_color__hover_enabled=&#8221;off&#8221; button_border_radius__hover_enabled=&#8221;off&#8221; button_one_border_radius__hover_enabled=&#8221;off&#8221; button_two_border_radius__hover_enabled=&#8221;off&#8221; button_letter_spacing__hover_enabled=&#8221;off&#8221; button_one_letter_spacing__hover_enabled=&#8221;off&#8221; button_two_letter_spacing__hover_enabled=&#8221;off&#8221; button_bg_color__hover_enabled=&#8221;off&#8221; button_one_bg_color__hover_enabled=&#8221;off&#8221; button_two_bg_color__hover_enabled=&#8221;off&#8221; sticky_transition=&#8221;on&#8221;]Sociedad Espa\u00f1ola de Cirugia Plastica Reparadora y Est\u00e9tica[\/et_pb_slide][et_pb_slide heading=&#8221;DGPR\u00c4C&#8221; image=&#8221;http:\/\/drhamers.de\/drhamers\/wp-content\/uploads\/2017\/10\/Logo_DGPRAEC_500px_transparent.png&#8221; use_bg_overlay=&#8221;off&#8221; use_text_overlay=&#8221;off&#8221; _builder_version=&#8221;3.16&#8243; header_font=&#8221;||||&#8221; body_font=&#8221;||||&#8221; background_color=&#8221;rgba(255,255,255,0)&#8221; background_size=&#8221;initial&#8221; button_icon_placement=&#8221;right&#8221; button_on_hover=&#8221;on&#8221; background_layout=&#8221;light&#8221; button_text_size__hover_enabled=&#8221;off&#8221; button_one_text_size__hover_enabled=&#8221;off&#8221; button_two_text_size__hover_enabled=&#8221;off&#8221; button_text_color__hover_enabled=&#8221;off&#8221; button_one_text_color__hover_enabled=&#8221;off&#8221; button_two_text_color__hover_enabled=&#8221;off&#8221; button_border_width__hover_enabled=&#8221;off&#8221; button_one_border_width__hover_enabled=&#8221;off&#8221; button_two_border_width__hover_enabled=&#8221;off&#8221; button_border_color__hover_enabled=&#8221;off&#8221; button_one_border_color__hover_enabled=&#8221;off&#8221; button_two_border_color__hover_enabled=&#8221;off&#8221; button_border_radius__hover_enabled=&#8221;off&#8221; button_one_border_radius__hover_enabled=&#8221;off&#8221; button_two_border_radius__hover_enabled=&#8221;off&#8221; button_letter_spacing__hover_enabled=&#8221;off&#8221; button_one_letter_spacing__hover_enabled=&#8221;off&#8221; button_two_letter_spacing__hover_enabled=&#8221;off&#8221; button_bg_color__hover_enabled=&#8221;off&#8221; button_one_bg_color__hover_enabled=&#8221;off&#8221; button_two_bg_color__hover_enabled=&#8221;off&#8221; sticky_transition=&#8221;on&#8221;]Deutsche Gesellschaft der\u2028 Plastischen, Rekonstruktiven und \u00c4sthetischen Chirurgen e. V.[\/et_pb_slide][et_pb_slide heading=&#8221;ESPRAS&#8221; image=&#8221;http:\/\/drhamers.de\/drhamers\/wp-content\/uploads\/2017\/10\/espras-logo2.png&#8221; use_bg_overlay=&#8221;off&#8221; use_text_overlay=&#8221;off&#8221; _builder_version=&#8221;3.16&#8243; header_font=&#8221;||||&#8221; body_font=&#8221;||||&#8221; background_color=&#8221;rgba(255,255,255,0)&#8221; button_icon_placement=&#8221;right&#8221; button_on_hover=&#8221;on&#8221; background_layout=&#8221;light&#8221; button_text_size__hover_enabled=&#8221;off&#8221; button_one_text_size__hover_enabled=&#8221;off&#8221; button_two_text_size__hover_enabled=&#8221;off&#8221; button_text_color__hover_enabled=&#8221;off&#8221; button_one_text_color__hover_enabled=&#8221;off&#8221; button_two_text_color__hover_enabled=&#8221;off&#8221; button_border_width__hover_enabled=&#8221;off&#8221; button_one_border_width__hover_enabled=&#8221;off&#8221; button_two_border_width__hover_enabled=&#8221;off&#8221; button_border_color__hover_enabled=&#8221;off&#8221; button_one_border_color__hover_enabled=&#8221;off&#8221; button_two_border_color__hover_enabled=&#8221;off&#8221; button_border_radius__hover_enabled=&#8221;off&#8221; button_one_border_radius__hover_enabled=&#8221;off&#8221; button_two_border_radius__hover_enabled=&#8221;off&#8221; button_letter_spacing__hover_enabled=&#8221;off&#8221; button_one_letter_spacing__hover_enabled=&#8221;off&#8221; button_two_letter_spacing__hover_enabled=&#8221;off&#8221; button_bg_color__hover_enabled=&#8221;off&#8221; button_one_bg_color__hover_enabled=&#8221;off&#8221; button_two_bg_color__hover_enabled=&#8221;off&#8221; sticky_transition=&#8221;on&#8221;]The European Society of Plastic, Reconstructive and Aesthetic Surgery[\/et_pb_slide][\/et_pb_slider][\/et_pb_column][\/et_pb_row][\/et_pb_section]<\/p>\n","protected":false},"excerpt":{"rendered":"<p>[et_pb_section fb_built=&#8221;1&#8243; _builder_version=&#8221;3.22&#8243; background_color=&#8221;rgba(255,255,255,0.73)&#8221;][et_pb_row column_structure=&#8221;1_2,1_2&#8243; _builder_version=&#8221;3.25&#8243;][et_pb_column type=&#8221;1_2&#8243; _builder_version=&#8221;3.25&#8243; background_position=&#8221;top_left&#8221; custom_padding=&#8221;|||&#8221; custom_padding__hover=&#8221;|||&#8221;][et_pb_text _builder_version=&#8221;3.27.4&#8243;] Vita &nbsp; Dr. med. Alexander T. Hamers ist Facharzt f\u00fcr Plastische und \u00c4sthetische Chirurgie. Er z\u00e4hlt zu den weltweit f\u00fchrenden Experten f\u00fcr Operationen mit Eigenfett und den Brazilian Butt Lift. Er ist Inhaber der &#8220;Klinik K\u00f6nigsdorf&#8221;, einer Privatklinik f\u00fcr Plastische und \u00c4stehtische Chirurgie [&hellip;]<\/p>\n","protected":false},"author":3,"featured_media":0,"parent":398,"menu_order":0,"comment_status":"closed","ping_status":"closed","template":"","meta":{"_et_pb_use_builder":"on","_et_pb_old_content":"","_et_gb_content_width":"","_mi_skip_tracking":false,"cybocfi_hide_featured_image":""},"_links":{"self":[{"href":"https:\/\/drhamers.de\/drhamers\/wp-json\/wp\/v2\/pages\/1201"}],"collection":[{"href":"https:\/\/drhamers.de\/drhamers\/wp-json\/wp\/v2\/pages"}],"about":[{"href":"https:\/\/drhamers.de\/drhamers\/wp-json\/wp\/v2\/types\/page"}],"author":[{"embeddable":true,"href":"https:\/\/drhamers.de\/drhamers\/wp-json\/wp\/v2\/users\/3"}],"replies":[{"embeddable":true,"href":"https:\/\/drhamers.de\/drhamers\/wp-json\/wp\/v2\/comments?post=1201"}],"version-history":[{"count":30,"href":"https:\/\/drhamers.de\/drhamers\/wp-json\/wp\/v2\/pages\/1201\/revisions"}],"predecessor-version":[{"id":27412,"href":"https:\/\/drhamers.de\/drhamers\/wp-json\/wp\/v2\/pages\/1201\/revisions\/27412"}],"up":[{"embeddable":true,"href":"https:\/\/drhamers.de\/drhamers\/wp-json\/wp\/v2\/pages\/398"}],"wp:attachment":[{"href":"https:\/\/drhamers.de\/drhamers\/wp-json\/wp\/v2\/media?parent=1201"}],"curies":[{"name":"wp","href":"https:\/\/api.w.org\/{rel}","templated":true}]}}