{"id":1507,"date":"2017-08-08T11:50:38","date_gmt":"2017-08-08T11:50:38","guid":{"rendered":"http:\/\/drhamers.de\/drhamers\/?page_id=1507"},"modified":"2018-01-28T16:22:14","modified_gmt":"2018-01-28T16:22:14","slug":"press","status":"publish","type":"page","link":"https:\/\/drhamers.de\/drhamers\/en\/your-surgeon\/press\/","title":{"rendered":"Press"},"content":{"rendered":"<p>[et_pb_section bb_built=&#8221;1&#8243; fullwidth=&#8221;on&#8221; specialty=&#8221;off&#8221;][et_pb_fullwidth_header _builder_version=&#8221;3.0.66&#8243; title=&#8221;Press and Media Coverage&#8221; background_overlay_color=&#8221;#47aab7&#8243; text_orientation=&#8221;left&#8221; header_fullscreen=&#8221;off&#8221; header_scroll_down=&#8221;off&#8221; image_orientation=&#8221;center&#8221; background_layout=&#8221;dark&#8221; content_orientation=&#8221;center&#8221; custom_button_one=&#8221;off&#8221; button_one_letter_spacing=&#8221;0&#8243; button_one_icon_placement=&#8221;right&#8221; button_one_letter_spacing_hover=&#8221;0&#8243; custom_button_two=&#8221;off&#8221; button_two_letter_spacing=&#8221;0&#8243; button_two_icon_placement=&#8221;right&#8221; button_two_letter_spacing_hover=&#8221;0&#8243; \/][\/et_pb_section][et_pb_section bb_built=&#8221;1&#8243; _builder_version=&#8221;3.0.66&#8243; transparent_background=&#8221;off&#8221; background_color=&#8221;rgba(255,255,255,0.63)&#8221; allow_player_pause=&#8221;off&#8221; inner_shadow=&#8221;off&#8221; parallax=&#8221;off&#8221; parallax_method=&#8221;on&#8221; make_fullwidth=&#8221;off&#8221; use_custom_width=&#8221;off&#8221; width_unit=&#8221;on&#8221; make_equal=&#8221;off&#8221; use_custom_gutter=&#8221;off&#8221;][et_pb_row _builder_version=&#8221;3.0.47&#8243; background_size=&#8221;initial&#8221; background_position=&#8221;top_left&#8221; background_repeat=&#8221;repeat&#8221;][et_pb_column type=&#8221;2_3&#8243;][et_pb_text _builder_version=&#8221;3.0.66&#8243;]<\/p>\n<h3><a href=\"http:\/\/drhamers.de\/drhamers\/wp-content\/uploads\/2017\/07\/Dr-Hamers-essential.pdf\">Essentials Marbella Magazine, May 2017\u00a0<\/a><\/h3>\n<h4>Dr. Hamers at Cirumed Clinic. Portraying Marbella&#8217;s best<\/h4>\n<blockquote><p>There is an inexorable link between our physical appearance and our idea of self, between the body, the mind and spirit. What plastic surgeons often say is that what may be a matter of little concern for\u00a0one person, can cause great anguish to another. <a href=\"http:\/\/drhamers.de\/drhamers\/wp-content\/uploads\/2017\/07\/Dr-Hamers-essential.pdf\">(&#8230;)<\/a><\/p><\/blockquote>\n<p>&nbsp;<\/p>\n<p>[\/et_pb_text][\/et_pb_column][et_pb_column type=&#8221;1_3&#8243;][et_pb_image src=&#8221;http:\/\/drhamers.de\/drhamers\/wp-content\/uploads\/2017\/07\/Essentials-5-2017.jpg&#8221; url=&#8221;http:\/\/drhamers.de\/drhamers\/wp-content\/uploads\/2017\/07\/Dr-Hamers-essential.pdf&#8221; animation=&#8221;off&#8221; _builder_version=&#8221;3.0.66&#8243; \/][\/et_pb_column][\/et_pb_row][et_pb_row _builder_version=&#8221;3.0.47&#8243; background_size=&#8221;initial&#8221; background_position=&#8221;top_left&#8221; background_repeat=&#8221;repeat&#8221;][et_pb_column type=&#8221;2_3&#8243;][et_pb_text _builder_version=&#8221;3.0.66&#8243;]<\/p>\n<h3><a href=\"http:\/\/drhamers.de\/drhamers\/wp-content\/uploads\/2017\/07\/CIRUGIA-VAGINAL-REVISTA-ZOOM-Kopie.pdf\"><br \/>\n<\/a><a href=\"http:\/\/drhamers.de\/drhamers\/wp-content\/uploads\/2017\/07\/CIRUGIA-VAGINAL-REVISTA-ZOOM-Kopie.pdf\">Revista\u00a0ZOOM M\u00e1laga, Volume 37, April 2013<\/a><\/h3>\n<h4>Alexander T. Hamers, the specialist for female genital surgery at the Costa del Sol<\/h4>\n<blockquote><p>La demanda de cirug\u00eda genital ha aumentado en los \u00faltimos a\u00f1os, pero \u00bfD\u00f3nde acudir? <a href=\"http:\/\/drhamers.de\/drhamers\/wp-content\/uploads\/2017\/07\/CIRUGIA-VAGINAL-REVISTA-ZOOM-Kopie.pdf\">(&#8230;)<\/a><\/p><\/blockquote>\n<p>[\/et_pb_text][\/et_pb_column][et_pb_column type=&#8221;1_3&#8243;][et_pb_image src=&#8221;http:\/\/drhamers.de\/drhamers\/wp-content\/uploads\/2017\/07\/ZOOM-2013.jpg&#8221; url=&#8221;http:\/\/drhamers.de\/drhamers\/wp-content\/uploads\/2017\/07\/CIRUGIA-VAGINAL-REVISTA-ZOOM-Kopie.pdf&#8221; animation=&#8221;off&#8221; _builder_version=&#8221;3.0.66&#8243; \/][\/et_pb_column][\/et_pb_row][\/et_pb_section]<\/p>\n","protected":false},"excerpt":{"rendered":"<p>[et_pb_section bb_built=&#8221;1&#8243; fullwidth=&#8221;on&#8221; specialty=&#8221;off&#8221;][et_pb_fullwidth_header _builder_version=&#8221;3.0.66&#8243; title=&#8221;Press and Media Coverage&#8221; background_overlay_color=&#8221;#47aab7&#8243; text_orientation=&#8221;left&#8221; header_fullscreen=&#8221;off&#8221; header_scroll_down=&#8221;off&#8221; image_orientation=&#8221;center&#8221; background_layout=&#8221;dark&#8221; content_orientation=&#8221;center&#8221; custom_button_one=&#8221;off&#8221; button_one_letter_spacing=&#8221;0&#8243; button_one_icon_placement=&#8221;right&#8221; button_one_letter_spacing_hover=&#8221;0&#8243; custom_button_two=&#8221;off&#8221; button_two_letter_spacing=&#8221;0&#8243; button_two_icon_placement=&#8221;right&#8221; button_two_letter_spacing_hover=&#8221;0&#8243; \/][\/et_pb_section][et_pb_section bb_built=&#8221;1&#8243; _builder_version=&#8221;3.0.66&#8243; transparent_background=&#8221;off&#8221; background_color=&#8221;rgba(255,255,255,0.63)&#8221; allow_player_pause=&#8221;off&#8221; inner_shadow=&#8221;off&#8221; parallax=&#8221;off&#8221; parallax_method=&#8221;on&#8221; make_fullwidth=&#8221;off&#8221; use_custom_width=&#8221;off&#8221; width_unit=&#8221;on&#8221; make_equal=&#8221;off&#8221; use_custom_gutter=&#8221;off&#8221;][et_pb_row _builder_version=&#8221;3.0.47&#8243; background_size=&#8221;initial&#8221; background_position=&#8221;top_left&#8221; background_repeat=&#8221;repeat&#8221;][et_pb_column type=&#8221;2_3&#8243;][et_pb_text _builder_version=&#8221;3.0.66&#8243;] Essentials Marbella Magazine, May 2017\u00a0 Dr. Hamers at Cirumed Clinic. Portraying [&hellip;]<\/p>\n","protected":false},"author":3,"featured_media":0,"parent":1228,"menu_order":0,"comment_status":"closed","ping_status":"closed","template":"","meta":{"_et_pb_use_builder":"on","_et_pb_old_content":"","_et_gb_content_width":"","_mi_skip_tracking":false,"cybocfi_hide_featured_image":""},"_links":{"self":[{"href":"https:\/\/drhamers.de\/drhamers\/wp-json\/wp\/v2\/pages\/1507"}],"collection":[{"href":"https:\/\/drhamers.de\/drhamers\/wp-json\/wp\/v2\/pages"}],"about":[{"href":"https:\/\/drhamers.de\/drhamers\/wp-json\/wp\/v2\/types\/page"}],"author":[{"embeddable":true,"href":"https:\/\/drhamers.de\/drhamers\/wp-json\/wp\/v2\/users\/3"}],"replies":[{"embeddable":true,"href":"https:\/\/drhamers.de\/drhamers\/wp-json\/wp\/v2\/comments?post=1507"}],"version-history":[{"count":14,"href":"https:\/\/drhamers.de\/drhamers\/wp-json\/wp\/v2\/pages\/1507\/revisions"}],"predecessor-version":[{"id":26540,"href":"https:\/\/drhamers.de\/drhamers\/wp-json\/wp\/v2\/pages\/1507\/revisions\/26540"}],"up":[{"embeddable":true,"href":"https:\/\/drhamers.de\/drhamers\/wp-json\/wp\/v2\/pages\/1228"}],"wp:attachment":[{"href":"https:\/\/drhamers.de\/drhamers\/wp-json\/wp\/v2\/media?parent=1507"}],"curies":[{"name":"wp","href":"https:\/\/api.w.org\/{rel}","templated":true}]}}