{"id":243,"date":"2017-05-01T13:56:50","date_gmt":"2017-05-01T13:56:50","guid":{"rendered":"http:\/\/drhamers.de\/drhamers\/?page_id=243"},"modified":"2018-02-14T20:59:28","modified_gmt":"2018-02-14T20:59:28","slug":"po","status":"publish","type":"page","link":"https:\/\/drhamers.de\/drhamers\/de\/po\/","title":{"rendered":"Po"},"content":{"rendered":"<p>[et_pb_section bb_built=&#8221;1&#8243; admin_label=&#8221;section&#8221; fullwidth=&#8221;on&#8221; _builder_version=&#8221;3.0.47&#8243; background_image=&#8221;https:\/\/elegantthemesimages.com\/images\/premade\/d2-placeholder-1920.png&#8221;][et_pb_fullwidth_header admin_label=&#8221;Fullwidth Header&#8221; title=&#8221;Pochirurgie&#8221; background_layout=&#8221;dark&#8221; background_overlay_color=&#8221;#46c3ce&#8221; _builder_version=&#8221;3.0.66&#8243; background_color=&#8221;#a3a3a3&#8243;]<\/p>\n<p>Promis wie Kim Kardashian, Beyonc\u00e9 und Jennifer Lopez haben es vorgemacht. Mittlerweile ist die Po-Vergr\u00f6\u00dferung der am schnellsten wachsende \u00e4sthetische Eingriff weltweit. Ob mit Eigenfett allein oder in Kombination mit einem Silikongel Implantat \u2013 mit einer Po-Vergr\u00f6\u00dferung wird nicht nur der Po modelliert, sondern der ganze K\u00f6rper geformt.<\/p>\n<p>[\/et_pb_fullwidth_header][\/et_pb_section][et_pb_section bb_built=&#8221;1&#8243; admin_label=&#8221;section&#8221; _builder_version=&#8221;3.0.47&#8243;][et_pb_row _builder_version=&#8221;3.0.47&#8243; background_size=&#8221;initial&#8221; background_position=&#8221;top_left&#8221; background_repeat=&#8221;repeat&#8221;][et_pb_column type=&#8221;4_4&#8243;][et_pb_jt_filterable_grid filter_all_text=&#8221;Alle&#8221; grid_column_count_tablet=&#8221;2&#8243; grid_item_animation_duration=&#8221;1&#8243; url_new_window=&#8221;off&#8221; grid_item_image_height_tablet=&#8221;250&#8243; _builder_version=&#8221;3.0.66&#8243; filter_font_size_tablet=&#8221;51&#8243; filter_line_height_tablet=&#8221;2&#8243; filter_hover_font_size_tablet=&#8221;51&#8243; filter_active_font_size_tablet=&#8221;51&#8243; grid_item_title_font_size_tablet=&#8221;1em&#8221; grid_item_title_letter_spacing_tablet=&#8221;0px&#8221; grid_item_title_line_height_tablet=&#8221;1em&#8221; global_module=&#8221;25977&#8243; saved_tabs=&#8221;all&#8221; use_filters=&#8221;off&#8221; background_layout=&#8221;light&#8221; use_custom_filter_style=&#8221;off&#8221; grid_item_title_font_size=&#8221;3em&#8221; grid_item_title_letter_spacing=&#8221;3px&#8221; grid_item_title_line_height=&#8221;2em&#8221; sort_grid_items_by=&#8221;manually&#8221; sort_grid_items_order=&#8221;asc&#8221; grid_item_show_title=&#8221;off&#8221; grid_item_title_in_image_container=&#8221;off&#8221; grid_item_flexible_text=&#8221;on&#8221; custom_grid_item_button=&#8221;off&#8221; grid_item_button_letter_spacing=&#8221;0&#8243; grid_item_button_icon_placement=&#8221;right&#8221; grid_item_button_letter_spacing_hover=&#8221;0&#8243; grid_item_border_style=&#8221;solid&#8221; border_style=&#8221;solid&#8221; grid_column_count=&#8221;3&#8243; grid_column_count_phone=&#8221;1&#8243; grid_column_count_last_edited=&#8221;on|phone&#8221;] [et_pb_jt_filterable_grid_item title=&#8221;Brazilian Butt Lift \/ Povergr\u00f6\u00dferung mit Eigenfett&#8221; filter=&#8221;Po, Povergr\u00f6\u00dferung, Brazilian Butt Lift&#8221; generate_items=&#8221;off&#8221; post_types=&#8221;off&#8221; post_type_post=&#8221;category|*&#8221; post_type_project=&#8221;project_category|*&#8221; post_type_bwg_gallery=&#8221;null&#8221; post_type_bwg_album=&#8221;null&#8221; post_type_bwg_tag=&#8221;null&#8221; use_post_title_as_title=&#8221;off&#8221; show_post_title=&#8221;on&#8221; generated_text=&#8221;nothing&#8221; show_terms=&#8221;on&#8221; show_filter_term_only=&#8221;off&#8221; sort_posts=&#8221;default&#8221; sort_order=&#8221;asc&#8221; image=&#8221;http:\/\/drhamers.de\/drhamers\/wp-content\/uploads\/2017\/05\/iStock-451682181_S-400&#215;284.jpg&#8221; url=&#8221;http:\/\/drhamers.de\/drhamers\/?project=248&amp;lang=de&#8221; show_in_lightbox=&#8221;off&#8221; use_background_color_gradient=&#8221;off&#8221; background_color_gradient_start=&#8221;#2b87da&#8221; background_color_gradient_end=&#8221;#29c4a9&#8243; background_color_gradient_type=&#8221;linear&#8221; background_color_gradient_direction=&#8221;180deg&#8221; background_color_gradient_direction_radial=&#8221;center&#8221; background_color_gradient_start_position=&#8221;0%&#8221; background_color_gradient_end_position=&#8221;100%&#8221; parallax=&#8221;off&#8221; parallax_method=&#8221;on&#8221; background_size=&#8221;cover&#8221; background_position=&#8221;center&#8221; background_repeat=&#8221;no-repeat&#8221; background_blend=&#8221;normal&#8221; allow_player_pause=&#8221;off&#8221; title_heading=&#8221;default&#8221; title_alignment=&#8221;default&#8221; background_layout=&#8221;default&#8221; use_image_hover_overlay=&#8221;off&#8221; use_border_color=&#8221;off&#8221; border_style=&#8221;solid&#8221; button_alignment=&#8221;default&#8221; custom_button=&#8221;off&#8221; button_text_size_tablet=&#8221;51&#8243; button_text_size_phone=&#8221;51&#8243; button_letter_spacing_tablet=&#8221;50&#8243; button_letter_spacing_phone=&#8221;50&#8243; button_font_select=&#8221;default&#8221; button_font=&#8221;||||&#8221; button_use_icon=&#8221;default&#8221; button_icon_placement=&#8221;right&#8221; button_on_hover=&#8221;on&#8221; button_letter_spacing_hover_tablet=&#8221;50&#8243; button_letter_spacing_hover_phone=&#8221;50&#8243; show_posts_without_taxonomy=&#8221;off&#8221; overwrite_title_settings=&#8221;off&#8221; grid_item_title_font_select=&#8221;default&#8221; grid_item_title_font=&#8221;||||&#8221;]<\/p>\n<h5><strong>Brazilian Butt Lift \/ Povergr\u00f6\u00dferung mit Eigenfett<\/strong><\/h5>\n<p>[\/et_pb_jt_filterable_grid_item][et_pb_jt_filterable_grid_item title=&#8221;Povergr\u00f6\u00dferung mit Implantat und Eigenfett&#8221; filter=&#8221;Po, Povergr\u00f6\u00dferung, Brazilian Butt Lift&#8221; generate_items=&#8221;off&#8221; post_types=&#8221;off&#8221; post_type_post=&#8221;category|*&#8221; post_type_project=&#8221;project_category|*&#8221; post_type_bwg_gallery=&#8221;null&#8221; post_type_bwg_album=&#8221;null&#8221; post_type_bwg_tag=&#8221;null&#8221; use_post_title_as_title=&#8221;off&#8221; show_post_title=&#8221;on&#8221; generated_text=&#8221;nothing&#8221; show_terms=&#8221;on&#8221; show_filter_term_only=&#8221;off&#8221; sort_posts=&#8221;default&#8221; sort_order=&#8221;asc&#8221; image=&#8221;http:\/\/drhamers.de\/drhamers\/wp-content\/uploads\/2017\/05\/iStock-154414725_S-400&#215;284.jpg&#8221; url=&#8221;http:\/\/drhamers.de\/drhamers\/?project=povergroesserung-mit-silikonimplantaten-und-eigenfett&amp;lang=de&#8221; show_in_lightbox=&#8221;off&#8221; use_background_color_gradient=&#8221;off&#8221; background_color_gradient_start=&#8221;#2b87da&#8221; background_color_gradient_end=&#8221;#29c4a9&#8243; background_color_gradient_type=&#8221;linear&#8221; background_color_gradient_direction=&#8221;180deg&#8221; background_color_gradient_direction_radial=&#8221;center&#8221; background_color_gradient_start_position=&#8221;0%&#8221; background_color_gradient_end_position=&#8221;100%&#8221; parallax=&#8221;off&#8221; parallax_method=&#8221;on&#8221; background_size=&#8221;cover&#8221; background_position=&#8221;center&#8221; background_repeat=&#8221;no-repeat&#8221; background_blend=&#8221;normal&#8221; allow_player_pause=&#8221;off&#8221; title_heading=&#8221;default&#8221; title_alignment=&#8221;default&#8221; background_layout=&#8221;default&#8221; use_image_hover_overlay=&#8221;off&#8221; use_border_color=&#8221;off&#8221; border_style=&#8221;solid&#8221; button_alignment=&#8221;default&#8221; custom_button=&#8221;off&#8221; button_text_size_tablet=&#8221;51&#8243; button_text_size_phone=&#8221;51&#8243; button_letter_spacing_tablet=&#8221;50&#8243; button_letter_spacing_phone=&#8221;50&#8243; button_font_select=&#8221;default&#8221; button_font=&#8221;||||&#8221; button_use_icon=&#8221;default&#8221; button_icon_placement=&#8221;right&#8221; button_on_hover=&#8221;on&#8221; button_letter_spacing_hover_tablet=&#8221;50&#8243; button_letter_spacing_hover_phone=&#8221;50&#8243; show_posts_without_taxonomy=&#8221;off&#8221; overwrite_title_settings=&#8221;off&#8221; grid_item_title_font_select=&#8221;default&#8221; grid_item_title_font=&#8221;||||&#8221;]<\/p>\n<h5><strong>Povergr\u00f6\u00dferung mit Implantat und Eigenfett<\/strong><\/h5>\n<p>[\/et_pb_jt_filterable_grid_item] [\/et_pb_jt_filterable_grid][\/et_pb_column][\/et_pb_row][\/et_pb_section][et_pb_section bb_built=&#8221;1&#8243; _builder_version=&#8221;3.0.47&#8243;][et_pb_row _builder_version=&#8221;3.0.47&#8243; background_size=&#8221;initial&#8221; background_position=&#8221;top_left&#8221; background_repeat=&#8221;repeat&#8221;][et_pb_column type=&#8221;1_2&#8243;][et_pb_code _builder_version=&#8221;3.0.66&#8243;]&lt;iframe src=&#8221;https:\/\/player.vimeo.com\/video\/234873708&#8243; width=&#8221;640&#8243; height=&#8221;360&#8243; frameborder=&#8221;0&#8243; webkitallowfullscreen mozallowfullscreen allowfullscreen&gt;&lt;\/iframe&gt;[\/et_pb_code][\/et_pb_column][et_pb_column type=&#8221;1_2&#8243;][et_pb_image src=&#8221;http:\/\/drhamers.de\/drhamers\/wp-content\/uploads\/2017\/08\/iStock-528495856-s.jpg&#8221; animation=&#8221;off&#8221; align=&#8221;center&#8221; force_fullwidth=&#8221;on&#8221; _builder_version=&#8221;3.0.66&#8243; \/][\/et_pb_column][\/et_pb_row][\/et_pb_section][et_pb_section bb_built=&#8221;1&#8243; admin_label=&#8221;section&#8221; background_color=&#8221;#f7f7f7&#8243; inner_shadow=&#8221;on&#8221; _builder_version=&#8221;3.0.47&#8243;][et_pb_row admin_label=&#8221;row&#8221; make_fullwidth=&#8221;on&#8221; parallax_method_1=&#8221;off&#8221; _builder_version=&#8221;3.0.47&#8243; background_size=&#8221;initial&#8221; background_position=&#8221;top_left&#8221; background_repeat=&#8221;repeat&#8221;][et_pb_column type=&#8221;4_4&#8243;][et_pb_cta admin_label=&#8221;Call To Action&#8221; title=&#8221;Sie wollen mehr wissen?&#8221; button_url=&#8221;http:\/\/drhamers.de\/drhamers\/?page_id=258&amp;lang=de&#8221; button_text=&#8221;Vereinbaren Sie noch heute einen Termin.&#8221; use_background_color=&#8221;off&#8221; background_layout=&#8221;light&#8221; _builder_version=&#8221;3.0.66&#8243; background_size=&#8221;initial&#8221; background_position=&#8221;top_left&#8221; background_repeat=&#8221;repeat&#8221; url_new_window=&#8221;off&#8221; border_style=&#8221;solid&#8221; custom_button=&#8221;off&#8221; button_letter_spacing=&#8221;0&#8243; button_icon_placement=&#8221;right&#8221; button_letter_spacing_hover=&#8221;0&#8243; \/][\/et_pb_column][\/et_pb_row][\/et_pb_section]<\/p>\n","protected":false},"excerpt":{"rendered":"<p>[et_pb_section bb_built=&#8221;1&#8243; admin_label=&#8221;section&#8221; fullwidth=&#8221;on&#8221; _builder_version=&#8221;3.0.47&#8243; background_image=&#8221;https:\/\/elegantthemesimages.com\/images\/premade\/d2-placeholder-1920.png&#8221;][et_pb_fullwidth_header admin_label=&#8221;Fullwidth Header&#8221; title=&#8221;Pochirurgie&#8221; background_layout=&#8221;dark&#8221; background_overlay_color=&#8221;#46c3ce&#8221; _builder_version=&#8221;3.0.66&#8243; background_color=&#8221;#a3a3a3&#8243;] Promis wie Kim Kardashian, Beyonc\u00e9 und Jennifer Lopez haben es vorgemacht. Mittlerweile ist die Po-Vergr\u00f6\u00dferung der am schnellsten wachsende \u00e4sthetische Eingriff weltweit. Ob mit Eigenfett allein oder in Kombination mit einem Silikongel Implantat \u2013 mit einer Po-Vergr\u00f6\u00dferung wird nicht nur der Po [&hellip;]<\/p>\n","protected":false},"author":1,"featured_media":0,"parent":0,"menu_order":0,"comment_status":"closed","ping_status":"closed","template":"","meta":{"_et_pb_use_builder":"on","_et_pb_old_content":"","_et_gb_content_width":"","_mi_skip_tracking":false,"cybocfi_hide_featured_image":""},"_links":{"self":[{"href":"https:\/\/drhamers.de\/drhamers\/wp-json\/wp\/v2\/pages\/243"}],"collection":[{"href":"https:\/\/drhamers.de\/drhamers\/wp-json\/wp\/v2\/pages"}],"about":[{"href":"https:\/\/drhamers.de\/drhamers\/wp-json\/wp\/v2\/types\/page"}],"author":[{"embeddable":true,"href":"https:\/\/drhamers.de\/drhamers\/wp-json\/wp\/v2\/users\/1"}],"replies":[{"embeddable":true,"href":"https:\/\/drhamers.de\/drhamers\/wp-json\/wp\/v2\/comments?post=243"}],"version-history":[{"count":27,"href":"https:\/\/drhamers.de\/drhamers\/wp-json\/wp\/v2\/pages\/243\/revisions"}],"predecessor-version":[{"id":26660,"href":"https:\/\/drhamers.de\/drhamers\/wp-json\/wp\/v2\/pages\/243\/revisions\/26660"}],"wp:attachment":[{"href":"https:\/\/drhamers.de\/drhamers\/wp-json\/wp\/v2\/media?parent=243"}],"curies":[{"name":"wp","href":"https:\/\/api.w.org\/{rel}","templated":true}]}}