{"id":25012,"date":"2017-09-08T13:19:47","date_gmt":"2017-09-08T13:19:47","guid":{"rendered":"http:\/\/drhamers.de\/drhamers\/?page_id=25012"},"modified":"2018-10-15T08:43:08","modified_gmt":"2018-10-15T08:43:08","slug":"conferencias-y-publicaciones","status":"publish","type":"page","link":"https:\/\/drhamers.de\/drhamers\/es\/conferencias-y-publicaciones\/","title":{"rendered":"Conferencias y Publicaciones"},"content":{"rendered":"<p>[et_pb_section fb_built=&#8221;1&#8243; fullwidth=&#8221;on&#8221; _builder_version=&#8221;3.0.47&#8243;][et_pb_fullwidth_header title=&#8221;Conferencias y Publicaciones&#8221; subhead=&#8221;Un resumen sobre los congresos internacionales, talleres de expertos y cursos de v\u00eddeo.&#8221; background_layout=&#8221;dark&#8221; background_overlay_color=&#8221;#47aab7&#8243; _builder_version=&#8221;3.0.66&#8243;][\/et_pb_fullwidth_header][\/et_pb_section][et_pb_section fb_built=&#8221;1&#8243; background_color=&#8221;rgba(255,255,255,0.73)&#8221; _builder_version=&#8221;3.0.66&#8243;][et_pb_row _builder_version=&#8221;3.0.47&#8243; background_size=&#8221;initial&#8221; background_position=&#8221;top_left&#8221; background_repeat=&#8221;repeat&#8221;][et_pb_column type=&#8221;2_3&#8243; _builder_version=&#8221;3.0.47&#8243; parallax=&#8221;off&#8221; parallax_method=&#8221;on&#8221;][et_pb_text _builder_version=&#8221;3.0.66&#8243;]<\/p>\n<h4><strong>Septiembre 2018<\/strong><\/h4>\n<h4><strong>Congreso anual de la Deutsche Gesellschaft der Plastischen, Rekonstruktiven und &Auml;stehtischen Chirurgen (DGPR&Auml;C), Bochum<\/strong><\/h4>\n<h5><i>DGPR&Auml;C, la sociedad alemana&nbsp;<\/i><i>es dedicado a la Cirug&iacute;a Plastica, Reconstructiva y&nbsp;Est&eacute;tica&nbsp;<\/i><\/h5>\n<ul>\n<li>\n<h5>Ponencia: Combination of Labioplastia and Fat Grafting for Vaginal Rejuvenation Surgery<\/h5>\n<\/li>\n<\/ul>\n<p>[\/et_pb_text][\/et_pb_column][et_pb_column type=&#8221;1_3&#8243; _builder_version=&#8221;3.0.47&#8243; parallax=&#8221;off&#8221; parallax_method=&#8221;on&#8221;][\/et_pb_column][\/et_pb_row][et_pb_row _builder_version=&#8221;3.0.47&#8243; background_size=&#8221;initial&#8221; background_position=&#8221;top_left&#8221; background_repeat=&#8221;repeat&#8221;][et_pb_column type=&#8221;2_3&#8243; _builder_version=&#8221;3.0.47&#8243; parallax=&#8221;off&#8221; parallax_method=&#8221;on&#8221;][et_pb_text _builder_version=&#8221;3.0.66&#8243;]<\/p>\n<h4><strong>Septiembre 2018<\/strong><\/h4>\n<h4><strong>ISRAIT&nbsp;<\/strong><strong>Working Circle \/&nbsp;<\/strong><strong>5-Continent-Congress Barcelona<\/strong><\/h4>\n<h5><i>ISRAIT, la sociedad international y&nbsp;interdisciplinaria&nbsp;para tratamientos&nbsp;&iacute;ntimos&nbsp;<\/i><i>es dedicado a la Cirug&iacute;a Pl&aacute;stica,&nbsp;Ginecolog&iacute;a y la Dermatolog&iacute;a. Dr. Hamers es miembro fundador y&nbsp;<\/i><i>Executive Board Coordinator.<\/i><\/h5>\n<ul>\n<li>\n<h5>Ponencia: Brazilian Butt Lift &#8211; Large Volume Fat Grafting EVL<\/h5>\n<\/li>\n<\/ul>\n<p>[\/et_pb_text][\/et_pb_column][et_pb_column type=&#8221;1_3&#8243; _builder_version=&#8221;3.0.47&#8243; parallax=&#8221;off&#8221; parallax_method=&#8221;on&#8221;][et_pb_image src=&#8221;http:\/\/drhamers.de\/drhamers\/wp-content\/uploads\/2018\/10\/10189405-0547-Large.jpg&#8221; animation=&#8221;off&#8221; _builder_version=&#8221;3.0.66&#8243;][\/et_pb_image][\/et_pb_column][\/et_pb_row][et_pb_row _builder_version=&#8221;3.0.47&#8243; background_size=&#8221;initial&#8221; background_position=&#8221;top_left&#8221; background_repeat=&#8221;repeat&#8221;][et_pb_column type=&#8221;2_3&#8243; _builder_version=&#8221;3.0.47&#8243; parallax=&#8221;off&#8221; parallax_method=&#8221;on&#8221;][et_pb_text _builder_version=&#8221;3.0.66&#8243;]<\/p>\n<h4><strong>Julio 2018<\/strong><\/h4>\n<h4><strong>IMCAS ASIA (International Master Course of Aging Science), Bangkok<\/strong><\/h4>\n<h5><em>IMCAS, el congreso international, es dedicado a \u00a0la Cirug\u00eda Pl\u00e1stica y Reconstructiva\u00a0y la Dermatolog\u00eda, creando as\u00ed una interfaz sinerg\u00e9tica y mutuamente reforzada entre ambas especialidades.<\/em><\/h5>\n<ul>\n<li>\n<h5>Ponencia: Reconstruction of Tuberous Breast Deformity: A Combination of EVL Fat Grafting and Implants<\/h5>\n<\/li>\n<li>\n<h5>Ponencia: Buttock Implants and EVL-Supergrafting: The Value of Composite Surgery in Aesthetic Buttock Surgery<\/h5>\n<\/li>\n<\/ul>\n<p>[\/et_pb_text][\/et_pb_column][et_pb_column type=&#8221;1_3&#8243; _builder_version=&#8221;3.0.47&#8243; parallax=&#8221;off&#8221; parallax_method=&#8221;on&#8221;][et_pb_image src=&#8221;http:\/\/drhamers.de\/drhamers\/wp-content\/uploads\/2018\/08\/IMCAS-Asia-2018.jpg&#8221; animation=&#8221;off&#8221; _builder_version=&#8221;3.0.66&#8243;][\/et_pb_image][\/et_pb_column][\/et_pb_row][et_pb_row _builder_version=&#8221;3.0.47&#8243; background_size=&#8221;initial&#8221; background_position=&#8221;top_left&#8221; background_repeat=&#8221;repeat&#8221;][et_pb_column type=&#8221;2_3&#8243; _builder_version=&#8221;3.0.47&#8243; parallax=&#8221;off&#8221; parallax_method=&#8221;on&#8221;][et_pb_text _builder_version=&#8221;3.0.66&#8243;]<\/p>\n<h4><strong>Abril 2018<\/strong><\/h4>\n<h4><strong>Congreso anual de la Deutschen Gesellschaft f\u00fcr \u00c4sthetische und Rekonstruktion Intimchirurgie (GAERID), M\u00fanich<\/strong><\/h4>\n<p>\u00a0<\/p>\n<ul>\n<li>\n<h5>Curso de Operaci\u00f3n: Brazilian Butt Lift &#8211; c\u00f3mo mantenerse seguro?<\/h5>\n<\/li>\n<\/ul>\n<p>[\/et_pb_text][\/et_pb_column][et_pb_column type=&#8221;1_3&#8243; _builder_version=&#8221;3.0.47&#8243; parallax=&#8221;off&#8221; parallax_method=&#8221;on&#8221;][et_pb_image src=&#8221;http:\/\/drhamers.de\/drhamers\/wp-content\/uploads\/2018\/05\/GAERID-2018_Hamers-1.jpg&#8221; animation=&#8221;off&#8221; _builder_version=&#8221;3.0.66&#8243;][\/et_pb_image][\/et_pb_column][\/et_pb_row][et_pb_row _builder_version=&#8221;3.0.47&#8243; background_size=&#8221;initial&#8221; background_position=&#8221;top_left&#8221; background_repeat=&#8221;repeat&#8221;][et_pb_column type=&#8221;2_3&#8243; _builder_version=&#8221;3.0.47&#8243; parallax=&#8221;off&#8221; parallax_method=&#8221;on&#8221;][et_pb_text _builder_version=&#8221;3.0.66&#8243;]<\/p>\n<h4><strong>Enero 2018<\/strong><\/h4>\n<h4><strong>IMCAS World Congress (International Master Course of Aging Science), Paris<\/strong><\/h4>\n<h5><em>IMCAS, el congreso international, es dedicado a \u00a0la Cirug\u00eda Pl\u00e1stica y Reconstructiva\u00a0y la Dermatolog\u00eda, creando as\u00ed una interfaz sinerg\u00e9tica y mutuamente reforzada entre ambas especialidades.<\/em><\/h5>\n<ul>\n<li>\n<h5>Ponencia: Reconstruction of Tuberous Breast Deformity: A Combination of EVL Fat Grafting and Implants<\/h5>\n<\/li>\n<\/ul>\n<p>[\/et_pb_text][\/et_pb_column][et_pb_column type=&#8221;1_3&#8243; _builder_version=&#8221;3.0.47&#8243; parallax=&#8221;off&#8221; parallax_method=&#8221;on&#8221;][et_pb_image src=&#8221;http:\/\/drhamers.de\/drhamers\/wp-content\/uploads\/2018\/05\/IMCAS_Paris-18.jpg&#8221; animation=&#8221;off&#8221; _builder_version=&#8221;3.0.66&#8243;][\/et_pb_image][\/et_pb_column][\/et_pb_row][et_pb_row _builder_version=&#8221;3.0.47&#8243; background_size=&#8221;initial&#8221; background_position=&#8221;top_left&#8221; background_repeat=&#8221;repeat&#8221;][et_pb_column type=&#8221;2_3&#8243; _builder_version=&#8221;3.0.47&#8243; parallax=&#8221;off&#8221; parallax_method=&#8221;on&#8221;][et_pb_text _builder_version=&#8221;3.0.66&#8243;]<\/p>\n<h4><strong>Mayo 2017<\/strong><\/h4>\n<h4><strong>5th Live Surgery Course Marbella\/ M\u00e1laga, CIRUMED, M\u00e1laga<\/strong><\/h4>\n<h5><em>Curso con 65 participantes internacionales, 8 cirug\u00edas en vivo, conferencias y intercambio de experiencias<\/em><\/h5>\n<ul>\n<li>\n<h5>Ponencia: BBL and Aftercare<\/h5>\n<\/li>\n<li>\n<h5>Ponencia: Supercharged Mastopexy<\/h5>\n<\/li>\n<li>\n<h5>Cirug\u00eda en vivo &#038;\u00a0Moderaci\u00f3n<\/h5>\n<\/li>\n<\/ul>\n<p>[\/et_pb_text][\/et_pb_column][et_pb_column type=&#8221;1_3&#8243; _builder_version=&#8221;3.0.47&#8243; parallax=&#8221;off&#8221; parallax_method=&#8221;on&#8221;][et_pb_image src=&#8221;http:\/\/drhamers.de\/drhamers\/wp-content\/uploads\/2017\/09\/6_Alex-e1510412043984.jpg&#8221; animation=&#8221;off&#8221; _builder_version=&#8221;3.0.66&#8243;][\/et_pb_image][et_pb_code _builder_version=&#8221;3.0.66&#8243;]&lt;iframe src=&quot;https:\/\/player.vimeo.com\/video\/234897806&quot; width=&quot;640&quot; height=&quot;468&quot; frameborder=&quot;0&quot; webkitallowfullscreen mozallowfullscreen allowfullscreen&gt;&lt;\/iframe&gt;[\/et_pb_code][\/et_pb_column][\/et_pb_row][et_pb_row _builder_version=&#8221;3.0.47&#8243; background_size=&#8221;initial&#8221; background_position=&#8221;top_left&#8221; background_repeat=&#8221;repeat&#8221;][et_pb_column type=&#8221;2_3&#8243; _builder_version=&#8221;3.0.47&#8243; parallax=&#8221;off&#8221; parallax_method=&#8221;on&#8221;][et_pb_text _builder_version=&#8221;3.0.66&#8243;]<\/p>\n<h4><strong>Abril 2017<\/strong><\/h4>\n<h4><strong>Congreso anual de la Deutschen Gesellschaft f\u00fcr \u00c4sthetische und Rekonstruktion Intimchirurgie (GAERID), M\u00fanich<\/strong><\/h4>\n<p>\u00a0<\/p>\n<ul>\n<li>\n<h5>Curso de Operaci\u00f3n: Po-Vergr\u00f6\u00dferung als Kombination von Silikonimplantat und Eigenfett<\/h5>\n<\/li>\n<\/ul>\n<p>[\/et_pb_text][\/et_pb_column][et_pb_column type=&#8221;1_3&#8243; _builder_version=&#8221;3.0.47&#8243; parallax=&#8221;off&#8221; parallax_method=&#8221;on&#8221;][et_pb_image src=&#8221;http:\/\/drhamers.de\/drhamers\/wp-content\/uploads\/2017\/05\/GAERID-2017_1-bearb-.jpg&#8221; animation=&#8221;off&#8221; _builder_version=&#8221;3.0.66&#8243;][\/et_pb_image][\/et_pb_column][\/et_pb_row][et_pb_row _builder_version=&#8221;3.0.47&#8243; background_size=&#8221;initial&#8221; background_position=&#8221;top_left&#8221; background_repeat=&#8221;repeat&#8221;][et_pb_column type=&#8221;2_3&#8243; _builder_version=&#8221;3.0.47&#8243; parallax=&#8221;off&#8221; parallax_method=&#8221;on&#8221;][et_pb_text _builder_version=&#8221;3.0.66&#8243;]<\/p>\n<h4><strong>Marzo 2017<\/strong><\/h4>\n<h4><strong>IMCAS AMERICAS (International Master Course of Aging Science), Canc\u00fan (M\u00e9xico)<\/strong><\/h4>\n<h5><em>IMCAS, el congreso international, es dedicado a \u00a0la Cirug\u00eda Pl\u00e1stica y Reconstructiva\u00a0y la Dermatolog\u00eda, creando as\u00ed una interfaz sinerg\u00e9tica y mutuamente reforzada entre ambas especialidades.<\/em><\/h5>\n<ul>\n<li>\n<h5>Ponencia: Reconstruction of Tuberous Breast Deformity: Combination of Fat Grafting and Implants<\/h5>\n<\/li>\n<li>\n<h5>Ponencia: Advances in Scar Sparing Supercharged Augmentation Mastopexy<\/h5>\n<\/li>\n<li>\n<h5>Ponencia: Combination of Labioplastia And Fat Grafting for Vaginal Rejuvenation Surgery<\/h5>\n<\/li>\n<\/ul>\n<p>[\/et_pb_text][\/et_pb_column][et_pb_column type=&#8221;1_3&#8243; _builder_version=&#8221;3.0.47&#8243; parallax=&#8221;off&#8221; parallax_method=&#8221;on&#8221;][et_pb_image src=&#8221;http:\/\/drhamers.de\/drhamers\/wp-content\/uploads\/2017\/06\/IMCAS-CANCUN.jpg&#8221; animation=&#8221;off&#8221; _builder_version=&#8221;3.0.66&#8243;][\/et_pb_image][et_pb_code _builder_version=&#8221;3.0.66&#8243;]&lt;iframe src=&quot;https:\/\/player.vimeo.com\/video\/224033268&quot; width=&quot;640&quot; height=&quot;360&quot; frameborder=&quot;0&quot; webkitallowfullscreen mozallowfullscreen allowfullscreen&gt;&lt;\/iframe&gt;[\/et_pb_code][\/et_pb_column][\/et_pb_row][et_pb_row _builder_version=&#8221;3.0.47&#8243; background_size=&#8221;initial&#8221; background_position=&#8221;top_left&#8221; background_repeat=&#8221;repeat&#8221;][et_pb_column type=&#8221;2_3&#8243; _builder_version=&#8221;3.0.47&#8243; parallax=&#8221;off&#8221; parallax_method=&#8221;on&#8221;][et_pb_text _builder_version=&#8221;3.0.66&#8243;]<\/p>\n<h4><strong>Junio 2016<\/strong><\/h4>\n<h4><strong>1st Marbella International Plastic Summer School (MIPSS), Marbella<\/strong><\/h4>\n<p>\u00a0<\/p>\n<ul>\n<li>\n<h5>Ponencia: Optimizing Results<\/h5>\n<\/li>\n<li>\n<h5>Ponencia: Scar Sparing Supercharged Mastopexy<\/h5>\n<\/li>\n<\/ul>\n<p>[\/et_pb_text][\/et_pb_column][et_pb_column type=&#8221;1_3&#8243; _builder_version=&#8221;3.0.47&#8243; parallax=&#8221;off&#8221; parallax_method=&#8221;on&#8221;][et_pb_image src=&#8221;http:\/\/drhamers.de\/drhamers\/wp-content\/uploads\/2017\/06\/MIPS-2016.jpg&#8221; animation=&#8221;off&#8221; _builder_version=&#8221;3.0.66&#8243;][\/et_pb_image][\/et_pb_column][\/et_pb_row][et_pb_row _builder_version=&#8221;3.0.47&#8243; background_size=&#8221;initial&#8221; background_position=&#8221;top_left&#8221; background_repeat=&#8221;repeat&#8221;][et_pb_column type=&#8221;2_3&#8243; _builder_version=&#8221;3.0.47&#8243; parallax=&#8221;off&#8221; parallax_method=&#8221;on&#8221;][et_pb_text _builder_version=&#8221;3.0.66&#8243;]<\/p>\n<h4><strong>Octubre 2015<\/strong><\/h4>\n<h4><strong>2nd International Video Symposium (IVS) in Plastic Surgery, Berlin<\/strong><\/h4>\n<p>\u00a0<\/p>\n<ul>\n<li>\n<h5>Video-Ponencia: Implants and supergrafting \u2013 the value of composite surgery in aesthetic buttock surgery<\/h5>\n<\/li>\n<\/ul>\n<ul>\n<li>\n<h5>Video-Ponencia: Scar sparing supercharged augmentation mastopexy<\/h5>\n<\/li>\n<\/ul>\n<p>[\/et_pb_text][\/et_pb_column][et_pb_column type=&#8221;1_3&#8243; _builder_version=&#8221;3.0.47&#8243; parallax=&#8221;off&#8221; parallax_method=&#8221;on&#8221;][et_pb_code _builder_version=&#8221;3.0.66&#8243;]&lt;iframe src=&quot;https:\/\/player.vimeo.com\/video\/227301659&quot; width=&quot;640&quot; height=&quot;360&quot; frameborder=&quot;0&quot; webkitallowfullscreen mozallowfullscreen allowfullscreen&gt;&lt;\/iframe&gt;[\/et_pb_code][\/et_pb_column][\/et_pb_row][et_pb_row _builder_version=&#8221;3.0.47&#8243; background_size=&#8221;initial&#8221; background_position=&#8221;top_left&#8221; background_repeat=&#8221;repeat&#8221;][et_pb_column type=&#8221;2_3&#8243; _builder_version=&#8221;3.0.47&#8243; parallax=&#8221;off&#8221; parallax_method=&#8221;on&#8221;][et_pb_text _builder_version=&#8221;3.0.66&#8243;]<\/p>\n<h4><strong>Julio 2015<\/strong><\/h4>\n<h4><strong>IMCAS ASIA \u00a0(International Mastercourse of Aging Science), Bali (Indonesia)<\/strong><\/h4>\n<h5><em>IMCAS, el congreso international, es dedicado a \u00a0la Cirug\u00eda Pl\u00e1stica y Reconstructiva\u00a0y la Dermatolog\u00eda, creando as\u00ed una interfaz sinerg\u00e9tica y mutuamente reforzada entre ambas especialidades.<\/em><\/h5>\n<ul>\n<li>\n<h5>Ponencia: Scar Sparing Supercharged Augmentation Mastopexy<\/h5>\n<\/li>\n<li>\n<h5>Ponencia: Fat Grafting for Vaginal Rejuvenation Surgery<\/h5>\n<\/li>\n<li>\n<h5>Ponencia: Implants and Supergrafting \u2013 The Value of Composite Surgery in Aesthetic Buttock Surgery<\/h5>\n<\/li>\n<\/ul>\n<p>[\/et_pb_text][\/et_pb_column][et_pb_column type=&#8221;1_3&#8243; _builder_version=&#8221;3.0.47&#8243; parallax=&#8221;off&#8221; parallax_method=&#8221;on&#8221;][et_pb_image src=&#8221;http:\/\/drhamers.de\/drhamers\/wp-content\/uploads\/2017\/06\/IMCAS-ASIA-BALI-2015.jpg&#8221; animation=&#8221;off&#8221; _builder_version=&#8221;3.0.66&#8243;][\/et_pb_image][\/et_pb_column][\/et_pb_row][et_pb_row _builder_version=&#8221;3.0.47&#8243; background_size=&#8221;initial&#8221; background_position=&#8221;top_left&#8221; background_repeat=&#8221;repeat&#8221;][et_pb_column type=&#8221;2_3&#8243; _builder_version=&#8221;3.0.47&#8243; parallax=&#8221;off&#8221; parallax_method=&#8221;on&#8221;][et_pb_text _builder_version=&#8221;3.0.66&#8243;]<\/p>\n<h4><strong>Marzo 2015<\/strong><\/h4>\n<h4><strong>Barcelona Breast Meeting\u00a0<\/strong><\/h4>\n<h5><i>Barcelona Breast Meeting (BBM) est\u00e1\u00a0especializado en cirug\u00eda oncol\u00f3gica de mama, cirug\u00eda reconstructiva mamaria y cirug\u00eda est\u00e9tica de mama.<\/i><\/h5>\n<ul>\n<li>\n<h5>Ponencia: Scar sparing supercharged augmentation mastopexy<\/h5>\n<\/li>\n<\/ul>\n<p>[\/et_pb_text][\/et_pb_column][et_pb_column type=&#8221;1_3&#8243; _builder_version=&#8221;3.0.47&#8243; parallax=&#8221;off&#8221; parallax_method=&#8221;on&#8221;][et_pb_image src=&#8221;http:\/\/drhamers.de\/drhamers\/wp-content\/uploads\/2017\/09\/BBM_2015.jpg&#8221; animation=&#8221;off&#8221; _builder_version=&#8221;3.0.66&#8243;][\/et_pb_image][\/et_pb_column][\/et_pb_row][et_pb_row _builder_version=&#8221;3.0.47&#8243; background_size=&#8221;initial&#8221; background_position=&#8221;top_left&#8221; background_repeat=&#8221;repeat&#8221;][et_pb_column type=&#8221;2_3&#8243; _builder_version=&#8221;3.0.47&#8243; parallax=&#8221;off&#8221; parallax_method=&#8221;on&#8221;][et_pb_text _builder_version=&#8221;3.0.66&#8243;]<\/p>\n<h4><strong>Enero 2015<\/strong><\/h4>\n<h4><strong><a href=\"http:\/\/drhamers.de\/drhamers\/wp-content\/uploads\/2017\/05\/Artikel-FACE-Dr.-Hamers.pdf\">Dr. Hamers et al. (2015): Wasserstrahl-assistierte Lipokonturierung (WAL) der Glutealregion: Technik und Langzeitergebnisse. In: FACE, 1\/2015.<\/a><\/strong><\/h4>\n<p>[\/et_pb_text][\/et_pb_column][et_pb_column type=&#8221;1_3&#8243; _builder_version=&#8221;3.0.47&#8243; parallax=&#8221;off&#8221; parallax_method=&#8221;on&#8221;][\/et_pb_column][\/et_pb_row][et_pb_row _builder_version=&#8221;3.0.47&#8243; background_size=&#8221;initial&#8221; background_position=&#8221;top_left&#8221; background_repeat=&#8221;repeat&#8221;][et_pb_column type=&#8221;2_3&#8243; _builder_version=&#8221;3.0.47&#8243; parallax=&#8221;off&#8221; parallax_method=&#8221;on&#8221;][et_pb_text _builder_version=&#8221;3.0.66&#8243;]<\/p>\n<h4><strong>Noviembre 2014<\/strong><\/h4>\n<h4><strong>International Video Symposium (IVS) in Plastic Surgery, Hamburgo<\/strong><\/h4>\n<p>\u00a0<\/p>\n<ul>\n<li>\n<h5>Video-Ponencia: Water jetstream liposuction for fat harvesting in large volume fat grafting to the buttocks<\/h5>\n<\/li>\n<\/ul>\n<p>[\/et_pb_text][\/et_pb_column][et_pb_column type=&#8221;1_3&#8243; _builder_version=&#8221;3.0.47&#8243; parallax=&#8221;off&#8221; parallax_method=&#8221;on&#8221;][et_pb_code _builder_version=&#8221;3.0.66&#8243;]&lt;iframe src=&quot;https:\/\/player.vimeo.com\/video\/227302855&quot; width=&quot;640&quot; height=&quot;360&quot; frameborder=&quot;0&quot; webkitallowfullscreen mozallowfullscreen allowfullscreen&gt;&lt;\/iframe&gt;[\/et_pb_code][\/et_pb_column][\/et_pb_row][et_pb_row _builder_version=&#8221;3.0.47&#8243; background_size=&#8221;initial&#8221; background_position=&#8221;top_left&#8221; background_repeat=&#8221;repeat&#8221;][et_pb_column type=&#8221;2_3&#8243; _builder_version=&#8221;3.0.47&#8243; parallax=&#8221;off&#8221; parallax_method=&#8221;on&#8221;][et_pb_text _builder_version=&#8221;3.0.66&#8243;]<\/p>\n<h4><strong>Octubre 2014<\/strong><\/h4>\n<h4><strong>Congreso anual de la Deutschen Gesellschaft f\u00fcr \u00c4sthetische Chirurgie (G\u00c4CD), Colonia<\/strong><\/h4>\n<p>\u00a0<\/p>\n<ul>\n<li>\n<h5>Ponencia: Die \u00e4sthetische Formung des Ges\u00e4\u00dfes mittels Eigenfettransfers und wasserstrahlassistierter Liposuktion<\/h5>\n<\/li>\n<\/ul>\n<p>[\/et_pb_text][\/et_pb_column][et_pb_column type=&#8221;1_3&#8243; _builder_version=&#8221;3.0.47&#8243; parallax=&#8221;off&#8221; parallax_method=&#8221;on&#8221;][et_pb_image src=&#8221;http:\/\/drhamers.de\/drhamers\/wp-content\/uploads\/2017\/05\/4_1024.jpg&#8221; animation=&#8221;off&#8221; _builder_version=&#8221;3.0.66&#8243;][\/et_pb_image][\/et_pb_column][\/et_pb_row][et_pb_row _builder_version=&#8221;3.0.47&#8243; background_size=&#8221;initial&#8221; background_position=&#8221;top_left&#8221; background_repeat=&#8221;repeat&#8221;][et_pb_column type=&#8221;2_3&#8243; _builder_version=&#8221;3.0.47&#8243; parallax=&#8221;off&#8221; parallax_method=&#8221;on&#8221;][et_pb_text _builder_version=&#8221;3.0.66&#8243;]<\/p>\n<h4><strong>Abril 2014<\/strong><\/h4>\n<h4><strong>Congreso anual de la\u00a0Deutschen Gesellschaft f\u00fcr \u00c4sthetische und Rekonstruktive Intimchirurgie (GAERID), Leipzig (Alemania)<\/strong><\/h4>\n<p>\u00a0<\/p>\n<ul>\n<li>\n<h5>Ponencia: BodyJet liposuction for optimized results in buttock fat grafting<\/h5>\n<\/li>\n<\/ul>\n<p>[\/et_pb_text][\/et_pb_column][et_pb_column type=&#8221;1_3&#8243; _builder_version=&#8221;3.0.47&#8243; parallax=&#8221;off&#8221; parallax_method=&#8221;on&#8221;][\/et_pb_column][\/et_pb_row][et_pb_row _builder_version=&#8221;3.0.47&#8243; background_size=&#8221;initial&#8221; background_position=&#8221;top_left&#8221; background_repeat=&#8221;repeat&#8221;][et_pb_column type=&#8221;2_3&#8243; _builder_version=&#8221;3.0.47&#8243; parallax=&#8221;off&#8221; parallax_method=&#8221;on&#8221;][et_pb_text _builder_version=&#8221;3.0.66&#8243;]<\/p>\n<h4><strong>Julio 2014<\/strong><\/h4>\n<h4><strong>IMCAS ASIA \u00a0(International Master Course of Aging Science), Hong Kong (China)<\/strong><\/h4>\n<h5><em>IMCAS, el congreso international, es dedicado a \u00a0la Cirug\u00eda Pl\u00e1stica y Reconstructiva\u00a0y la Dermatolog\u00eda, creando as\u00ed una interfaz sinerg\u00e9tica y mutuamente reforzada entre ambas especialidades.<\/em><\/h5>\n<ul>\n<li>\n<h5>Ponencia: Water jetstream liposuction for fat harvesting in large volume fat grafting to the buttocks<\/h5>\n<\/li>\n<\/ul>\n<p>[\/et_pb_text][\/et_pb_column][et_pb_column type=&#8221;1_3&#8243; _builder_version=&#8221;3.0.47&#8243; parallax=&#8221;off&#8221; parallax_method=&#8221;on&#8221;][et_pb_image src=&#8221;http:\/\/drhamers.de\/drhamers\/wp-content\/uploads\/2017\/07\/thumb_IMG_0141_1024-e1508947857752.jpg&#8221; animation=&#8221;off&#8221; _builder_version=&#8221;3.0.66&#8243;][\/et_pb_image][\/et_pb_column][\/et_pb_row][\/et_pb_section]<\/p>\n","protected":false},"excerpt":{"rendered":"<p>[et_pb_section fb_built=&#8221;1&#8243; fullwidth=&#8221;on&#8221; _builder_version=&#8221;3.0.47&#8243;][et_pb_fullwidth_header title=&#8221;Conferencias y Publicaciones&#8221; subhead=&#8221;Un resumen sobre los congresos internacionales, talleres de expertos y cursos de v\u00eddeo.&#8221; background_layout=&#8221;dark&#8221; background_overlay_color=&#8221;#47aab7&#8243; _builder_version=&#8221;3.0.66&#8243;][\/et_pb_fullwidth_header][\/et_pb_section][et_pb_section fb_built=&#8221;1&#8243; background_color=&#8221;rgba(255,255,255,0.73)&#8221; _builder_version=&#8221;3.0.66&#8243;][et_pb_row _builder_version=&#8221;3.0.47&#8243; background_size=&#8221;initial&#8221; background_position=&#8221;top_left&#8221; background_repeat=&#8221;repeat&#8221;][et_pb_column type=&#8221;2_3&#8243; _builder_version=&#8221;3.0.47&#8243; parallax=&#8221;off&#8221; parallax_method=&#8221;on&#8221;][et_pb_text _builder_version=&#8221;3.0.66&#8243;] Septiembre 2018 Congreso anual de la Deutsche Gesellschaft der Plastischen, Rekonstruktiven und &Auml;stehtischen Chirurgen (DGPR&Auml;C), Bochum DGPR&Auml;C, la sociedad alemana&nbsp;es [&hellip;]<\/p>\n","protected":false},"author":3,"featured_media":0,"parent":0,"menu_order":0,"comment_status":"closed","ping_status":"closed","template":"","meta":{"_et_pb_use_builder":"on","_et_pb_old_content":"","_et_gb_content_width":"","_mi_skip_tracking":false,"cybocfi_hide_featured_image":""},"_links":{"self":[{"href":"https:\/\/drhamers.de\/drhamers\/wp-json\/wp\/v2\/pages\/25012"}],"collection":[{"href":"https:\/\/drhamers.de\/drhamers\/wp-json\/wp\/v2\/pages"}],"about":[{"href":"https:\/\/drhamers.de\/drhamers\/wp-json\/wp\/v2\/types\/page"}],"author":[{"embeddable":true,"href":"https:\/\/drhamers.de\/drhamers\/wp-json\/wp\/v2\/users\/3"}],"replies":[{"embeddable":true,"href":"https:\/\/drhamers.de\/drhamers\/wp-json\/wp\/v2\/comments?post=25012"}],"version-history":[{"count":37,"href":"https:\/\/drhamers.de\/drhamers\/wp-json\/wp\/v2\/pages\/25012\/revisions"}],"predecessor-version":[{"id":26985,"href":"https:\/\/drhamers.de\/drhamers\/wp-json\/wp\/v2\/pages\/25012\/revisions\/26985"}],"wp:attachment":[{"href":"https:\/\/drhamers.de\/drhamers\/wp-json\/wp\/v2\/media?parent=25012"}],"curies":[{"name":"wp","href":"https:\/\/api.w.org\/{rel}","templated":true}]}}