{"id":25034,"date":"2017-09-08T13:41:05","date_gmt":"2017-09-08T13:41:05","guid":{"rendered":"http:\/\/drhamers.de\/drhamers\/?page_id=25034"},"modified":"2022-08-04T21:22:36","modified_gmt":"2022-08-04T21:22:36","slug":"ubicaciones","status":"publish","type":"page","link":"https:\/\/drhamers.de\/drhamers\/es\/ubicaciones\/","title":{"rendered":"Cl\u00ednica"},"content":{"rendered":"\n[et_pb_section fb_built=&#8221;1&#8243; admin_label=&#8221;section&#8221; _builder_version=&#8221;3.22&#8243;][et_pb_row _builder_version=&#8221;3.25&#8243; background_size=&#8221;initial&#8221; background_position=&#8221;top_left&#8221; background_repeat=&#8221;repeat&#8221;][et_pb_column type=&#8221;4_4&#8243; _builder_version=&#8221;3.25&#8243; custom_padding=&#8221;|||&#8221; custom_padding__hover=&#8221;|||&#8221;][et_pb_slider show_pagination=&#8221;off&#8221; _builder_version=&#8221;4.7.7&#8243; background_position=&#8221;top_left&#8221; custom_padding=&#8221;|||&#8221; custom_padding_tablet=&#8221;|||&#8221; custom_padding_phone=&#8221;|||&#8221; auto=&#8221;on&#8221; auto_speed=&#8221;5000&#8243; hover_enabled=&#8221;0&#8243; box_shadow_style=&#8221;preset6&#8243; box_shadow_blur=&#8221;10px&#8221; box_shadow_color=&#8221;rgba(0,0,0,0.1)&#8221; show_inner_shadow=&#8221;on&#8221; button_text_size__hover_enabled=&#8221;off&#8221; button_one_text_size__hover_enabled=&#8221;off&#8221; button_two_text_size__hover_enabled=&#8221;off&#8221; button_text_color__hover_enabled=&#8221;off&#8221; button_one_text_color__hover_enabled=&#8221;off&#8221; button_two_text_color__hover_enabled=&#8221;off&#8221; button_border_width__hover_enabled=&#8221;off&#8221; button_one_border_width__hover_enabled=&#8221;off&#8221; button_two_border_width__hover_enabled=&#8221;off&#8221; button_border_color__hover_enabled=&#8221;off&#8221; button_one_border_color__hover_enabled=&#8221;off&#8221; button_two_border_color__hover_enabled=&#8221;off&#8221; button_border_radius__hover_enabled=&#8221;off&#8221; button_one_border_radius__hover_enabled=&#8221;off&#8221; button_two_border_radius__hover_enabled=&#8221;off&#8221; button_letter_spacing__hover_enabled=&#8221;off&#8221; button_one_letter_spacing__hover_enabled=&#8221;off&#8221; button_two_letter_spacing__hover_enabled=&#8221;off&#8221; button_bg_color__hover_enabled=&#8221;off&#8221; button_one_bg_color__hover_enabled=&#8221;off&#8221; button_two_bg_color__hover_enabled=&#8221;off&#8221; sticky_enabled=&#8221;0&#8243;][et_pb_slide heading=&#8221;M\u00e1laga&#8221; use_bg_overlay=&#8221;off&#8221; use_text_overlay=&#8221;off&#8221; _builder_version=&#8221;3.16&#8243; header_font=&#8221;||||&#8221; body_font=&#8221;||||&#8221; background_color=&#8221;#ffffff&#8221; background_image=&#8221;http:\/\/drhamers.de\/drhamers\/wp-content\/uploads\/2017\/07\/Malaga_Slider.jpg&#8221; background_position=&#8221;top_left&#8221; button_icon_placement=&#8221;right&#8221; button_on_hover=&#8221;on&#8221; sticky_transition=&#8221;on&#8221; button_text_size__hover_enabled=&#8221;off&#8221; button_one_text_size__hover_enabled=&#8221;off&#8221; button_two_text_size__hover_enabled=&#8221;off&#8221; button_text_color__hover_enabled=&#8221;off&#8221; button_one_text_color__hover_enabled=&#8221;off&#8221; button_two_text_color__hover_enabled=&#8221;off&#8221; button_border_width__hover_enabled=&#8221;off&#8221; button_one_border_width__hover_enabled=&#8221;off&#8221; button_two_border_width__hover_enabled=&#8221;off&#8221; button_border_color__hover_enabled=&#8221;off&#8221; button_one_border_color__hover_enabled=&#8221;off&#8221; button_two_border_color__hover_enabled=&#8221;off&#8221; button_border_radius__hover_enabled=&#8221;off&#8221; button_one_border_radius__hover_enabled=&#8221;off&#8221; button_two_border_radius__hover_enabled=&#8221;off&#8221; button_letter_spacing__hover_enabled=&#8221;off&#8221; button_one_letter_spacing__hover_enabled=&#8221;off&#8221; button_two_letter_spacing__hover_enabled=&#8221;off&#8221; button_bg_color__hover_enabled=&#8221;off&#8221; button_one_bg_color__hover_enabled=&#8221;off&#8221; button_two_bg_color__hover_enabled=&#8221;off&#8221;][\/et_pb_slide][\/et_pb_slider][\/et_pb_column][\/et_pb_row][et_pb_row admin_label=&#8221;row&#8221; _builder_version=&#8221;3.25&#8243; background_size=&#8221;initial&#8221; background_position=&#8221;top_left&#8221; background_repeat=&#8221;repeat&#8221;][et_pb_column type=&#8221;4_4&#8243; _builder_version=&#8221;3.25&#8243; custom_padding=&#8221;|||&#8221; custom_padding__hover=&#8221;|||&#8221;][et_pb_tabs _builder_version=&#8221;4.7.7&#8243; hover_enabled=&#8221;0&#8243; sticky_enabled=&#8221;0&#8243;][et_pb_tab title=&#8221;M\u00e1laga&#8221; _builder_version=&#8221;3.0.47&#8243; body_font=&#8221;||||&#8221; body_line_height=&#8221;2em&#8221; tab_font=&#8221;||||&#8221; tab_line_height=&#8221;2em&#8221; background_size=&#8221;initial&#8221; background_position=&#8221;top_left&#8221; background_repeat=&#8221;repeat&#8221; body_line_height_tablet=&#8221;2em&#8221; body_line_height_phone=&#8221;2em&#8221; tab_line_height_tablet=&#8221;2em&#8221; tab_line_height_phone=&#8221;2em&#8221;]<p>&nbsp;<\/p>\n<p><img loading=\"lazy\" class=\" wp-image-689 alignright\" src=\"http:\/\/drhamers.de\/drhamers\/wp-content\/uploads\/2017\/05\/MG_1162-300x197.jpg\" alt=\"\" width=\"312\" height=\"205\" srcset=\"https:\/\/drhamers.de\/drhamers\/wp-content\/uploads\/2017\/05\/MG_1162-300x197.jpg 300w, https:\/\/drhamers.de\/drhamers\/wp-content\/uploads\/2017\/05\/MG_1162-768x505.jpg 768w, https:\/\/drhamers.de\/drhamers\/wp-content\/uploads\/2017\/05\/MG_1162-1024x674.jpg 1024w, https:\/\/drhamers.de\/drhamers\/wp-content\/uploads\/2017\/05\/MG_1162-1080x711.jpg 1080w, https:\/\/drhamers.de\/drhamers\/wp-content\/uploads\/2017\/05\/MG_1162-610x401.jpg 610w, https:\/\/drhamers.de\/drhamers\/wp-content\/uploads\/2017\/05\/MG_1162-207x136.jpg 207w, https:\/\/drhamers.de\/drhamers\/wp-content\/uploads\/2017\/05\/MG_1162-260x170.jpg 260w, https:\/\/drhamers.de\/drhamers\/wp-content\/uploads\/2017\/05\/MG_1162-430x283.jpg 430w\" sizes=\"(max-width: 312px) 100vw, 312px\" \/><\/p>\n<p>El Hospital QuironSalud es la cl\u00ednica de elecci\u00f3n para los pacientes que desean disponer de la seguridad de un departamento de Cirug\u00eda Pl\u00e1stica de referencia acad\u00e9mica como lo es el del Hospital Quir\u00f3n M\u00e1laga. Durante d\u00e9cadas, Quir\u00f3n ha sido el hospital elegido por la \u00e9lite espa\u00f1ola, celebridades, estrellas del deporte e incluso la Familia Real Espa\u00f1ola.<\/p>\n<p>El Departamento de Cirug\u00eda Pl\u00e1stica Est\u00e9tica y Reconstructiva, aparte de ofrecer a nuestros pacientes una gama completa de Cirug\u00eda Est\u00e9tica,\u00a0se centra en las intervenciones de c\u00e1ncer de mama primario y secundario y en la resecci\u00f3n de tumores.<\/p>\n<h4><a href=\"http:\/\/drhamers.de\/drhamers\/wp-content\/uploads\/2017\/07\/MG_9697_1024.jpg\"><img loading=\"lazy\" class=\"alignleft size-medium wp-image-1087\" src=\"http:\/\/drhamers.de\/drhamers\/wp-content\/uploads\/2017\/07\/MG_9697_1024-200x300.jpg\" alt=\"\" width=\"200\" height=\"300\" srcset=\"https:\/\/drhamers.de\/drhamers\/wp-content\/uploads\/2017\/07\/MG_9697_1024-200x300.jpg 200w, https:\/\/drhamers.de\/drhamers\/wp-content\/uploads\/2017\/07\/MG_9697_1024.jpg 682w, https:\/\/drhamers.de\/drhamers\/wp-content\/uploads\/2017\/07\/MG_9697_1024-610x916.jpg 610w\" sizes=\"(max-width: 200px) 100vw, 200px\" \/><\/a><\/h4>\n<h4><\/h4>\n<h5>Hospital Quir\u00f3nSalud M\u00e1laga<\/h5>\n<h5>Avda. Imperio Argentino 1<\/h5>\n<h5>E-29004 Malaga<\/h5>\n<h5><\/h5>\n<h5>Tel: (+34)\u00a0696 922 398<\/h5>\n<p>&nbsp;<\/p>[\/et_pb_tab][et_pb_tab title=&#8221;Consulta virtual&#8221; _builder_version=&#8221;3.0.47&#8243; body_font=&#8221;||||&#8221; body_line_height=&#8221;2em&#8221; tab_font=&#8221;||||&#8221; tab_line_height=&#8221;2em&#8221; background_size=&#8221;initial&#8221; background_position=&#8221;top_left&#8221; background_repeat=&#8221;repeat&#8221; body_line_height_tablet=&#8221;2em&#8221; body_line_height_phone=&#8221;2em&#8221; tab_line_height_tablet=&#8221;2em&#8221; tab_line_height_phone=&#8221;2em&#8221;]<p>&nbsp;<\/p>\n<p><img loading=\"lazy\" class=\"wp-image-419 size-medium alignright\" src=\"http:\/\/drhamers.de\/drhamers\/wp-content\/uploads\/2017\/05\/MG_1063_1024-200x300.jpg\" alt=\"\" width=\"200\" height=\"300\" srcset=\"https:\/\/drhamers.de\/drhamers\/wp-content\/uploads\/2017\/05\/MG_1063_1024-200x300.jpg 200w, https:\/\/drhamers.de\/drhamers\/wp-content\/uploads\/2017\/05\/MG_1063_1024.jpg 682w, https:\/\/drhamers.de\/drhamers\/wp-content\/uploads\/2017\/05\/MG_1063_1024-610x916.jpg 610w\" sizes=\"(max-width: 200px) 100vw, 200px\" \/><\/p>\n<p>El Dr. Alexander Hamers realiza sus consultas en espa\u00f1ol, ingl\u00e9s y alem\u00e1n. La consulta inicial se puede realizar por videoconferencia (Skype, Facetime). P\u00f3ngase en contacto con nosotros a trav\u00e9s del formulario de contacto o por tel\u00e9fono al: +49 221 25992436.<\/p>\n<p><img loading=\"lazy\" class=\"alignnone wp-image-442\" src=\"http:\/\/drhamers.de\/drhamers\/wp-content\/uploads\/2017\/05\/skype.png\" alt=\"\" width=\"132\" height=\"63\" srcset=\"https:\/\/drhamers.de\/drhamers\/wp-content\/uploads\/2017\/05\/skype.png 151w, https:\/\/drhamers.de\/drhamers\/wp-content\/uploads\/2017\/05\/skype-150x72.png 150w\" sizes=\"(max-width: 132px) 100vw, 132px\" \/><\/p>[\/et_pb_tab][\/et_pb_tabs][et_pb_map address=&#8221;Southern Europe&#8221; zoom_level=&#8221;4&#8243; address_lat=&#8221;41.2745004&#8243; address_lng=&#8221;-1.2121322000000418&#8243; _builder_version=&#8221;3.0.91&#8243;][et_pb_map_pin title=&#8221;K\u00f6ln&#8221; pin_address=&#8221;Krebsgasse, 50667 K\u00f6ln, Deutschland&#8221; pin_address_lat=&#8221;50.9375333&#8243; pin_address_lng=&#8221;6.950195000000008&#8243; _builder_version=&#8221;3.0.47&#8243;]<p>&nbsp;<\/p>\n<p>Krebsgasse<br \/>\nD-50667 K\u00f6ln<\/p>\n<p>+49 221 25992436<\/p>[\/et_pb_map_pin][et_pb_map_pin title=&#8221;Malaga&#8221; pin_address=&#8221;Av. Imperio Argentina, 1, 29004 M\u00e1laga, Spanien&#8221; pin_address_lat=&#8221;36.68434&#8243; pin_address_lng=&#8221;-4.4576099999999315&#8243; _builder_version=&#8221;3.0.47&#8243;]<p>Hospital Quir\u00f3nSalud M\u00e1laga<br \/>\nAvda. Imperio Argentino 1<br \/>\nE-29004 Malaga<\/p>[\/et_pb_map_pin][\/et_pb_map][et_pb_contact_form email=&#8221;info@drhamers.es&#8221; module_id=&#8221;et_pb_contact_form_0&#8243; _builder_version=&#8221;3.0.87&#8243;][et_pb_contact_field field_id=&#8221;Name&#8221; field_title=&#8221;Nombre&#8221; _builder_version=&#8221;3.16&#8243; form_field_font=&#8221;||||&#8221; use_border_color=&#8221;off&#8221; button_text_size__hover_enabled=&#8221;off&#8221; button_one_text_size__hover_enabled=&#8221;off&#8221; button_two_text_size__hover_enabled=&#8221;off&#8221; button_text_color__hover_enabled=&#8221;off&#8221; button_one_text_color__hover_enabled=&#8221;off&#8221; button_two_text_color__hover_enabled=&#8221;off&#8221; button_border_width__hover_enabled=&#8221;off&#8221; button_one_border_width__hover_enabled=&#8221;off&#8221; button_two_border_width__hover_enabled=&#8221;off&#8221; button_border_color__hover_enabled=&#8221;off&#8221; button_one_border_color__hover_enabled=&#8221;off&#8221; button_two_border_color__hover_enabled=&#8221;off&#8221; button_border_radius__hover_enabled=&#8221;off&#8221; button_one_border_radius__hover_enabled=&#8221;off&#8221; button_two_border_radius__hover_enabled=&#8221;off&#8221; button_letter_spacing__hover_enabled=&#8221;off&#8221; button_one_letter_spacing__hover_enabled=&#8221;off&#8221; button_two_letter_spacing__hover_enabled=&#8221;off&#8221; button_bg_color__hover_enabled=&#8221;off&#8221; button_one_bg_color__hover_enabled=&#8221;off&#8221; button_two_bg_color__hover_enabled=&#8221;off&#8221;][\/et_pb_contact_field][et_pb_contact_field field_id=&#8221;Nachname&#8221; field_title=&#8221;Apellidos&#8221; _builder_version=&#8221;3.16&#8243; form_field_font=&#8221;||||&#8221; use_border_color=&#8221;off&#8221; button_text_size__hover_enabled=&#8221;off&#8221; button_one_text_size__hover_enabled=&#8221;off&#8221; button_two_text_size__hover_enabled=&#8221;off&#8221; button_text_color__hover_enabled=&#8221;off&#8221; button_one_text_color__hover_enabled=&#8221;off&#8221; button_two_text_color__hover_enabled=&#8221;off&#8221; button_border_width__hover_enabled=&#8221;off&#8221; button_one_border_width__hover_enabled=&#8221;off&#8221; button_two_border_width__hover_enabled=&#8221;off&#8221; button_border_color__hover_enabled=&#8221;off&#8221; button_one_border_color__hover_enabled=&#8221;off&#8221; button_two_border_color__hover_enabled=&#8221;off&#8221; button_border_radius__hover_enabled=&#8221;off&#8221; button_one_border_radius__hover_enabled=&#8221;off&#8221; button_two_border_radius__hover_enabled=&#8221;off&#8221; button_letter_spacing__hover_enabled=&#8221;off&#8221; button_one_letter_spacing__hover_enabled=&#8221;off&#8221; button_two_letter_spacing__hover_enabled=&#8221;off&#8221; button_bg_color__hover_enabled=&#8221;off&#8221; button_one_bg_color__hover_enabled=&#8221;off&#8221; button_two_bg_color__hover_enabled=&#8221;off&#8221;][\/et_pb_contact_field][et_pb_contact_field field_id=&#8221;Email&#8221; field_title=&#8221;E-Mail&#8221; field_type=&#8221;email&#8221; _builder_version=&#8221;3.16&#8243; form_field_font=&#8221;||||&#8221; use_border_color=&#8221;off&#8221; button_text_size__hover_enabled=&#8221;off&#8221; button_one_text_size__hover_enabled=&#8221;off&#8221; button_two_text_size__hover_enabled=&#8221;off&#8221; button_text_color__hover_enabled=&#8221;off&#8221; button_one_text_color__hover_enabled=&#8221;off&#8221; button_two_text_color__hover_enabled=&#8221;off&#8221; button_border_width__hover_enabled=&#8221;off&#8221; button_one_border_width__hover_enabled=&#8221;off&#8221; button_two_border_width__hover_enabled=&#8221;off&#8221; button_border_color__hover_enabled=&#8221;off&#8221; button_one_border_color__hover_enabled=&#8221;off&#8221; button_two_border_color__hover_enabled=&#8221;off&#8221; button_border_radius__hover_enabled=&#8221;off&#8221; button_one_border_radius__hover_enabled=&#8221;off&#8221; button_two_border_radius__hover_enabled=&#8221;off&#8221; button_letter_spacing__hover_enabled=&#8221;off&#8221; button_one_letter_spacing__hover_enabled=&#8221;off&#8221; button_two_letter_spacing__hover_enabled=&#8221;off&#8221; button_bg_color__hover_enabled=&#8221;off&#8221; button_one_bg_color__hover_enabled=&#8221;off&#8221; button_two_bg_color__hover_enabled=&#8221;off&#8221;][\/et_pb_contact_field][et_pb_contact_field field_id=&#8221;Message&#8221; field_title=&#8221;Mensaje&#8221; field_type=&#8221;text&#8221; fullwidth_field=&#8221;on&#8221; _builder_version=&#8221;3.16&#8243; form_field_font=&#8221;||||&#8221; use_border_color=&#8221;off&#8221; button_text_size__hover_enabled=&#8221;off&#8221; button_one_text_size__hover_enabled=&#8221;off&#8221; button_two_text_size__hover_enabled=&#8221;off&#8221; button_text_color__hover_enabled=&#8221;off&#8221; button_one_text_color__hover_enabled=&#8221;off&#8221; button_two_text_color__hover_enabled=&#8221;off&#8221; button_border_width__hover_enabled=&#8221;off&#8221; button_one_border_width__hover_enabled=&#8221;off&#8221; button_two_border_width__hover_enabled=&#8221;off&#8221; button_border_color__hover_enabled=&#8221;off&#8221; button_one_border_color__hover_enabled=&#8221;off&#8221; button_two_border_color__hover_enabled=&#8221;off&#8221; button_border_radius__hover_enabled=&#8221;off&#8221; button_one_border_radius__hover_enabled=&#8221;off&#8221; button_two_border_radius__hover_enabled=&#8221;off&#8221; button_letter_spacing__hover_enabled=&#8221;off&#8221; button_one_letter_spacing__hover_enabled=&#8221;off&#8221; button_two_letter_spacing__hover_enabled=&#8221;off&#8221; button_bg_color__hover_enabled=&#8221;off&#8221; button_one_bg_color__hover_enabled=&#8221;off&#8221; button_two_bg_color__hover_enabled=&#8221;off&#8221;][\/et_pb_contact_field][et_pb_contact_field field_id=&#8221;Termin&#8221; field_title=&#8221;Fecha Preferida&#8221; fullwidth_field=&#8221;on&#8221; _builder_version=&#8221;3.16&#8243; form_field_font=&#8221;||||&#8221; use_border_color=&#8221;off&#8221; button_text_size__hover_enabled=&#8221;off&#8221; button_one_text_size__hover_enabled=&#8221;off&#8221; button_two_text_size__hover_enabled=&#8221;off&#8221; button_text_color__hover_enabled=&#8221;off&#8221; button_one_text_color__hover_enabled=&#8221;off&#8221; button_two_text_color__hover_enabled=&#8221;off&#8221; button_border_width__hover_enabled=&#8221;off&#8221; button_one_border_width__hover_enabled=&#8221;off&#8221; button_two_border_width__hover_enabled=&#8221;off&#8221; button_border_color__hover_enabled=&#8221;off&#8221; button_one_border_color__hover_enabled=&#8221;off&#8221; button_two_border_color__hover_enabled=&#8221;off&#8221; button_border_radius__hover_enabled=&#8221;off&#8221; button_one_border_radius__hover_enabled=&#8221;off&#8221; button_two_border_radius__hover_enabled=&#8221;off&#8221; button_letter_spacing__hover_enabled=&#8221;off&#8221; button_one_letter_spacing__hover_enabled=&#8221;off&#8221; button_two_letter_spacing__hover_enabled=&#8221;off&#8221; button_bg_color__hover_enabled=&#8221;off&#8221; button_one_bg_color__hover_enabled=&#8221;off&#8221; button_two_bg_color__hover_enabled=&#8221;off&#8221;][\/et_pb_contact_field][\/et_pb_contact_form][\/et_pb_column][\/et_pb_row][\/et_pb_section]\n","protected":false},"excerpt":{"rendered":"","protected":false},"author":3,"featured_media":0,"parent":0,"menu_order":0,"comment_status":"closed","ping_status":"closed","template":"","meta":{"_et_pb_use_builder":"on","_et_pb_old_content":"","_et_gb_content_width":"","_mi_skip_tracking":false,"cybocfi_hide_featured_image":""},"_links":{"self":[{"href":"https:\/\/drhamers.de\/drhamers\/wp-json\/wp\/v2\/pages\/25034"}],"collection":[{"href":"https:\/\/drhamers.de\/drhamers\/wp-json\/wp\/v2\/pages"}],"about":[{"href":"https:\/\/drhamers.de\/drhamers\/wp-json\/wp\/v2\/types\/page"}],"author":[{"embeddable":true,"href":"https:\/\/drhamers.de\/drhamers\/wp-json\/wp\/v2\/users\/3"}],"replies":[{"embeddable":true,"href":"https:\/\/drhamers.de\/drhamers\/wp-json\/wp\/v2\/comments?post=25034"}],"version-history":[{"count":21,"href":"https:\/\/drhamers.de\/drhamers\/wp-json\/wp\/v2\/pages\/25034\/revisions"}],"predecessor-version":[{"id":27399,"href":"https:\/\/drhamers.de\/drhamers\/wp-json\/wp\/v2\/pages\/25034\/revisions\/27399"}],"wp:attachment":[{"href":"https:\/\/drhamers.de\/drhamers\/wp-json\/wp\/v2\/media?parent=25034"}],"curies":[{"name":"wp","href":"https:\/\/api.w.org\/{rel}","templated":true}]}}