{"id":25044,"date":"2017-09-08T13:57:28","date_gmt":"2017-09-08T13:57:28","guid":{"rendered":"http:\/\/drhamers.de\/drhamers\/?page_id=25044"},"modified":"2022-08-04T21:13:13","modified_gmt":"2022-08-04T21:13:13","slug":"el-dr-hamers-2","status":"publish","type":"page","link":"https:\/\/drhamers.de\/drhamers\/es\/el-dr-hamers-2\/","title":{"rendered":"Sobre m\u00ed"},"content":{"rendered":"<p>[et_pb_section fb_built=&#8221;1&#8243; _builder_version=&#8221;3.22&#8243; background_color=&#8221;rgba(255,255,255,0.73)&#8221;][et_pb_row _builder_version=&#8221;3.25&#8243; background_size=&#8221;initial&#8221; background_position=&#8221;top_left&#8221; background_repeat=&#8221;repeat&#8221; column_structure=&#8221;1_2,1_2&#8243;][et_pb_column type=&#8221;1_2&#8243; _builder_version=&#8221;3.25&#8243; custom_padding=&#8221;|||&#8221; custom_padding__hover=&#8221;|||&#8221;][et_pb_testimonial _builder_version=&#8221;3.2&#8243;]<\/p>\n<h3><strong>Sobre m\u00ed<\/strong><\/h3>\n<p>&nbsp;<\/p>\n<blockquote>\n<p><strong>\u00a0&#8220;Con mi ayuda, podr\u00e1 conseguir la belleza con la que siempre ha so\u00f1ado&#8221;<\/strong><\/p>\n<\/blockquote>\n<p>La conexi\u00f3n que existe entre la apariencia f\u00edsica real y la idea que tenemos de nosotros mismos es tan fuerte que incluso puede provocar ansiedad y problemas de autoestima. Como cirujano pl\u00e1stico profesional, disfruto poniendo mi granito de arena para que mis pacientes sean m\u00e1s felices, por eso les ayudo a hacer sus sue\u00f1os realidad.<\/p>\n<p>Mi objetivo es intentar realzar la belleza de mis pacientes haciendo uso de las t\u00e9cnicas m\u00e1s avanzadas y, a la vez, conseguir el mejor resultado posible. \u00bfC\u00f3mo lo hago? Utilizando las c\u00e9lulas adiposas del propio cuerpo del paciente.<\/p>\n<p>Al ser uno de los pocos cirujanos pl\u00e1sticos en el mundo especialista en aumento de mamas combinado (supercharged) y gl\u00fateos as\u00ed como en aumento de gl\u00fateos brasile\u00f1o, he comprobado que con las t\u00e9cnicas de lipotransferencia y su combinaci\u00f3n con implantes, se consigue remodelar la figura sin que queden cicatrices visibles.<\/p>\n<p>La t\u00e9cnica es muy sencilla: se extrae grasa no deseada de la parte del cuerpo que elijamos y se transfiere a los gl\u00fateos o el pecho para darles forma y conseguir la figura que siempre hemos querido.<\/p>\n<p>&nbsp;<\/p>\n<h3><strong>\u00bfD\u00f3nde pueden encontrarme?<\/strong><\/h3>\n<p>En mi cl\u00ednica privada en Frechen-K\u00f6nigsdorf, donde mi equipo ha perfeccionado el aumento de gl\u00fateos brasile\u00f1o. En los \u00faltimos cinco a\u00f1os hemos realizado cientos de cirug\u00edas gracias a la confianza que depositan los pacientes en nosotros. Muchos de ellos, despu\u00e9s de someterse a alguna cirug\u00eda, vuelven para hacerse otros retoques ya que quedan muy contentos con los resultados de las intervenciones.<\/p>\n<p>Al estar al d\u00eda en las t\u00e9cnicas m\u00e1s innovadoras, me invitan a multitud de simposios y conferencias internacionales en lugares como M\u00fanich, Bangkok, Hong Kong o M\u00e9xico para asistir como ponente y compartir mi experiencia y conocimientos con compa\u00f1eros interesados en la materia.<\/p>\n<p>Mi formaci\u00f3n m\u00e9dica y quir\u00fargica me ha llevado por Alemania, Suiza, Espa\u00f1a, M\u00e9xico y Latinoam\u00e9rica. He estudiado en universidades reconocidas internacionalmente tales como la Universidad de Colonia (Alemania), la Universidad de Buenos Aires (Argentina) y el Albert Einstein College de Medicina de Nueva York (EE.UU.).<\/p>\n<p>&nbsp;<\/p>\n<p>Rostro, nariz, pecho, gl\u00fateos&#8230;sea lo que sea, lo m\u00e1s importante para m\u00ed es que mi paciente se sienta c\u00f3modo desde el primer momento.\u00a0Estar\u00e9 encantado de ofrecerle mi consejo profesional sin compromiso durante una consulta totalmente personalizada tanto en mi consulta f\u00edsica como virtual.<\/p>\n<p>D\u00edgame lo que desea y haremos sus deseos realidad.<\/p>\n<p>&nbsp;<\/p>\n<p><strong>Dr. Alexander T. Hamers<\/strong><\/p>\n<p>[\/et_pb_testimonial][\/et_pb_column][et_pb_column type=&#8221;1_2&#8243; _builder_version=&#8221;3.25&#8243; custom_padding=&#8221;|||&#8221; custom_padding__hover=&#8221;|||&#8221;][et_pb_gallery gallery_ids=&#8221;25429,25426,25432,25430,671,25427,25438,25431&#8243; posts_number=&#8221;12&#8243; orientation=&#8221;portrait&#8221; show_title_and_caption=&#8221;off&#8221; show_pagination=&#8221;off&#8221; _builder_version=&#8221;3.0.66&#8243; saved_tabs=&#8221;all&#8221;][\/et_pb_gallery][\/et_pb_column][\/et_pb_row][et_pb_row _builder_version=&#8221;3.25&#8243; background_size=&#8221;initial&#8221; background_position=&#8221;top_left&#8221; background_repeat=&#8221;repeat&#8221;][et_pb_column type=&#8221;4_4&#8243; _builder_version=&#8221;3.25&#8243; custom_padding=&#8221;|||&#8221; custom_padding__hover=&#8221;|||&#8221;][et_pb_image src=&#8221;http:\/\/drhamers.de\/drhamers\/wp-content\/uploads\/2017\/05\/thumb_IMG_5679_1024-1.jpg&#8221; align_tablet=&#8221;center&#8221; align_last_edited=&#8221;on|desktop&#8221; _builder_version=&#8221;3.23&#8243; animation=&#8221;off&#8221;][\/et_pb_image][\/et_pb_column][\/et_pb_row][\/et_pb_section]<\/p>\n","protected":false},"excerpt":{"rendered":"<p>[et_pb_section fb_built=&#8221;1&#8243; _builder_version=&#8221;3.22&#8243; background_color=&#8221;rgba(255,255,255,0.73)&#8221;][et_pb_row _builder_version=&#8221;3.25&#8243; background_size=&#8221;initial&#8221; background_position=&#8221;top_left&#8221; background_repeat=&#8221;repeat&#8221; column_structure=&#8221;1_2,1_2&#8243;][et_pb_column type=&#8221;1_2&#8243; _builder_version=&#8221;3.25&#8243; custom_padding=&#8221;|||&#8221; custom_padding__hover=&#8221;|||&#8221;][et_pb_testimonial _builder_version=&#8221;3.2&#8243;] Sobre m\u00ed &nbsp; \u00a0&#8220;Con mi ayuda, podr\u00e1 conseguir la belleza con la que siempre ha so\u00f1ado&#8221; La conexi\u00f3n que existe entre la apariencia f\u00edsica real y la idea que tenemos de nosotros mismos es tan fuerte que incluso puede provocar ansiedad [&hellip;]<\/p>\n","protected":false},"author":3,"featured_media":0,"parent":0,"menu_order":0,"comment_status":"closed","ping_status":"closed","template":"","meta":{"_et_pb_use_builder":"on","_et_pb_old_content":"","_et_gb_content_width":"","_mi_skip_tracking":false,"cybocfi_hide_featured_image":""},"_links":{"self":[{"href":"https:\/\/drhamers.de\/drhamers\/wp-json\/wp\/v2\/pages\/25044"}],"collection":[{"href":"https:\/\/drhamers.de\/drhamers\/wp-json\/wp\/v2\/pages"}],"about":[{"href":"https:\/\/drhamers.de\/drhamers\/wp-json\/wp\/v2\/types\/page"}],"author":[{"embeddable":true,"href":"https:\/\/drhamers.de\/drhamers\/wp-json\/wp\/v2\/users\/3"}],"replies":[{"embeddable":true,"href":"https:\/\/drhamers.de\/drhamers\/wp-json\/wp\/v2\/comments?post=25044"}],"version-history":[{"count":24,"href":"https:\/\/drhamers.de\/drhamers\/wp-json\/wp\/v2\/pages\/25044\/revisions"}],"predecessor-version":[{"id":27391,"href":"https:\/\/drhamers.de\/drhamers\/wp-json\/wp\/v2\/pages\/25044\/revisions\/27391"}],"wp:attachment":[{"href":"https:\/\/drhamers.de\/drhamers\/wp-json\/wp\/v2\/media?parent=25044"}],"curies":[{"name":"wp","href":"https:\/\/api.w.org\/{rel}","templated":true}]}}