{"id":25263,"date":"2017-09-09T14:18:37","date_gmt":"2017-09-09T14:18:37","guid":{"rendered":"http:\/\/drhamers.de\/drhamers\/?page_id=25263"},"modified":"2022-08-04T21:09:22","modified_gmt":"2022-08-04T21:09:22","slug":"carrera","status":"publish","type":"page","link":"https:\/\/drhamers.de\/drhamers\/es\/el-dr-hamers-2\/carrera\/","title":{"rendered":"Formaci\u00f3n"},"content":{"rendered":"<p>[et_pb_section fb_built=&#8221;1&#8243; _builder_version=&#8221;3.22&#8243; background_color=&#8221;rgba(255,255,255,0.73)&#8221;][et_pb_row _builder_version=&#8221;3.25&#8243; background_size=&#8221;initial&#8221; background_position=&#8221;top_left&#8221; background_repeat=&#8221;repeat&#8221; column_structure=&#8221;1_2,1_2&#8243;][et_pb_column type=&#8221;1_2&#8243; _builder_version=&#8221;3.25&#8243; custom_padding=&#8221;|||&#8221; custom_padding__hover=&#8221;|||&#8221;][et_pb_text _builder_version=&#8221;3.27.4&#8243;]<\/p>\n<h3><b>Formaci\u00f3n<\/b><\/h3>\n<p>Desde 2017 el Dr. Alexander Hamers realiza consultas y tratamientos en su pr\u00e1ctica privadas DR. HAMERS AESTHETICS en Colonia\/ Frechen-K\u00f6nigsdorf (Alemania), adem\u00e1s de ser especialista en el aumento de volumen con la propia grasa del paciente. La transferencia de grasa o lipotransferencia consiste en coger la grasa de una parte de su cuerpo e inyectarla para aumentar volumen en el rostro, los gl\u00fateos o las mamas.\u00a0<\/p>\n<p>Aparte de la cirug\u00eda est\u00e9tica, el Dr. Hamers tiene inter\u00e9s cl\u00ednico en la cirug\u00eda reconstructiva. El Dr. Alexander Hamers se uni\u00f3 al Departamento de Cirug\u00eda Pl\u00e1stica, Est\u00e9tica y Reconstructiva del Hospital Quir\u00f3nSalud M\u00e1laga en 2012. Era el responsable de la Unidad Interna de Mama y Reconstrucci\u00f3n del Hospital Quir\u00f3nSalud M\u00e1laga.<\/p>\n<p><i>Experiencia:<\/i><\/p>\n<ul>\n<li>Desde 2017 consultas y tratamientos en su pr\u00e1ctica privada DR. HAMERS AESTHETICS\u00a0<\/li>\n<li>2012-2017 Departamento de Cirug\u00eda Pl\u00e1stica, Est\u00e9tica y Reconstructiva del Hospital Quir\u00f3nSalud M\u00e1laga.<\/li>\n<li>2012-2017 Unidad Interna de Mama y Reconstrucci\u00f3n del Hospital Quir\u00f3nSalud M\u00e1laga.<\/li>\n<li>2012-2017 Consultas y tratamientos en Cirumed Clinic Marbella.<\/li>\n<li><span style=\"font-size: 14px;\">Su formaci\u00f3n m\u00e9dica y quir\u00fargica internacional lo llev\u00f3 a realizar estudios en Alemania, Suiza, Espa\u00f1a, M\u00e9xico y Am\u00e9rica Latina. Estudi\u00f3 en universidades de renombre internacional como University of Colonia (Alemania), la Universidad de Buenos Aires (Argentina) y el Colegio Albert Einstein de Medicina, Ciudad de Nueva York (EE.UU.).<\/span><\/li>\n<li><span style=\"font-size: 14px;\">Estudios de medicina y\u00a0obtenci\u00f3n del t\u00edtulo de doctorado en la Universidad de Colonia.<\/span><\/li>\n<\/ul>\n<p>&nbsp;<\/p>\n<p><em>Membres\u00edas:<\/em><\/p>\n<ul>\n<li>SECPRE &#8211; Sociedad Espa\u00f1ola de Cirug\u00eda Pl\u00e1stica Reparadora y Est\u00e9tica<\/li>\n<li>DGPR\u00c4C &#8211; Deutsche Gesellschaft der Plastischen, Rekonstruktiven und \u00c4sthetischen Chirurgen e.V.<\/li>\n<li>ASPS &#8211; American Society of Plastic Surgeons<\/li>\n<li>ISRAIT\u00a0<i>(miembro fundador y executive board coordinator) &#8211; <\/i>International Society of Reconstructive and Aesthetic Intimate Treatment<\/li>\n<li>GAERID e.V. <i>(miembro fundador) &#8211;\u00a0<\/i>Gesellschaft f\u00fcr \u00e4sthetische und rekonstruktive Intimchirurgie Deutschland e.V.<\/li>\n<li>ESPRAS &#8211;\u00a0European Society of Plastic, Reconstructive and Aesthetic Surgery<\/li>\n<li>ICOPLAST &#8211; International Confederation of Plastic Surgery Societies<\/li>\n<\/ul>\n<p>[\/et_pb_text][\/et_pb_column][et_pb_column type=&#8221;1_2&#8243; _builder_version=&#8221;3.25&#8243; custom_padding=&#8221;|||&#8221; custom_padding__hover=&#8221;|||&#8221;][et_pb_image src=&#8221;http:\/\/drhamers.de\/drhamers\/wp-content\/uploads\/2017\/07\/MG_9697_1024.jpg&#8221; align_tablet=&#8221;center&#8221; align_last_edited=&#8221;on|desktop&#8221; _builder_version=&#8221;3.23&#8243; animation=&#8221;off&#8221;][\/et_pb_image][\/et_pb_column][\/et_pb_row][et_pb_row _builder_version=&#8221;3.25&#8243; background_size=&#8221;initial&#8221; background_position=&#8221;top_left&#8221; background_repeat=&#8221;repeat&#8221;][et_pb_column type=&#8221;4_4&#8243; _builder_version=&#8221;3.25&#8243; custom_padding=&#8221;|||&#8221; custom_padding__hover=&#8221;|||&#8221;][et_pb_slider _builder_version=&#8221;3.16&#8243; custom_padding=&#8221;|||&#8221; custom_padding_tablet=&#8221;|||&#8221; custom_padding_phone=&#8221;|||&#8221; auto=&#8221;on&#8221; auto_speed=&#8221;3500&#8243; auto_ignore_hover=&#8221;on&#8221; remove_inner_shadow=&#8221;on&#8221; show_inner_shadow=&#8221;off&#8221; button_text_size__hover_enabled=&#8221;off&#8221; button_one_text_size__hover_enabled=&#8221;off&#8221; button_two_text_size__hover_enabled=&#8221;off&#8221; button_text_color__hover_enabled=&#8221;off&#8221; button_one_text_color__hover_enabled=&#8221;off&#8221; button_two_text_color__hover_enabled=&#8221;off&#8221; button_border_width__hover_enabled=&#8221;off&#8221; button_one_border_width__hover_enabled=&#8221;off&#8221; button_two_border_width__hover_enabled=&#8221;off&#8221; button_border_color__hover_enabled=&#8221;off&#8221; button_one_border_color__hover_enabled=&#8221;off&#8221; button_two_border_color__hover_enabled=&#8221;off&#8221; button_border_radius__hover_enabled=&#8221;off&#8221; button_one_border_radius__hover_enabled=&#8221;off&#8221; button_two_border_radius__hover_enabled=&#8221;off&#8221; button_letter_spacing__hover_enabled=&#8221;off&#8221; button_one_letter_spacing__hover_enabled=&#8221;off&#8221; button_two_letter_spacing__hover_enabled=&#8221;off&#8221; button_bg_color__hover_enabled=&#8221;off&#8221; button_one_bg_color__hover_enabled=&#8221;off&#8221; button_two_bg_color__hover_enabled=&#8221;off&#8221;][et_pb_slide heading=&#8221;Gesellschaft f\u00fcr Intimchirurgie&#8221; image=&#8221;http:\/\/drhamers.de\/drhamers\/wp-content\/uploads\/2017\/07\/GAERID-.png&#8221; use_bg_overlay=&#8221;off&#8221; use_text_overlay=&#8221;off&#8221; _builder_version=&#8221;3.16&#8243; header_font=&#8221;||||&#8221; body_font=&#8221;||||&#8221; background_color=&#8221;rgba(255,255,255,0)&#8221; button_icon_placement=&#8221;right&#8221; button_on_hover=&#8221;on&#8221; background_layout=&#8221;light&#8221; sticky_transition=&#8221;on&#8221; button_text_size__hover_enabled=&#8221;off&#8221; button_one_text_size__hover_enabled=&#8221;off&#8221; button_two_text_size__hover_enabled=&#8221;off&#8221; button_text_color__hover_enabled=&#8221;off&#8221; button_one_text_color__hover_enabled=&#8221;off&#8221; button_two_text_color__hover_enabled=&#8221;off&#8221; button_border_width__hover_enabled=&#8221;off&#8221; button_one_border_width__hover_enabled=&#8221;off&#8221; button_two_border_width__hover_enabled=&#8221;off&#8221; button_border_color__hover_enabled=&#8221;off&#8221; button_one_border_color__hover_enabled=&#8221;off&#8221; button_two_border_color__hover_enabled=&#8221;off&#8221; button_border_radius__hover_enabled=&#8221;off&#8221; button_one_border_radius__hover_enabled=&#8221;off&#8221; button_two_border_radius__hover_enabled=&#8221;off&#8221; button_letter_spacing__hover_enabled=&#8221;off&#8221; button_one_letter_spacing__hover_enabled=&#8221;off&#8221; button_two_letter_spacing__hover_enabled=&#8221;off&#8221; button_bg_color__hover_enabled=&#8221;off&#8221; button_one_bg_color__hover_enabled=&#8221;off&#8221; button_two_bg_color__hover_enabled=&#8221;off&#8221;]Gesellschaft f\u00fcr \u00c4sthetische und Rekonstruktive Intimchirurgie e.V.<br \/>\n[\/et_pb_slide][et_pb_slide heading=&#8221;ICOPLAST&#8221; image=&#8221;http:\/\/drhamers.de\/drhamers\/wp-content\/uploads\/2017\/07\/icoplast.jpg&#8221; use_bg_overlay=&#8221;off&#8221; use_text_overlay=&#8221;off&#8221; _builder_version=&#8221;3.16&#8243; header_font=&#8221;||||&#8221; body_font=&#8221;||||&#8221; background_color=&#8221;rgba(255,255,255,0)&#8221; button_icon_placement=&#8221;right&#8221; button_on_hover=&#8221;on&#8221; background_layout=&#8221;light&#8221; sticky_transition=&#8221;on&#8221; button_text_size__hover_enabled=&#8221;off&#8221; button_one_text_size__hover_enabled=&#8221;off&#8221; button_two_text_size__hover_enabled=&#8221;off&#8221; button_text_color__hover_enabled=&#8221;off&#8221; button_one_text_color__hover_enabled=&#8221;off&#8221; button_two_text_color__hover_enabled=&#8221;off&#8221; button_border_width__hover_enabled=&#8221;off&#8221; button_one_border_width__hover_enabled=&#8221;off&#8221; button_two_border_width__hover_enabled=&#8221;off&#8221; button_border_color__hover_enabled=&#8221;off&#8221; button_one_border_color__hover_enabled=&#8221;off&#8221; button_two_border_color__hover_enabled=&#8221;off&#8221; button_border_radius__hover_enabled=&#8221;off&#8221; button_one_border_radius__hover_enabled=&#8221;off&#8221; button_two_border_radius__hover_enabled=&#8221;off&#8221; button_letter_spacing__hover_enabled=&#8221;off&#8221; button_one_letter_spacing__hover_enabled=&#8221;off&#8221; button_two_letter_spacing__hover_enabled=&#8221;off&#8221; button_bg_color__hover_enabled=&#8221;off&#8221; button_one_bg_color__hover_enabled=&#8221;off&#8221; button_two_bg_color__hover_enabled=&#8221;off&#8221;]International Confederation of Plastic Surgery Societies<br \/>\n[\/et_pb_slide][et_pb_slide heading=&#8221;SECPRE&#8221; image=&#8221;http:\/\/drhamers.de\/drhamers\/wp-content\/uploads\/2017\/07\/secpre1.png&#8221; use_bg_overlay=&#8221;off&#8221; use_text_overlay=&#8221;off&#8221; _builder_version=&#8221;3.16&#8243; header_font=&#8221;||||&#8221; body_font=&#8221;||||&#8221; background_color=&#8221;rgba(255,255,255,0)&#8221; button_icon_placement=&#8221;right&#8221; button_on_hover=&#8221;on&#8221; background_layout=&#8221;light&#8221; sticky_transition=&#8221;on&#8221; button_text_size__hover_enabled=&#8221;off&#8221; button_one_text_size__hover_enabled=&#8221;off&#8221; button_two_text_size__hover_enabled=&#8221;off&#8221; button_text_color__hover_enabled=&#8221;off&#8221; button_one_text_color__hover_enabled=&#8221;off&#8221; button_two_text_color__hover_enabled=&#8221;off&#8221; button_border_width__hover_enabled=&#8221;off&#8221; button_one_border_width__hover_enabled=&#8221;off&#8221; button_two_border_width__hover_enabled=&#8221;off&#8221; button_border_color__hover_enabled=&#8221;off&#8221; button_one_border_color__hover_enabled=&#8221;off&#8221; button_two_border_color__hover_enabled=&#8221;off&#8221; button_border_radius__hover_enabled=&#8221;off&#8221; button_one_border_radius__hover_enabled=&#8221;off&#8221; button_two_border_radius__hover_enabled=&#8221;off&#8221; button_letter_spacing__hover_enabled=&#8221;off&#8221; button_one_letter_spacing__hover_enabled=&#8221;off&#8221; button_two_letter_spacing__hover_enabled=&#8221;off&#8221; button_bg_color__hover_enabled=&#8221;off&#8221; button_one_bg_color__hover_enabled=&#8221;off&#8221; button_two_bg_color__hover_enabled=&#8221;off&#8221;]Sociedad Espa\u00f1ola de Cirugia Plastica Reparadora y Est\u00e9tica<br \/>\n[\/et_pb_slide][et_pb_slide heading=&#8221;DGPR\u00c4C&#8221; image=&#8221;http:\/\/drhamers.de\/drhamers\/wp-content\/uploads\/2017\/10\/Logo_DGPRAEC_500px_transparent.png&#8221; use_bg_overlay=&#8221;off&#8221; use_text_overlay=&#8221;off&#8221; _builder_version=&#8221;3.16&#8243; header_font=&#8221;||||&#8221; body_font=&#8221;||||&#8221; background_color=&#8221;rgba(255,255,255,0)&#8221; background_size=&#8221;initial&#8221; button_icon_placement=&#8221;right&#8221; button_on_hover=&#8221;on&#8221; background_layout=&#8221;light&#8221; sticky_transition=&#8221;on&#8221; button_text_size__hover_enabled=&#8221;off&#8221; button_one_text_size__hover_enabled=&#8221;off&#8221; button_two_text_size__hover_enabled=&#8221;off&#8221; button_text_color__hover_enabled=&#8221;off&#8221; button_one_text_color__hover_enabled=&#8221;off&#8221; button_two_text_color__hover_enabled=&#8221;off&#8221; button_border_width__hover_enabled=&#8221;off&#8221; button_one_border_width__hover_enabled=&#8221;off&#8221; button_two_border_width__hover_enabled=&#8221;off&#8221; button_border_color__hover_enabled=&#8221;off&#8221; button_one_border_color__hover_enabled=&#8221;off&#8221; button_two_border_color__hover_enabled=&#8221;off&#8221; button_border_radius__hover_enabled=&#8221;off&#8221; button_one_border_radius__hover_enabled=&#8221;off&#8221; button_two_border_radius__hover_enabled=&#8221;off&#8221; button_letter_spacing__hover_enabled=&#8221;off&#8221; button_one_letter_spacing__hover_enabled=&#8221;off&#8221; button_two_letter_spacing__hover_enabled=&#8221;off&#8221; button_bg_color__hover_enabled=&#8221;off&#8221; button_one_bg_color__hover_enabled=&#8221;off&#8221; button_two_bg_color__hover_enabled=&#8221;off&#8221;]Deutsche Gesellschaft der\u2028 Plastischen, Rekonstruktiven und \u00c4sthetischen Chirurgen e. V.<br \/>\n[\/et_pb_slide][et_pb_slide heading=&#8221;ESPRAS&#8221; image=&#8221;http:\/\/drhamers.de\/drhamers\/wp-content\/uploads\/2017\/10\/espras-logo2.png&#8221; use_bg_overlay=&#8221;off&#8221; use_text_overlay=&#8221;off&#8221; _builder_version=&#8221;3.16&#8243; header_font=&#8221;||||&#8221; body_font=&#8221;||||&#8221; background_color=&#8221;rgba(255,255,255,0)&#8221; button_icon_placement=&#8221;right&#8221; button_on_hover=&#8221;on&#8221; background_layout=&#8221;light&#8221; sticky_transition=&#8221;on&#8221; button_text_size__hover_enabled=&#8221;off&#8221; button_one_text_size__hover_enabled=&#8221;off&#8221; button_two_text_size__hover_enabled=&#8221;off&#8221; button_text_color__hover_enabled=&#8221;off&#8221; button_one_text_color__hover_enabled=&#8221;off&#8221; button_two_text_color__hover_enabled=&#8221;off&#8221; button_border_width__hover_enabled=&#8221;off&#8221; button_one_border_width__hover_enabled=&#8221;off&#8221; button_two_border_width__hover_enabled=&#8221;off&#8221; button_border_color__hover_enabled=&#8221;off&#8221; button_one_border_color__hover_enabled=&#8221;off&#8221; button_two_border_color__hover_enabled=&#8221;off&#8221; button_border_radius__hover_enabled=&#8221;off&#8221; button_one_border_radius__hover_enabled=&#8221;off&#8221; button_two_border_radius__hover_enabled=&#8221;off&#8221; button_letter_spacing__hover_enabled=&#8221;off&#8221; button_one_letter_spacing__hover_enabled=&#8221;off&#8221; button_two_letter_spacing__hover_enabled=&#8221;off&#8221; button_bg_color__hover_enabled=&#8221;off&#8221; button_one_bg_color__hover_enabled=&#8221;off&#8221; button_two_bg_color__hover_enabled=&#8221;off&#8221;]The European Society of Plastic, Reconstructive and Aesthetic Surgery<br \/>\n[\/et_pb_slide][\/et_pb_slider][\/et_pb_column][\/et_pb_row][\/et_pb_section]<\/p>\n","protected":false},"excerpt":{"rendered":"<p>[et_pb_section fb_built=&#8221;1&#8243; _builder_version=&#8221;3.22&#8243; background_color=&#8221;rgba(255,255,255,0.73)&#8221;][et_pb_row _builder_version=&#8221;3.25&#8243; background_size=&#8221;initial&#8221; background_position=&#8221;top_left&#8221; background_repeat=&#8221;repeat&#8221; column_structure=&#8221;1_2,1_2&#8243;][et_pb_column type=&#8221;1_2&#8243; _builder_version=&#8221;3.25&#8243; custom_padding=&#8221;|||&#8221; custom_padding__hover=&#8221;|||&#8221;][et_pb_text _builder_version=&#8221;3.27.4&#8243;] Formaci\u00f3n Desde 2017 el Dr. Alexander Hamers realiza consultas y tratamientos en su pr\u00e1ctica privadas DR. HAMERS AESTHETICS en Colonia\/ Frechen-K\u00f6nigsdorf (Alemania), adem\u00e1s de ser especialista en el aumento de volumen con la propia grasa del paciente. La transferencia de grasa [&hellip;]<\/p>\n","protected":false},"author":3,"featured_media":0,"parent":25044,"menu_order":0,"comment_status":"closed","ping_status":"closed","template":"","meta":{"_et_pb_use_builder":"on","_et_pb_old_content":"","_et_gb_content_width":"","_mi_skip_tracking":false,"cybocfi_hide_featured_image":""},"_links":{"self":[{"href":"https:\/\/drhamers.de\/drhamers\/wp-json\/wp\/v2\/pages\/25263"}],"collection":[{"href":"https:\/\/drhamers.de\/drhamers\/wp-json\/wp\/v2\/pages"}],"about":[{"href":"https:\/\/drhamers.de\/drhamers\/wp-json\/wp\/v2\/types\/page"}],"author":[{"embeddable":true,"href":"https:\/\/drhamers.de\/drhamers\/wp-json\/wp\/v2\/users\/3"}],"replies":[{"embeddable":true,"href":"https:\/\/drhamers.de\/drhamers\/wp-json\/wp\/v2\/comments?post=25263"}],"version-history":[{"count":18,"href":"https:\/\/drhamers.de\/drhamers\/wp-json\/wp\/v2\/pages\/25263\/revisions"}],"predecessor-version":[{"id":27389,"href":"https:\/\/drhamers.de\/drhamers\/wp-json\/wp\/v2\/pages\/25263\/revisions\/27389"}],"up":[{"embeddable":true,"href":"https:\/\/drhamers.de\/drhamers\/wp-json\/wp\/v2\/pages\/25044"}],"wp:attachment":[{"href":"https:\/\/drhamers.de\/drhamers\/wp-json\/wp\/v2\/media?parent=25263"}],"curies":[{"name":"wp","href":"https:\/\/api.w.org\/{rel}","templated":true}]}}