{"id":25579,"date":"2017-10-06T09:00:16","date_gmt":"2017-10-06T09:00:16","guid":{"rendered":"http:\/\/drhamers.de\/drhamers\/?page_id=25579"},"modified":"2018-01-28T18:18:44","modified_gmt":"2018-01-28T18:18:44","slug":"videos","status":"publish","type":"page","link":"https:\/\/drhamers.de\/drhamers\/de\/videos\/","title":{"rendered":"Videos"},"content":{"rendered":"<p>[et_pb_section bb_built=&#8221;1&#8243; fullwidth=&#8221;on&#8221; _builder_version=&#8221;3.0.47&#8243;][et_pb_fullwidth_header title=&#8221;Videobeitr\u00e4ge&#8221; subhead=&#8221;Hier finden Sie eine Auswahl an Video-Vortr\u00e4gen und Konferenzbeitr\u00e4gen von Dr. Alexander T. Hamers.&#8221; background_layout=&#8221;dark&#8221; background_overlay_color=&#8221;#47aab7&#8243; _builder_version=&#8221;3.0.66&#8243; background_color=&#8221;#a3a3a3&#8243; \/][\/et_pb_section][et_pb_section bb_built=&#8221;1&#8243; background_color=&#8221;rgba(255,255,255,0.63)&#8221; _builder_version=&#8221;3.0.66&#8243;][et_pb_row][et_pb_column type=&#8221;1_2&#8243;][et_pb_code _builder_version=&#8221;3.0.66&#8243;]&lt;iframe src=&#8221;https:\/\/player.vimeo.com\/video\/224033268&#8243; width=&#8221;640&#8243; height=&#8221;360&#8243; frameborder=&#8221;0&#8243; webkitallowfullscreen mozallowfullscreen allowfullscreen&gt;&lt;\/iframe&gt;[\/et_pb_code][\/et_pb_column][et_pb_column type=&#8221;1_2&#8243;][et_pb_code _builder_version=&#8221;3.0.66&#8243;]&lt;iframe src=&#8221;https:\/\/player.vimeo.com\/video\/227302855&#8243; width=&#8221;640&#8243; height=&#8221;360&#8243; frameborder=&#8221;0&#8243; webkitallowfullscreen mozallowfullscreen allowfullscreen&gt;&lt;\/iframe&gt;[\/et_pb_code][\/et_pb_column][\/et_pb_row][et_pb_row][et_pb_column type=&#8221;1_2&#8243;][et_pb_code _builder_version=&#8221;3.0.66&#8243;]&lt;iframe src=&#8221;https:\/\/player.vimeo.com\/video\/234873708&#8243; width=&#8221;640&#8243; height=&#8221;360&#8243; frameborder=&#8221;0&#8243; webkitallowfullscreen mozallowfullscreen allowfullscreen&gt;&lt;\/iframe&gt;[\/et_pb_code][\/et_pb_column][et_pb_column type=&#8221;1_2&#8243;][et_pb_code _builder_version=&#8221;3.0.66&#8243;]&lt;iframe src=&#8221;https:\/\/player.vimeo.com\/video\/227301659&#8243; width=&#8221;640&#8243; height=&#8221;360&#8243; frameborder=&#8221;0&#8243; webkitallowfullscreen mozallowfullscreen allowfullscreen&gt;&lt;\/iframe&gt;[\/et_pb_code][\/et_pb_column][\/et_pb_row][et_pb_row][et_pb_column type=&#8221;1_2&#8243;][et_pb_code _builder_version=&#8221;3.0.66&#8243;]&lt;iframe src=&#8221;https:\/\/player.vimeo.com\/video\/234897806&#8243; width=&#8221;640&#8243; height=&#8221;360&#8243; frameborder=&#8221;0&#8243; webkitallowfullscreen mozallowfullscreen allowfullscreen&gt;&lt;\/iframe&gt;[\/et_pb_code][\/et_pb_column][et_pb_column type=&#8221;1_2&#8243;][\/et_pb_column][\/et_pb_row][\/et_pb_section]<\/p>\n","protected":false},"excerpt":{"rendered":"<p>[et_pb_section bb_built=&#8221;1&#8243; fullwidth=&#8221;on&#8221; _builder_version=&#8221;3.0.47&#8243;][et_pb_fullwidth_header title=&#8221;Videobeitr\u00e4ge&#8221; subhead=&#8221;Hier finden Sie eine Auswahl an Video-Vortr\u00e4gen und Konferenzbeitr\u00e4gen von Dr. Alexander T. Hamers.&#8221; background_layout=&#8221;dark&#8221; background_overlay_color=&#8221;#47aab7&#8243; _builder_version=&#8221;3.0.66&#8243; background_color=&#8221;#a3a3a3&#8243; \/][\/et_pb_section][et_pb_section bb_built=&#8221;1&#8243; background_color=&#8221;rgba(255,255,255,0.63)&#8221; _builder_version=&#8221;3.0.66&#8243;][et_pb_row][et_pb_column type=&#8221;1_2&#8243;][et_pb_code _builder_version=&#8221;3.0.66&#8243;]&lt;iframe src=&#8221;https:\/\/player.vimeo.com\/video\/224033268&#8243; width=&#8221;640&#8243; height=&#8221;360&#8243; frameborder=&#8221;0&#8243; webkitallowfullscreen mozallowfullscreen allowfullscreen&gt;&lt;\/iframe&gt;[\/et_pb_code][\/et_pb_column][et_pb_column type=&#8221;1_2&#8243;][et_pb_code _builder_version=&#8221;3.0.66&#8243;]&lt;iframe src=&#8221;https:\/\/player.vimeo.com\/video\/227302855&#8243; width=&#8221;640&#8243; height=&#8221;360&#8243; frameborder=&#8221;0&#8243; webkitallowfullscreen mozallowfullscreen allowfullscreen&gt;&lt;\/iframe&gt;[\/et_pb_code][\/et_pb_column][\/et_pb_row][et_pb_row][et_pb_column type=&#8221;1_2&#8243;][et_pb_code _builder_version=&#8221;3.0.66&#8243;]&lt;iframe src=&#8221;https:\/\/player.vimeo.com\/video\/234873708&#8243; width=&#8221;640&#8243; height=&#8221;360&#8243; frameborder=&#8221;0&#8243; webkitallowfullscreen mozallowfullscreen allowfullscreen&gt;&lt;\/iframe&gt;[\/et_pb_code][\/et_pb_column][et_pb_column type=&#8221;1_2&#8243;][et_pb_code [&hellip;]<\/p>\n","protected":false},"author":3,"featured_media":0,"parent":0,"menu_order":0,"comment_status":"closed","ping_status":"closed","template":"","meta":{"_et_pb_use_builder":"on","_et_pb_old_content":"","_et_gb_content_width":"","_mi_skip_tracking":false,"cybocfi_hide_featured_image":""},"_links":{"self":[{"href":"https:\/\/drhamers.de\/drhamers\/wp-json\/wp\/v2\/pages\/25579"}],"collection":[{"href":"https:\/\/drhamers.de\/drhamers\/wp-json\/wp\/v2\/pages"}],"about":[{"href":"https:\/\/drhamers.de\/drhamers\/wp-json\/wp\/v2\/types\/page"}],"author":[{"embeddable":true,"href":"https:\/\/drhamers.de\/drhamers\/wp-json\/wp\/v2\/users\/3"}],"replies":[{"embeddable":true,"href":"https:\/\/drhamers.de\/drhamers\/wp-json\/wp\/v2\/comments?post=25579"}],"version-history":[{"count":16,"href":"https:\/\/drhamers.de\/drhamers\/wp-json\/wp\/v2\/pages\/25579\/revisions"}],"predecessor-version":[{"id":26609,"href":"https:\/\/drhamers.de\/drhamers\/wp-json\/wp\/v2\/pages\/25579\/revisions\/26609"}],"wp:attachment":[{"href":"https:\/\/drhamers.de\/drhamers\/wp-json\/wp\/v2\/media?parent=25579"}],"curies":[{"name":"wp","href":"https:\/\/api.w.org\/{rel}","templated":true}]}}