{"id":258,"date":"2017-05-01T14:12:32","date_gmt":"2017-05-01T14:12:32","guid":{"rendered":"http:\/\/drhamers.de\/drhamers\/?page_id=258"},"modified":"2023-05-29T12:07:50","modified_gmt":"2023-05-29T12:07:50","slug":"kontakt","status":"publish","type":"page","link":"https:\/\/drhamers.de\/drhamers\/de\/kontakt\/","title":{"rendered":"Kontakt"},"content":{"rendered":"<p>[et_pb_section fb_built=&#8221;1&#8243; admin_label=&#8221;section&#8221; _builder_version=&#8221;3.22&#8243; background_color=&#8221;rgba(255,255,255,0.63)&#8221;][et_pb_row column_structure=&#8221;1_4,1_4,1_4,1_4&#8243; _builder_version=&#8221;4.7.7&#8243; _module_preset=&#8221;default&#8221;][et_pb_column type=&#8221;1_4&#8243; _builder_version=&#8221;4.7.7&#8243; _module_preset=&#8221;default&#8221;][et_pb_image src=&#8221;https:\/\/drhamers.de\/drhamers\/wp-content\/uploads\/2022\/01\/DnW_JAH_Hamers-29-scaled.jpg&#8221; title_text=&#8221;Praxis Dr Hamers&#8221; _builder_version=&#8221;4.7.7&#8243; _module_preset=&#8221;default&#8221;][\/et_pb_image][\/et_pb_column][et_pb_column type=&#8221;1_4&#8243; _builder_version=&#8221;4.7.7&#8243; _module_preset=&#8221;default&#8221;][et_pb_image src=&#8221;https:\/\/drhamers.de\/drhamers\/wp-content\/uploads\/2022\/01\/DnW_JAH_Hamers-32-scaled.jpg&#8221; title_text=&#8221;Beratung Dr. Hamers&#8221; _builder_version=&#8221;4.7.7&#8243; _module_preset=&#8221;default&#8221;][\/et_pb_image][\/et_pb_column][et_pb_column type=&#8221;1_4&#8243; _builder_version=&#8221;4.7.7&#8243; _module_preset=&#8221;default&#8221;][et_pb_image src=&#8221;https:\/\/drhamers.de\/drhamers\/wp-content\/uploads\/2022\/01\/DnW_Klinik_Part2_-74-scaled.jpg&#8221; title_text=&#8221;OP Vorbereitung&#8221; _builder_version=&#8221;4.7.7&#8243; _module_preset=&#8221;default&#8221;][\/et_pb_image][\/et_pb_column][et_pb_column type=&#8221;1_4&#8243; _builder_version=&#8221;4.7.7&#8243; _module_preset=&#8221;default&#8221;][et_pb_image src=&#8221;https:\/\/drhamers.de\/drhamers\/wp-content\/uploads\/2022\/01\/DnW_JAH_Hamers-45-scaled.jpg&#8221; title_text=&#8221;Praxis Dr. Hamers&#8221; _builder_version=&#8221;4.7.7&#8243; _module_preset=&#8221;default&#8221;][\/et_pb_image][\/et_pb_column][\/et_pb_row][et_pb_row column_structure=&#8221;1_2,1_2&#8243; admin_label=&#8221;row&#8221; module_class=&#8221; et_pb_row_fullwidth&#8221; _builder_version=&#8221;3.25&#8243; background_size=&#8221;initial&#8221; background_position=&#8221;top_left&#8221; background_repeat=&#8221;repeat&#8221; width=&#8221;89%&#8221; width_tablet=&#8221;80%&#8221; width_phone=&#8221;&#8221; width_last_edited=&#8221;on|desktop&#8221; max_width=&#8221;89%&#8221; max_width_tablet=&#8221;80%&#8221; max_width_phone=&#8221;&#8221; max_width_last_edited=&#8221;on|desktop&#8221; make_fullwidth=&#8221;on&#8221;][et_pb_column type=&#8221;1_2&#8243; _builder_version=&#8221;3.25&#8243; custom_padding=&#8221;|||&#8221; custom_padding__hover=&#8221;|||&#8221;][et_pb_text _builder_version=&#8221;4.7.7&#8243;]<\/p>\n<h5>W\u00fcnschen Sie ein pers\u00f6nliches Beratungsgespr\u00e4ch oder haben Sie Fragen?<span style=\"font-size: 15px;\">\u00a0<\/span><\/h5>\n<p>&nbsp;<\/p>\n<h5><strong>Praxis Dr. Hamers AESTHETICS (1. OG) | Klinik K\u00f6nigsdorf<\/strong><\/h5>\n<h5><strong>Aachener Str. 577<span style=\"font-size: 15px; color: #353535;\">\u00a0|\u00a0<\/span><\/strong><strong style=\"font-size: 16px;\">50226 Frechen-K\u00f6nigsdorf<\/strong><span style=\"font-size: 15px; color: #353535;\">\u00a0<\/span><\/h5>\n<h5><\/h5>\n<h5>Sie erreichen uns unter Tel. <a href=\"tel:+49221259%20924 36\"><strong>0221 \/ 259 924 36<\/strong><\/a>, per WhatsApp oder per Email an <strong>info@drhamers.de<\/strong>.<\/h5>\n<p>&nbsp;<\/p>\n<p>[\/et_pb_text][et_pb_image src=&#8221;https:\/\/drhamers.de\/drhamers\/wp-content\/uploads\/2022\/01\/DnW_Klinik_Part2_-3.jpg&#8221; title_text=&#8221;Praxis Team&#8221; _builder_version=&#8221;4.7.7&#8243; _module_preset=&#8221;default&#8221;][\/et_pb_image][\/et_pb_column][et_pb_column type=&#8221;1_2&#8243; _builder_version=&#8221;3.25&#8243; custom_padding=&#8221;|||&#8221; custom_padding__hover=&#8221;|||&#8221;][et_pb_image src=&#8221;http:\/\/drhamers.de\/drhamers\/wp-content\/uploads\/2018\/04\/WhatsApp_Logo_4.png&#8221; align=&#8221;center&#8221; align_tablet=&#8221;center&#8221; align_phone=&#8221;&#8221; align_last_edited=&#8221;on|desktop&#8221; _builder_version=&#8221;3.23&#8243; animation_style=&#8221;slide&#8221; animation_direction=&#8221;left&#8221; animation_duration=&#8221;500ms&#8221; animation_intensity_slide=&#8221;10%&#8221;][\/et_pb_image][et_pb_text _builder_version=&#8221;3.27.4&#8243;]<\/p>\n<h3 style=\"text-align: center;\">Sie erreichen uns auch per WhatsApp oder iMessage <a href=\"tel:+4917622807913\"><strong>+49 176 22807913<\/strong><\/a><\/h3>\n<p>[\/et_pb_text][\/et_pb_column][\/et_pb_row][et_pb_row column_structure=&#8221;1_4,1_4,1_4,1_4&#8243; _builder_version=&#8221;4.7.7&#8243; _module_preset=&#8221;default&#8221;][et_pb_column type=&#8221;1_4&#8243; _builder_version=&#8221;4.7.7&#8243; _module_preset=&#8221;default&#8221;][et_pb_image src=&#8221;https:\/\/drhamers.de\/drhamers\/wp-content\/uploads\/2022\/01\/DnW_JAH_Hamers-2-1-scaled-e1642762030366.jpg&#8221; title_text=&#8221;Klinik K\u00f6nigsdorf&#8221; _builder_version=&#8221;4.7.7&#8243; _module_preset=&#8221;default&#8221;][\/et_pb_image][\/et_pb_column][et_pb_column type=&#8221;1_4&#8243; _builder_version=&#8221;4.7.7&#8243; _module_preset=&#8221;default&#8221;][et_pb_image src=&#8221;https:\/\/drhamers.de\/drhamers\/wp-content\/uploads\/2022\/01\/DnW_JAH_Hamers-7-scaled.jpg&#8221; title_text=&#8221;Beratung Dr. Hamers&#8221; _builder_version=&#8221;4.7.7&#8243; _module_preset=&#8221;default&#8221;][\/et_pb_image][\/et_pb_column][et_pb_column type=&#8221;1_4&#8243; _builder_version=&#8221;4.7.7&#8243; _module_preset=&#8221;default&#8221;][et_pb_image src=&#8221;https:\/\/drhamers.de\/drhamers\/wp-content\/uploads\/2022\/01\/DnW_JAH_Hamers-193-scaled.jpg&#8221; title_text=&#8221;OP&#8221; _builder_version=&#8221;4.7.7&#8243; _module_preset=&#8221;default&#8221;][\/et_pb_image][\/et_pb_column][et_pb_column type=&#8221;1_4&#8243; _builder_version=&#8221;4.7.7&#8243; _module_preset=&#8221;default&#8221;][et_pb_image src=&#8221;https:\/\/drhamers.de\/drhamers\/wp-content\/uploads\/2022\/01\/DnW_JAH_Hamers-196-scaled.jpg&#8221; title_text=&#8221;Patientenzimmer&#8221; _builder_version=&#8221;4.7.7&#8243; _module_preset=&#8221;default&#8221;][\/et_pb_image][\/et_pb_column][\/et_pb_row][et_pb_row _builder_version=&#8221;4.7.7&#8243; _module_preset=&#8221;default&#8221;][et_pb_column type=&#8221;4_4&#8243; _builder_version=&#8221;4.7.7&#8243; _module_preset=&#8221;default&#8221;][et_pb_code _builder_version=&#8221;4.7.7&#8243; _module_preset=&#8221;default&#8221;]<a href=\"https:\/\/www.doctolib.de\/plastische-und-asthetische-chirurgie\/frechen\/dr-hamers-aesthetics?utm_campaign=website-button&#038;utm_source=frechen\/dr-hamers-aesthetics-website-button&#038;utm_medium=referral&#038;utm_content=option-8&#038;utm_term=frechen\/dr-hamers-aesthetics\" style=\"position:fixed;z-index:20000;top:180px;right:0;display:block;text-align:center;opacity: 0.85;background-color:#0596de;color:#ffffff;font-size:14px;overflow:hidden;width:100px;border-radius: 4px 0 0 4px;text-decoration:none;padding:10px;line-height:1.4\" rel=\"noopener noreferrer\" target=\"_blank\"><span style=\"font-size:14px\">Termin<!\u2013- [et_pb_br_holder] -\u2013> online buchen<\/span><img style =\"height:15px;margin-top:10px;vertical-align:middle;width:auto\" src=\"https:\/\/www.doctolib.de\/external_button\/doctolib-white-transparent.png\" alt=\"Doctolib\"><\/a>[\/et_pb_code][et_pb_button button_url=&#8221;http:\/\/drhamers.de\/drhamers\/?page_id=314&#038;lang=de&#8221; button_text=&#8221;Impressum&#8221; button_alignment=&#8221;center&#8221; _builder_version=&#8221;3.16&#8243; button_text_size__hover_enabled=&#8221;off&#8221; button_one_text_size__hover_enabled=&#8221;off&#8221; button_two_text_size__hover_enabled=&#8221;off&#8221; button_text_color__hover_enabled=&#8221;off&#8221; button_one_text_color__hover_enabled=&#8221;off&#8221; button_two_text_color__hover_enabled=&#8221;off&#8221; button_border_width__hover_enabled=&#8221;off&#8221; button_one_border_width__hover_enabled=&#8221;off&#8221; button_two_border_width__hover_enabled=&#8221;off&#8221; button_border_color__hover_enabled=&#8221;off&#8221; button_one_border_color__hover_enabled=&#8221;off&#8221; button_two_border_color__hover_enabled=&#8221;off&#8221; button_border_radius__hover_enabled=&#8221;off&#8221; button_one_border_radius__hover_enabled=&#8221;off&#8221; button_two_border_radius__hover_enabled=&#8221;off&#8221; button_letter_spacing__hover_enabled=&#8221;off&#8221; button_one_letter_spacing__hover_enabled=&#8221;off&#8221; button_two_letter_spacing__hover_enabled=&#8221;off&#8221; button_bg_color__hover_enabled=&#8221;off&#8221; button_one_bg_color__hover_enabled=&#8221;off&#8221; button_two_bg_color__hover_enabled=&#8221;off&#8221;][\/et_pb_button][\/et_pb_column][\/et_pb_row][\/et_pb_section]<\/p>\n","protected":false},"excerpt":{"rendered":"<p>[et_pb_section fb_built=&#8221;1&#8243; admin_label=&#8221;section&#8221; _builder_version=&#8221;3.22&#8243; background_color=&#8221;rgba(255,255,255,0.63)&#8221;][et_pb_row column_structure=&#8221;1_4,1_4,1_4,1_4&#8243; _builder_version=&#8221;4.7.7&#8243; _module_preset=&#8221;default&#8221;][et_pb_column type=&#8221;1_4&#8243; _builder_version=&#8221;4.7.7&#8243; _module_preset=&#8221;default&#8221;][et_pb_image src=&#8221;https:\/\/drhamers.de\/drhamers\/wp-content\/uploads\/2022\/01\/DnW_JAH_Hamers-29-scaled.jpg&#8221; title_text=&#8221;Praxis Dr Hamers&#8221; _builder_version=&#8221;4.7.7&#8243; _module_preset=&#8221;default&#8221;][\/et_pb_image][\/et_pb_column][et_pb_column type=&#8221;1_4&#8243; _builder_version=&#8221;4.7.7&#8243; _module_preset=&#8221;default&#8221;][et_pb_image src=&#8221;https:\/\/drhamers.de\/drhamers\/wp-content\/uploads\/2022\/01\/DnW_JAH_Hamers-32-scaled.jpg&#8221; title_text=&#8221;Beratung Dr. Hamers&#8221; _builder_version=&#8221;4.7.7&#8243; _module_preset=&#8221;default&#8221;][\/et_pb_image][\/et_pb_column][et_pb_column type=&#8221;1_4&#8243; _builder_version=&#8221;4.7.7&#8243; _module_preset=&#8221;default&#8221;][et_pb_image src=&#8221;https:\/\/drhamers.de\/drhamers\/wp-content\/uploads\/2022\/01\/DnW_Klinik_Part2_-74-scaled.jpg&#8221; title_text=&#8221;OP Vorbereitung&#8221; _builder_version=&#8221;4.7.7&#8243; _module_preset=&#8221;default&#8221;][\/et_pb_image][\/et_pb_column][et_pb_column type=&#8221;1_4&#8243; _builder_version=&#8221;4.7.7&#8243; _module_preset=&#8221;default&#8221;][et_pb_image src=&#8221;https:\/\/drhamers.de\/drhamers\/wp-content\/uploads\/2022\/01\/DnW_JAH_Hamers-45-scaled.jpg&#8221; title_text=&#8221;Praxis Dr. Hamers&#8221; _builder_version=&#8221;4.7.7&#8243; _module_preset=&#8221;default&#8221;][\/et_pb_image][\/et_pb_column][\/et_pb_row][et_pb_row column_structure=&#8221;1_2,1_2&#8243; admin_label=&#8221;row&#8221; module_class=&#8221; et_pb_row_fullwidth&#8221; _builder_version=&#8221;3.25&#8243; background_size=&#8221;initial&#8221; background_position=&#8221;top_left&#8221; background_repeat=&#8221;repeat&#8221; width=&#8221;89%&#8221; width_tablet=&#8221;80%&#8221; width_phone=&#8221;&#8221; width_last_edited=&#8221;on|desktop&#8221; [&hellip;]<\/p>\n","protected":false},"author":1,"featured_media":0,"parent":0,"menu_order":0,"comment_status":"closed","ping_status":"closed","template":"","meta":{"_et_pb_use_builder":"on","_et_pb_old_content":"","_et_gb_content_width":"","_mi_skip_tracking":false,"cybocfi_hide_featured_image":""},"_links":{"self":[{"href":"https:\/\/drhamers.de\/drhamers\/wp-json\/wp\/v2\/pages\/258"}],"collection":[{"href":"https:\/\/drhamers.de\/drhamers\/wp-json\/wp\/v2\/pages"}],"about":[{"href":"https:\/\/drhamers.de\/drhamers\/wp-json\/wp\/v2\/types\/page"}],"author":[{"embeddable":true,"href":"https:\/\/drhamers.de\/drhamers\/wp-json\/wp\/v2\/users\/1"}],"replies":[{"embeddable":true,"href":"https:\/\/drhamers.de\/drhamers\/wp-json\/wp\/v2\/comments?post=258"}],"version-history":[{"count":37,"href":"https:\/\/drhamers.de\/drhamers\/wp-json\/wp\/v2\/pages\/258\/revisions"}],"predecessor-version":[{"id":27454,"href":"https:\/\/drhamers.de\/drhamers\/wp-json\/wp\/v2\/pages\/258\/revisions\/27454"}],"wp:attachment":[{"href":"https:\/\/drhamers.de\/drhamers\/wp-json\/wp\/v2\/media?parent=258"}],"curies":[{"name":"wp","href":"https:\/\/api.w.org\/{rel}","templated":true}]}}