{"id":25816,"date":"2017-10-25T13:51:24","date_gmt":"2017-10-25T13:51:24","guid":{"rendered":"http:\/\/drhamers.de\/drhamers\/?page_id=25816"},"modified":"2017-11-29T19:23:39","modified_gmt":"2017-11-29T19:23:39","slug":"cirugia-reconstructiva","status":"publish","type":"page","link":"https:\/\/drhamers.de\/drhamers\/es\/cirugia-reconstructiva\/","title":{"rendered":"Cirug\u00eda reconstructiva"},"content":{"rendered":"<p>[et_pb_section bb_built=&#8221;1&#8243; fullwidth=&#8221;on&#8221; specialty=&#8221;off&#8221;][et_pb_fullwidth_header _builder_version=&#8221;3.0.66&#8243; title=&#8221;Cirug\u00eda reconstructiva&#8221; background_overlay_color=&#8221;#46c3ce&#8221; text_orientation=&#8221;left&#8221; header_fullscreen=&#8221;off&#8221; header_scroll_down=&#8221;off&#8221; image_orientation=&#8221;center&#8221; background_layout=&#8221;dark&#8221; content_orientation=&#8221;center&#8221; custom_button_one=&#8221;off&#8221; button_one_letter_spacing=&#8221;0&#8243; button_one_icon_placement=&#8221;right&#8221; button_one_letter_spacing_hover=&#8221;0&#8243; custom_button_two=&#8221;off&#8221; button_two_letter_spacing=&#8221;0&#8243; button_two_icon_placement=&#8221;right&#8221; button_two_letter_spacing_hover=&#8221;0&#8243;]<\/p>\n<p>Inf\u00f3rmese aqu\u00ed acerca de las cirug\u00edas reconstructivas y\u00a0p\u00f3ngase encontacto con nosotros.<\/p>\n<p>[\/et_pb_fullwidth_header][\/et_pb_section][et_pb_section bb_built=&#8221;1&#8243;][et_pb_row][et_pb_column type=&#8221;4_4&#8243;][et_pb_text _builder_version=&#8221;3.0.66&#8243; background_layout=&#8221;light&#8221; text_orientation=&#8221;left&#8221; border_style=&#8221;solid&#8221;]<\/p>\n<h3>Cirug\u00eda reconstructiva<\/h3>\n<p><a href=\"http:\/\/drhamers.de\/drhamers\/wp-content\/uploads\/2017\/07\/iStock-810116444-M.jpg\"><img loading=\"lazy\" class=\"size-medium wp-image-25791 alignright\" src=\"http:\/\/drhamers.de\/drhamers\/wp-content\/uploads\/2017\/07\/iStock-810116444-M-300x300.jpg\" alt=\"\" width=\"300\" height=\"300\" srcset=\"https:\/\/drhamers.de\/drhamers\/wp-content\/uploads\/2017\/07\/iStock-810116444-M-300x300.jpg 300w, https:\/\/drhamers.de\/drhamers\/wp-content\/uploads\/2017\/07\/iStock-810116444-M-150x150.jpg 150w, https:\/\/drhamers.de\/drhamers\/wp-content\/uploads\/2017\/07\/iStock-810116444-M-768x768.jpg 768w, https:\/\/drhamers.de\/drhamers\/wp-content\/uploads\/2017\/07\/iStock-810116444-M-610x610.jpg 610w, https:\/\/drhamers.de\/drhamers\/wp-content\/uploads\/2017\/07\/iStock-810116444-M.jpg 1024w\" sizes=\"(max-width: 300px) 100vw, 300px\" \/><\/a><\/p>\n<p>La cirug\u00eda reconstructiva y pl\u00e1stica tiene muchas aplicaciones ya que es posible reconstruir partes del cuerpo del paciente no s\u00f3lo de manera est\u00e9tica sino tambi\u00e9n para devolver la integridad a la superficie del cuerpo. Hace m\u00e1s de 1500 a\u00f1os que existen t\u00e9cnicas reconstructivas que van mejorando cada d\u00eda que pasa.<\/p>\n<p>Aparte de <a href=\"http:\/\/drhamers.de\/drhamers\/?project=reconstruccion-de-mamas&amp;lang=es\">la reconstrucci\u00f3n de mamas<\/a> tambi\u00e9n se pueden tratar:<\/p>\n<ul>\n<li>Defectos faciales, malformaciones o traumas.<\/li>\n<li>Defectos producidos por tumores o traumas que no se pueden arreglar sin una reconstrucci\u00f3n y que pueden llevar a la amputaci\u00f3n de extremidades: escaras, \u00falceras dec\u00fabito&#8230;(en la espalda, regi\u00f3n sacra o ci\u00e1tica).<\/li>\n<li>Se puede incluso mejorar las cicatrices visibles usando una lipotransferencia.<\/li>\n<\/ul>\n<p>El Dr. Hamers le ayudar\u00e1 a elegir la terapia que le venga mejor a su caso.<\/p>\n<p>[\/et_pb_text][et_pb_cta admin_label=&#8221;Call To Action&#8221; title=&#8221;\u00bfDesea m\u00e1s informaci\u00f3n?&#8221; button_url=&#8221;http:\/\/drhamers.de\/drhamers\/?page_id=25024&amp;lang=de&#8221; button_text=&#8221;P\u00f3ngase en contacto con nosotros&#8221; use_background_color=&#8221;off&#8221; background_color=&#8221;#108bf5&#8243; background_layout=&#8221;light&#8221; url_new_window=&#8221;off&#8221; border_style=&#8221;solid&#8221; custom_button=&#8221;off&#8221; button_letter_spacing=&#8221;0&#8243; button_icon_placement=&#8221;right&#8221; button_letter_spacing_hover=&#8221;0&#8243; background_position=&#8221;top_left&#8221; background_repeat=&#8221;repeat&#8221; background_size=&#8221;initial&#8221; _builder_version=&#8221;3.0.66&#8243; saved_tabs=&#8221;all&#8221; use_background_color_gradient=&#8221;off&#8221; background_color_gradient_start=&#8221;#2b87da&#8221; background_color_gradient_end=&#8221;#29c4a9&#8243; background_color_gradient_type=&#8221;linear&#8221; background_color_gradient_direction=&#8221;180deg&#8221; background_color_gradient_direction_radial=&#8221;center&#8221; background_color_gradient_start_position=&#8221;0%&#8221; background_color_gradient_end_position=&#8221;100%&#8221; parallax=&#8221;off&#8221; parallax_method=&#8221;on&#8221; background_blend=&#8221;normal&#8221; allow_player_pause=&#8221;off&#8221; text_orientation=&#8221;center&#8221; header_font=&#8221;||||&#8221; header_font_size=&#8221;26&#8243; header_font_size_tablet=&#8221;26&#8243; header_font_size_phone=&#8221;26&#8243; header_letter_spacing=&#8221;0px&#8221; header_letter_spacing_tablet=&#8221;0px&#8221; header_letter_spacing_phone=&#8221;0px&#8221; header_line_height=&#8221;1em&#8221; header_line_height_tablet=&#8221;1em&#8221; header_line_height_phone=&#8221;1em&#8221; body_font=&#8221;||||&#8221; body_font_size=&#8221;14&#8243; body_font_size_tablet=&#8221;14&#8243; body_font_size_phone=&#8221;14&#8243; body_letter_spacing=&#8221;0px&#8221; body_letter_spacing_tablet=&#8221;0px&#8221; body_letter_spacing_phone=&#8221;0px&#8221; body_line_height=&#8221;1.7em&#8221; body_line_height_tablet=&#8221;1.7em&#8221; body_line_height_phone=&#8221;1.7em&#8221; use_border_color=&#8221;off&#8221; border_color=&#8221;#ffffff&#8221; border_width=&#8221;1px&#8221; button_text_size=&#8221;20&#8243; button_text_size_tablet=&#8221;20&#8243; button_text_size_phone=&#8221;20&#8243; button_border_width=&#8221;2&#8243; button_border_radius=&#8221;3&#8243; button_letter_spacing_tablet=&#8221;0&#8243; button_letter_spacing_phone=&#8221;0&#8243; button_font=&#8221;||||&#8221; button_use_icon=&#8221;default&#8221; button_on_hover=&#8221;on&#8221; button_border_radius_hover=&#8221;3&#8243; button_letter_spacing_hover_tablet=&#8221;0&#8243; button_letter_spacing_hover_phone=&#8221;0&#8243; global_module=&#8221;25341&#8243; \/][\/et_pb_column][\/et_pb_row][\/et_pb_section]<\/p>\n","protected":false},"excerpt":{"rendered":"<p>[et_pb_section bb_built=&#8221;1&#8243; fullwidth=&#8221;on&#8221; specialty=&#8221;off&#8221;][et_pb_fullwidth_header _builder_version=&#8221;3.0.66&#8243; title=&#8221;Cirug\u00eda reconstructiva&#8221; background_overlay_color=&#8221;#46c3ce&#8221; text_orientation=&#8221;left&#8221; header_fullscreen=&#8221;off&#8221; header_scroll_down=&#8221;off&#8221; image_orientation=&#8221;center&#8221; background_layout=&#8221;dark&#8221; content_orientation=&#8221;center&#8221; custom_button_one=&#8221;off&#8221; button_one_letter_spacing=&#8221;0&#8243; button_one_icon_placement=&#8221;right&#8221; button_one_letter_spacing_hover=&#8221;0&#8243; custom_button_two=&#8221;off&#8221; button_two_letter_spacing=&#8221;0&#8243; button_two_icon_placement=&#8221;right&#8221; button_two_letter_spacing_hover=&#8221;0&#8243;] Inf\u00f3rmese aqu\u00ed acerca de las cirug\u00edas reconstructivas y\u00a0p\u00f3ngase encontacto con nosotros. [\/et_pb_fullwidth_header][\/et_pb_section][et_pb_section bb_built=&#8221;1&#8243;][et_pb_row][et_pb_column type=&#8221;4_4&#8243;][et_pb_text _builder_version=&#8221;3.0.66&#8243; background_layout=&#8221;light&#8221; text_orientation=&#8221;left&#8221; border_style=&#8221;solid&#8221;] Cirug\u00eda reconstructiva La cirug\u00eda reconstructiva y pl\u00e1stica tiene muchas aplicaciones ya que es posible reconstruir [&hellip;]<\/p>\n","protected":false},"author":3,"featured_media":0,"parent":0,"menu_order":0,"comment_status":"closed","ping_status":"closed","template":"","meta":{"_et_pb_use_builder":"on","_et_pb_old_content":"","_et_gb_content_width":"","_mi_skip_tracking":false,"cybocfi_hide_featured_image":""},"_links":{"self":[{"href":"https:\/\/drhamers.de\/drhamers\/wp-json\/wp\/v2\/pages\/25816"}],"collection":[{"href":"https:\/\/drhamers.de\/drhamers\/wp-json\/wp\/v2\/pages"}],"about":[{"href":"https:\/\/drhamers.de\/drhamers\/wp-json\/wp\/v2\/types\/page"}],"author":[{"embeddable":true,"href":"https:\/\/drhamers.de\/drhamers\/wp-json\/wp\/v2\/users\/3"}],"replies":[{"embeddable":true,"href":"https:\/\/drhamers.de\/drhamers\/wp-json\/wp\/v2\/comments?post=25816"}],"version-history":[{"count":4,"href":"https:\/\/drhamers.de\/drhamers\/wp-json\/wp\/v2\/pages\/25816\/revisions"}],"predecessor-version":[{"id":26348,"href":"https:\/\/drhamers.de\/drhamers\/wp-json\/wp\/v2\/pages\/25816\/revisions\/26348"}],"wp:attachment":[{"href":"https:\/\/drhamers.de\/drhamers\/wp-json\/wp\/v2\/media?parent=25816"}],"curies":[{"name":"wp","href":"https:\/\/api.w.org\/{rel}","templated":true}]}}