{"id":398,"date":"2017-05-21T20:45:27","date_gmt":"2017-05-21T20:45:27","guid":{"rendered":"http:\/\/drhamers.de\/drhamers\/?page_id=398"},"modified":"2023-05-29T12:09:20","modified_gmt":"2023-05-29T12:09:20","slug":"ueber-mich","status":"publish","type":"page","link":"https:\/\/drhamers.de\/drhamers\/de\/ueber-mich\/","title":{"rendered":"\u00dcber mich"},"content":{"rendered":"<p>[et_pb_section fb_built=&#8221;1&#8243; admin_label=&#8221;section&#8221; _builder_version=&#8221;3.22&#8243; background_color=&#8221;rgba(255,255,255,0.63)&#8221;][et_pb_row column_structure=&#8221;1_2,1_2&#8243; admin_label=&#8221;row&#8221; _builder_version=&#8221;3.25&#8243; background_size=&#8221;initial&#8221; background_position=&#8221;top_left&#8221; background_repeat=&#8221;repeat&#8221;][et_pb_column type=&#8221;1_2&#8243; _builder_version=&#8221;3.25&#8243; custom_padding=&#8221;|||&#8221; custom_padding__hover=&#8221;|||&#8221;][et_pb_testimonial _builder_version=&#8221;3.2&#8243;]<\/p>\n<h3><strong>Wie ich arbeite<\/strong><\/h3>\n<p>Wissen Sie, welches Kompliment ich am sch\u00f6nsten finde? Wenn mir Patienten berichten: \u201eKeiner hat\u00b4s gemerkt!\u201c. Das mag zun\u00e4chst verwundern. Sollte das Ergebnis eines chirurgischen Eingriffs nicht sichtbar sein? Darauf antworte ich: nat\u00fcrlich \u2013 im wahrsten Sinne des Wortes. Meine Patienten sehen nach einem Eingriff frischer und erholter aus \u2013 und diese nat\u00fcrliche Sch\u00f6nheit f\u00e4llt anderen auf. Sei es am Strand oder in der Stadt \u2013 der K\u00f6rper wirkt besser. Dass \u201eetwas gemacht wurde\u201c, sieht man jedoch nicht. Ich finde: Eine gute \u00e4sthetische Operation sollte nicht auffallen. Als Facharzt f\u00fcr Plastische und \u00c4sthetische Chirurgie helfe ich jeden Tag Menschen, sich in ihrem K\u00f6rper wohler zu f\u00fchlen \u2013 und sich ihre nat\u00fcrliche Sch\u00f6nheit zu bewahren.\u00a0Weil ich der festen \u00dcberzeugung bin, dass Spezialisierung zu den besten Ergebnissen f\u00fchrt, hat meine Arbeit besondere Schwerpunkte. Operationen mit Eigenfett erm\u00f6glichen es, Br\u00fcste und Pos \u2013 auch in Kombination mit Implantaten \u2013 nicht nur zu vergr\u00f6\u00dfern, sondern auch zu modellieren. Es entstehen keine \u201egemachten\u201c, sondern sch\u00f6ne Br\u00fcste und Pos. Als Nebeneffekt verschwinden unliebsame Fettp\u00f6lsterchen an H\u00fcfte, Bauch und Oberschenkel per sanfter Liposuktion. Das Ergebnis ist ein wohlgeformter K\u00f6rper und ein nat\u00fcrliches Aussehen. Als erster Chirurg in Europa habe ich die <em>EVL-Technik<\/em> (Expansions \u2013 Vibrations \u2013 Lipofilling) f\u00fcr den Fetttransfer eingesetzt. \u00a0<\/p>\n<h3><strong><\/strong><\/h3>\n<h3><strong>\u00dcber mich<\/strong><\/h3>\n<p>Sie finden meine Privatklinik &#8220;Klinik K\u00f6nigsdorf&#8221; in Frechen-K\u00f6nigsdorf am Rande von K\u00f6ln. Hier finden alle Operationen und \u00e4sthetischen Behandlungen statt. Zuvor war ich als Leitender Arzt der Abteilung f\u00fcr Plastische Chirurgie im Hospital Quir\u00f3nSalud M\u00e1laga t\u00e4tig, wo ich die Rekonstruktive Abteilung des Brustzentrums leitete. Meine Leidenschaft geh\u00f6rt den k\u00f6rperformenden Eingriffen mit Eigenfett. Ich geh\u00f6re zu den Chirurgen, die den <a href=\"http:\/\/drhamers.de\/drhamers\/de\/bbl\/\"><em>Brazilian Butt Lift (BBL)<\/em><\/a> in Europa etabliert haben. Weltweit bin ich einer derjenigen Mediziner, die diesen Eingriff perfekt beherrschen. Das liegt zum einen an meiner Erfahrung: In den vergangenen acht Jahren habe ich hunderten Patienten zu einem \u00e4sthetischeren Po verholfen. Meine Abteilung hat mit der BBL Operation nicht nur als Erste in Europa angefangen, sondern ist heute auch Marktf\u00fchrer. Neben der Erfahrung macht der wissenschaftliche Standard meine Arbeit besonders: Auf internationalen Kongressen, etwa in Bangkok, Hongkong, M\u00fcnchen oder in Mexiko halte ich Vortr\u00e4ge zu aktuellen Methoden, schule andere Chirurgen und bin in Expertengremien zu technischen Weiterentwicklungen vertreten. Meine Facharztausbildung f\u00fcr Plastische und Rekonstruktive Chirurgie absolvierte ich in Bonn, K\u00f6ln, Hattingen sowie Luzern und M\u00e1laga mit Stationen am Hospital del Mar der Universidad Autonoma de Barcelona, der Universidad de Buenos Aires sowie dem Beth Israel Medical Center New York. Doch egal, ob es um eine Versch\u00f6nerung von Po, Brust, Nase oder einer anderen Stelle Ihres K\u00f6rpers geht: Besonders wichtig ist mir, dass Sie sich vom ersten Moment an wohlf\u00fchlen. Deshalb erarbeiten wir gemeinsam in einem pers\u00f6nlichen Gespr\u00e4ch ein individuelles Konzept \u2013 gerne vor Ort oder auch digital \u00fcber meine Video-Sprechstunde. Lassen Sie uns, ganz unverbindlich, \u00fcber Ihre W\u00fcnsche sprechen.<\/p>\n<p>Herzlichst, Ihr<\/p>\n<p><strong>Dr. Alexander T. Hamers<\/strong><\/p>\n<p>[\/et_pb_testimonial][\/et_pb_column][et_pb_column type=&#8221;1_2&#8243; _builder_version=&#8221;3.25&#8243; custom_padding=&#8221;|||&#8221; custom_padding__hover=&#8221;|||&#8221;][et_pb_gallery gallery_ids=&#8221;1087,429,426,668,651,27345,27344,27357,27341,27351&#8243; posts_number=&#8221;12&#8243; orientation=&#8221;portrait&#8221; show_title_and_caption=&#8221;off&#8221; show_pagination=&#8221;off&#8221; _builder_version=&#8221;4.7.7&#8243; saved_tabs=&#8221;all&#8221;][\/et_pb_gallery][\/et_pb_column][\/et_pb_row][\/et_pb_section]<\/p>\n","protected":false},"excerpt":{"rendered":"<p>[et_pb_section fb_built=&#8221;1&#8243; admin_label=&#8221;section&#8221; _builder_version=&#8221;3.22&#8243; background_color=&#8221;rgba(255,255,255,0.63)&#8221;][et_pb_row column_structure=&#8221;1_2,1_2&#8243; admin_label=&#8221;row&#8221; _builder_version=&#8221;3.25&#8243; background_size=&#8221;initial&#8221; background_position=&#8221;top_left&#8221; background_repeat=&#8221;repeat&#8221;][et_pb_column type=&#8221;1_2&#8243; _builder_version=&#8221;3.25&#8243; custom_padding=&#8221;|||&#8221; custom_padding__hover=&#8221;|||&#8221;][et_pb_testimonial _builder_version=&#8221;3.2&#8243;] Wie ich arbeite Wissen Sie, welches Kompliment ich am sch\u00f6nsten finde? Wenn mir Patienten berichten: \u201eKeiner hat\u00b4s gemerkt!\u201c. Das mag zun\u00e4chst verwundern. Sollte das Ergebnis eines chirurgischen Eingriffs nicht sichtbar sein? Darauf antworte ich: nat\u00fcrlich \u2013 im wahrsten Sinne [&hellip;]<\/p>\n","protected":false},"author":1,"featured_media":0,"parent":0,"menu_order":0,"comment_status":"closed","ping_status":"closed","template":"","meta":{"_et_pb_use_builder":"on","_et_pb_old_content":"","_et_gb_content_width":"","_mi_skip_tracking":false,"cybocfi_hide_featured_image":""},"_links":{"self":[{"href":"https:\/\/drhamers.de\/drhamers\/wp-json\/wp\/v2\/pages\/398"}],"collection":[{"href":"https:\/\/drhamers.de\/drhamers\/wp-json\/wp\/v2\/pages"}],"about":[{"href":"https:\/\/drhamers.de\/drhamers\/wp-json\/wp\/v2\/types\/page"}],"author":[{"embeddable":true,"href":"https:\/\/drhamers.de\/drhamers\/wp-json\/wp\/v2\/users\/1"}],"replies":[{"embeddable":true,"href":"https:\/\/drhamers.de\/drhamers\/wp-json\/wp\/v2\/comments?post=398"}],"version-history":[{"count":36,"href":"https:\/\/drhamers.de\/drhamers\/wp-json\/wp\/v2\/pages\/398\/revisions"}],"predecessor-version":[{"id":27456,"href":"https:\/\/drhamers.de\/drhamers\/wp-json\/wp\/v2\/pages\/398\/revisions\/27456"}],"wp:attachment":[{"href":"https:\/\/drhamers.de\/drhamers\/wp-json\/wp\/v2\/media?parent=398"}],"curies":[{"name":"wp","href":"https:\/\/api.w.org\/{rel}","templated":true}]}}