{"id":402,"date":"2017-05-21T20:49:02","date_gmt":"2017-05-21T20:49:02","guid":{"rendered":"http:\/\/drhamers.de\/drhamers\/?page_id=402"},"modified":"2023-05-29T11:47:32","modified_gmt":"2023-05-29T11:47:32","slug":"presse-und-publikationen","status":"publish","type":"page","link":"https:\/\/drhamers.de\/drhamers\/de\/ueber-mich\/presse-und-publikationen\/","title":{"rendered":"Vortr\u00e4ge und Ver\u00f6ffentlichungen"},"content":{"rendered":"<p>[et_pb_section fb_built=&#8221;1&#8243; fullwidth=&#8221;on&#8221; _builder_version=&#8221;3.22&#8243;][et_pb_fullwidth_header title=&#8221;Fachvortr\u00e4ge und Publikationen&#8221; subhead=&#8221;Ein \u00dcberblick \u00fcber internationale Kongresse, Experten-Workshops, Fachartikel und Video-Kurse.&#8221; background_overlay_color=&#8221;#47aab7&#8243; content_max_width=&#8221;none&#8221; _builder_version=&#8221;3.16&#8243; background_color=&#8221;rgba(255, 255, 255, 0)&#8221; button_one_text_size__hover_enabled=&#8221;off&#8221; button_two_text_size__hover_enabled=&#8221;off&#8221; button_one_text_color__hover_enabled=&#8221;off&#8221; button_two_text_color__hover_enabled=&#8221;off&#8221; button_one_border_width__hover_enabled=&#8221;off&#8221; button_two_border_width__hover_enabled=&#8221;off&#8221; button_one_border_color__hover_enabled=&#8221;off&#8221; button_two_border_color__hover_enabled=&#8221;off&#8221; button_one_border_radius__hover_enabled=&#8221;off&#8221; button_two_border_radius__hover_enabled=&#8221;off&#8221; button_one_letter_spacing__hover_enabled=&#8221;off&#8221; button_two_letter_spacing__hover_enabled=&#8221;off&#8221; button_one_bg_color__hover_enabled=&#8221;off&#8221; button_two_bg_color__hover_enabled=&#8221;off&#8221;]&nbsp;<br \/>\n[\/et_pb_fullwidth_header][\/et_pb_section][et_pb_section fb_built=&#8221;1&#8243; admin_label=&#8221;section&#8221; _builder_version=&#8221;4.7.7&#8243; background_color=&#8221;rgba(255,255,255,0.63)&#8221;][et_pb_row column_structure=&#8221;1_5,3_5,1_5&#8243; _builder_version=&#8221;4.7.7&#8243; _module_preset=&#8221;default&#8221;][et_pb_column type=&#8221;1_5&#8243; _builder_version=&#8221;4.7.7&#8243; _module_preset=&#8221;default&#8221;][\/et_pb_column][et_pb_column type=&#8221;3_5&#8243; _builder_version=&#8221;4.7.7&#8243; _module_preset=&#8221;default&#8221;][et_pb_image src=&#8221;https:\/\/drhamers.de\/drhamers\/wp-content\/uploads\/2023\/05\/Plakaette-2023-003.png&#8221; title_text=&#8221;Focusliste&#8221; admin_label=&#8221;Image&#8221; _builder_version=&#8221;4.7.7&#8243; _module_preset=&#8221;default&#8221;][\/et_pb_image][\/et_pb_column][et_pb_column type=&#8221;1_5&#8243; _builder_version=&#8221;4.7.7&#8243; _module_preset=&#8221;default&#8221;][\/et_pb_column][\/et_pb_row][et_pb_row _builder_version=&#8221;4.7.7&#8243; _module_preset=&#8221;default&#8221;][et_pb_column type=&#8221;4_4&#8243; _builder_version=&#8221;4.7.7&#8243; _module_preset=&#8221;default&#8221;][et_pb_accordion _builder_version=&#8221;4.7.7&#8243; _module_preset=&#8221;default&#8221;][et_pb_accordion_item title=&#8221;Expertenvortr\u00e4ge&#8221; open=&#8221;on&#8221; _builder_version=&#8221;4.7.7&#8243; _module_preset=&#8221;default&#8221;]<\/p>\n<p>&nbsp;<\/p>\n<ul>\n<li>Faculty Speaker and Chairman, Vortr\u00e4ge zu <em>Breast and Buttock Surgery<\/em>, Chair Vaginoplasty, IMCAS World Congress, 2023, Paris<\/li>\n<li>Faculty Speaker and Chair, Vortr\u00e4ge zu <em>Breast and Buttock Surgery<\/em>, IMCAS Asia 2022, Bangkok<\/li>\n<li><em>Expansion Vibration Lipofilling for BBL \u2013 Staying on the safe side<\/em>, 10. Jahrestagung GAERID e.V., 2022, Leipzig<\/li>\n<li><em>K\u00f6rperfeminisierende Eingriffe mit Lipotransfer und\/oder Implantaten am Beispiel der Glutealchirurgie<\/em>, Symposium Trans* 2022, M\u00fcnchen<\/li>\n<li>Faculty Speaker, <em>Combination of Labioplasty and fat grafting for vaginal rejuvenation surgery<\/em>, IMCAS World Congress 2022, Paris<\/li>\n<li>Tagungspr\u00e4sident der 9. Jahrestagung GAERID e.V., 2021, K\u00f6ln<\/li>\n<li><em>Safe Large Buttock Augmentation<\/em>, ISAPS World Congress 2021, Wien<\/li>\n<li>Workshop zu invasiver und nicht-invasiver Glutealaugmentation, 2021, Dubai<\/li>\n<li>Faculty Speaker, Vortr\u00e4ge zu <em>Buttock Augmentation, Combined Breast Surgery, Vaginoplasty,<\/em>IMCAS Asia 2022, Bangkok<\/li>\n<li><em>Make your BBL safe and successful, <\/em>AMWC Global (virtual edition), 2020<\/li>\n<li><em>Po Vergr\u00f6\u00dferung mit Eigenfett, <\/em> Jahrestagung der G\u00c4CD, 2020, Frankfurt<\/li>\n<li><em>Sicherheit und M\u00f6glichkeiten der Glutealvergr\u00f6\u00dferung, <\/em>Jahrestagung GAERID e.V., 2020, K\u00f6ln<\/li>\n<li><em>Safety and Advantages in EVL Brazilian Butt Lifting, <\/em> Fr\u00fchjahrsakademie VD\u00c4PC, 2020, D\u00fcsseldorf<\/li>\n<li><em>Safety in BBL <\/em>und<em>Combined Breast Augmentation, <\/em>IMCAS Asia Class, 2020<\/li>\n<li>Faculty Speaker, Vortr\u00e4ge zu <em>Breast and Buttock Surgery<\/em>, <em>Vaginoplasty,<\/em>IMCAS World Congress 2020, Paris<\/li>\n<li><em>Sicherheit beim gro\u00dfvolumigen Fetttransfer in die Glutealregion, <\/em>DGPR\u00c4C Jahrestagung, 2019, Hamburg<\/li>\n<li><em>Brazilian Butt Lift, <\/em> Fr\u00fchjahrsakademie VD\u00c4PC, 2019, M\u00fcnchen<\/li>\n<li><em>Brazilian Butt Lift, 7. <\/em>Jahrestagung GAERID e.V., 2019, M\u00fcnchen<\/li>\n<li><em>EVL Buttock Augmentation, <\/em>IMCAS World Congress, 2019, Paris<\/li>\n<li><em>Combination of Labioplastia and Fat Grafting for Vaginal Rejuvenation Surgery, <\/em>DGPR\u00c4C Jahrestagung, 2018, Bochum<\/li>\n<li><em>Brazilian Butt Lift \u2013 Large Volume Fat Grafting EVL, <\/em>5CC, 2018, Barcelona<\/li>\n<li><em>Buttock Implants and EVL Fat Grafting<\/em>und <em>Reconstruction of Tuberous Breast Deformity, <\/em>IMCAS Asia, 2018, Bangkok<\/li>\n<li>Video-Teaching Kurs: <em>Brazilian Butt Lift<\/em>, 6. Jahrestagung GAERID e.V., 2018, M\u00fcnchen<\/li>\n<li><em>Reconstruction of Tuberous Breast Deformity<\/em>, IMCAS World Congress, 2018, Paris<\/li>\n<li>Vortr\u00e4ge zu BBL &amp; Aftercare und Workshop Moderation, 5<sup>th<\/sup>Live Surgery Course Marbella\/Malaga, CIRUMED, 2017, Malaga<\/li>\n<li>OP -Teaching Kurs: Po-Vergr\u00f6\u00dferung als Kombination von Silikonimplantat und Eigenfett, Jahrestagung GAERID e.V., 2017, M\u00fcnchen<\/li>\n<li>Vortr\u00e4ge zu <em>Advances in Scar Sparing Mastopexy, Labioplasty,<span>\u00a0 <\/span><\/em>IMCAS Americas, 2017, Canc\u00fan, Mexiko<\/li>\n<li><em>Scar Sparing Supercharged Mastopexy, <\/em>1st Marbella International Plastic Summer School (MIPSS), 2016, Marbella<\/li>\n<li>Video-Vortrag: <em>Implants and supergrafting \u2013 the value of composite surgery in aesthetic buttock surgery, <\/em>2<span size=\"2\" style=\"font-size: small;\">nd\u00a0<\/span>International Video Symposium, 2015, Berlin<\/li>\n<li>Vortr\u00e4ge zu <em>Buttock<\/em>and <em>Breast Surgery, Fat Grafting for Vaginal Rejuvenation<\/em>, IMCAS Asia, 2015, Bali, Indonesion<\/li>\n<li><em>Scar Sparing Supercharged Augmentation Mastopexy, <\/em>Barcelona Breast Meeting, 2015, Barcelona<\/li>\n<li>Video-Vortrag: <em>Water jetstream liposuction for fat harvesting in large volume fat grafting to the buttocks, 1st\u00a0<sup>\u00a0<\/sup><\/em>International Video Symposium, 2014, Hamburg<\/li>\n<li><em>Die \u00e4sthetische Formung des Ges\u00e4\u00dfes mittels Eigenfetttransfers und wasserstrahlassistierter Liposuktion, <\/em>G\u00c4CD Jahrestagung, 2014, K\u00f6ln<\/li>\n<li><em>BodyJet liposuction for optimized results in buttock fat grafting, <\/em> Jahrestagung GAERID e.V., 2014, Leipzig<\/li>\n<li><em>Water jetstream liposuction for fat harvesting in large volume fat grafting to the buttocks, <\/em>IMCAS Asia, 2014, Hong Kong, China<\/li>\n<\/ul>\n<p>[\/et_pb_accordion_item][et_pb_accordion_item title=&#8221;Ausgew\u00e4hlte Publikationen&#8221; _builder_version=&#8221;4.7.7&#8243; _module_preset=&#8221;default&#8221; open=&#8221;off&#8221;]<\/p>\n<ul>\n<li>Hamers, Alexander (2023): Experten-Interview zu \u201eLiquid Brazilian Butt Lift: K\u00f6rperkonturierung mit Hyalurons\u00e4ure\u201c, das Interview f\u00fchrte Gr\u00f6ne, Dirk. In: \u00c4sthetische Dermatologie und Kosmetikologie, 15\/1, Februar 2023.<\/li>\n<li>Hamers, Alexander (2022): Sichere Gro\u00dfvolumige Glutealvergr\u00f6\u00dferung mit Eigenfett \u2013 Brazilian Butt Lift (BBL). Von Mythen zu Fakten. In: Journal f\u00fcr \u00c4sthetische Chirurgie, 15\/3, August 2022.<\/li>\n<li>Hamers, Alexander, Aslani, Alexander et al. (2015): Wasserstrahl-assistierte Lipokonturierung (WAL) der Glutealregion: Technik und Langzeitergebnisse. In: FACE, 1\/2015.<\/li>\n<\/ul>\n<p>[\/et_pb_accordion_item][\/et_pb_accordion][\/et_pb_column][\/et_pb_row][et_pb_row column_structure=&#8221;1_3,1_3,1_3&#8243; _builder_version=&#8221;4.7.7&#8243; _module_preset=&#8221;default&#8221;][et_pb_column type=&#8221;1_3&#8243; _builder_version=&#8221;4.7.7&#8243; _module_preset=&#8221;default&#8221;][et_pb_code]<iframe src=\"https:\/\/player.vimeo.com\/video\/224033268\" width=\"640\" height=\"360\" frameborder=\"0\" webkitallowfullscreen mozallowfullscreen allowfullscreen><\/iframe>[\/et_pb_code][\/et_pb_column][et_pb_column type=&#8221;1_3&#8243; _builder_version=&#8221;4.7.7&#8243; _module_preset=&#8221;default&#8221;][et_pb_code]<iframe src=\"https:\/\/player.vimeo.com\/video\/234897806\" width=\"640\" height=\"468\" frameborder=\"0\" webkitallowfullscreen mozallowfullscreen allowfullscreen><\/iframe>[\/et_pb_code][\/et_pb_column][et_pb_column type=&#8221;1_3&#8243; _builder_version=&#8221;4.7.7&#8243; _module_preset=&#8221;default&#8221;][et_pb_code]<iframe src=\"https:\/\/player.vimeo.com\/video\/227301659\" width=\"640\" height=\"360\" frameborder=\"0\" webkitallowfullscreen mozallowfullscreen allowfullscreen><\/iframe>[\/et_pb_code][\/et_pb_column][\/et_pb_row][\/et_pb_section]<\/p>\n","protected":false},"excerpt":{"rendered":"<p>[et_pb_section fb_built=&#8221;1&#8243; fullwidth=&#8221;on&#8221; _builder_version=&#8221;3.22&#8243;][et_pb_fullwidth_header title=&#8221;Fachvortr\u00e4ge und Publikationen&#8221; subhead=&#8221;Ein \u00dcberblick \u00fcber internationale Kongresse, Experten-Workshops, Fachartikel und Video-Kurse.&#8221; background_overlay_color=&#8221;#47aab7&#8243; content_max_width=&#8221;none&#8221; _builder_version=&#8221;3.16&#8243; background_color=&#8221;rgba(255, 255, 255, 0)&#8221; button_one_text_size__hover_enabled=&#8221;off&#8221; button_two_text_size__hover_enabled=&#8221;off&#8221; button_one_text_color__hover_enabled=&#8221;off&#8221; button_two_text_color__hover_enabled=&#8221;off&#8221; button_one_border_width__hover_enabled=&#8221;off&#8221; button_two_border_width__hover_enabled=&#8221;off&#8221; button_one_border_color__hover_enabled=&#8221;off&#8221; button_two_border_color__hover_enabled=&#8221;off&#8221; button_one_border_radius__hover_enabled=&#8221;off&#8221; button_two_border_radius__hover_enabled=&#8221;off&#8221; button_one_letter_spacing__hover_enabled=&#8221;off&#8221; button_two_letter_spacing__hover_enabled=&#8221;off&#8221; button_one_bg_color__hover_enabled=&#8221;off&#8221; button_two_bg_color__hover_enabled=&#8221;off&#8221;]&nbsp; [\/et_pb_fullwidth_header][\/et_pb_section][et_pb_section fb_built=&#8221;1&#8243; admin_label=&#8221;section&#8221; _builder_version=&#8221;4.7.7&#8243; background_color=&#8221;rgba(255,255,255,0.63)&#8221;][et_pb_row column_structure=&#8221;1_5,3_5,1_5&#8243; _builder_version=&#8221;4.7.7&#8243; _module_preset=&#8221;default&#8221;][et_pb_column type=&#8221;1_5&#8243; _builder_version=&#8221;4.7.7&#8243; _module_preset=&#8221;default&#8221;][\/et_pb_column][et_pb_column type=&#8221;3_5&#8243; _builder_version=&#8221;4.7.7&#8243; _module_preset=&#8221;default&#8221;][et_pb_image src=&#8221;https:\/\/drhamers.de\/drhamers\/wp-content\/uploads\/2023\/05\/Plakaette-2023-003.png&#8221; title_text=&#8221;Focusliste&#8221; admin_label=&#8221;Image&#8221; _builder_version=&#8221;4.7.7&#8243; [&hellip;]<\/p>\n","protected":false},"author":1,"featured_media":0,"parent":398,"menu_order":0,"comment_status":"closed","ping_status":"closed","template":"","meta":{"_et_pb_use_builder":"on","_et_pb_old_content":"","_et_gb_content_width":"","_mi_skip_tracking":false,"cybocfi_hide_featured_image":""},"_links":{"self":[{"href":"https:\/\/drhamers.de\/drhamers\/wp-json\/wp\/v2\/pages\/402"}],"collection":[{"href":"https:\/\/drhamers.de\/drhamers\/wp-json\/wp\/v2\/pages"}],"about":[{"href":"https:\/\/drhamers.de\/drhamers\/wp-json\/wp\/v2\/types\/page"}],"author":[{"embeddable":true,"href":"https:\/\/drhamers.de\/drhamers\/wp-json\/wp\/v2\/users\/1"}],"replies":[{"embeddable":true,"href":"https:\/\/drhamers.de\/drhamers\/wp-json\/wp\/v2\/comments?post=402"}],"version-history":[{"count":139,"href":"https:\/\/drhamers.de\/drhamers\/wp-json\/wp\/v2\/pages\/402\/revisions"}],"predecessor-version":[{"id":27441,"href":"https:\/\/drhamers.de\/drhamers\/wp-json\/wp\/v2\/pages\/402\/revisions\/27441"}],"up":[{"embeddable":true,"href":"https:\/\/drhamers.de\/drhamers\/wp-json\/wp\/v2\/pages\/398"}],"wp:attachment":[{"href":"https:\/\/drhamers.de\/drhamers\/wp-json\/wp\/v2\/media?parent=402"}],"curies":[{"name":"wp","href":"https:\/\/api.w.org\/{rel}","templated":true}]}}