{"id":801,"date":"2017-07-07T11:18:50","date_gmt":"2017-07-07T11:18:50","guid":{"rendered":"http:\/\/drhamers.de\/drhamers\/?page_id=801"},"modified":"2018-01-28T15:40:10","modified_gmt":"2018-01-28T15:40:10","slug":"presse","status":"publish","type":"page","link":"https:\/\/drhamers.de\/drhamers\/de\/ueber-mich\/presse\/","title":{"rendered":"Presse"},"content":{"rendered":"<p>[et_pb_section bb_built=&#8221;1&#8243; fullwidth=&#8221;on&#8221; specialty=&#8221;off&#8221;][et_pb_fullwidth_header _builder_version=&#8221;3.0.66&#8243; title=&#8221;Presseartikel und Berichterstattung&#8221; background_overlay_color=&#8221;#47aab7&#8243; text_orientation=&#8221;left&#8221; header_fullscreen=&#8221;off&#8221; header_scroll_down=&#8221;off&#8221; image_orientation=&#8221;center&#8221; background_layout=&#8221;dark&#8221; content_orientation=&#8221;center&#8221; custom_button_one=&#8221;off&#8221; button_one_letter_spacing=&#8221;0&#8243; button_one_icon_placement=&#8221;right&#8221; button_one_letter_spacing_hover=&#8221;0&#8243; custom_button_two=&#8221;off&#8221; button_two_letter_spacing=&#8221;0&#8243; button_two_icon_placement=&#8221;right&#8221; button_two_letter_spacing_hover=&#8221;0&#8243; \/][\/et_pb_section][et_pb_section bb_built=&#8221;1&#8243; background_color=&#8221;rgba(255,255,255,0.63)&#8221; transparent_background_fb=&#8221;default&#8221; _builder_version=&#8221;3.0.66&#8243;][et_pb_row _builder_version=&#8221;3.0.47&#8243; background_size=&#8221;initial&#8221; background_position=&#8221;top_left&#8221; background_repeat=&#8221;repeat&#8221;][et_pb_column type=&#8221;2_3&#8243;][et_pb_text _builder_version=&#8221;3.0.66&#8243;]<\/p>\n<p><a href=\"http:\/\/drhamers.de\/drhamers\/wp-content\/uploads\/2017\/07\/Dr-Hamers-essential.pdf\">\u00a0<\/a><\/p>\n<h3><a href=\"http:\/\/drhamers.de\/drhamers\/wp-content\/uploads\/2017\/07\/Dr-Hamers-essential.pdf\">Essentials Marbella Magazine, Ausgabe Mai 2017<\/a><\/h3>\n<h4>Dr. Hamers at Cirumed Clinic. Portraying Marbella&#8217;s best<\/h4>\n<blockquote><p>There is an inexorable link between our physical appearance and our idea of self, between the body, the mind and spirit. What plastic surgeons often say is that what may be a matter of little concern for\u00a0one person, can cause great anguish to another. <a href=\"http:\/\/drhamers.de\/drhamers\/wp-content\/uploads\/2017\/07\/Dr-Hamers-essential.pdf\">(&#8230;)<\/a><\/p><\/blockquote>\n<p>&nbsp;<\/p>\n<p>&nbsp;<\/p>\n<p>&nbsp;<\/p>\n<p>&nbsp;<\/p>\n<p>[\/et_pb_text][\/et_pb_column][et_pb_column type=&#8221;1_3&#8243;][et_pb_image src=&#8221;http:\/\/drhamers.de\/drhamers\/wp-content\/uploads\/2017\/07\/Essentials-5-2017.jpg&#8221; url=&#8221;http:\/\/drhamers.de\/drhamers\/wp-content\/uploads\/2017\/07\/Dr-Hamers-essential.pdf&#8221; _builder_version=&#8221;3.0.66&#8243; show_in_lightbox=&#8221;off&#8221; url_new_window=&#8221;on&#8221; use_overlay=&#8221;off&#8221; sticky=&#8221;off&#8221; align=&#8221;left&#8221; always_center_on_mobile=&#8221;on&#8221; border_style=&#8221;solid&#8221; force_fullwidth=&#8221;off&#8221; animation=&#8221;off&#8221; \/][\/et_pb_column][\/et_pb_row][et_pb_row _builder_version=&#8221;3.0.47&#8243; background_size=&#8221;initial&#8221; background_position=&#8221;top_left&#8221; background_repeat=&#8221;repeat&#8221;][et_pb_column type=&#8221;2_3&#8243;][et_pb_text _builder_version=&#8221;3.0.66&#8243;]<\/p>\n<h3><a href=\"http:\/\/drhamers.de\/drhamers\/wp-content\/uploads\/2017\/07\/CIRUGIA-VAGINAL-REVISTA-ZOOM-Kopie.pdf\"><br \/>\n<\/a><a href=\"http:\/\/drhamers.de\/drhamers\/wp-content\/uploads\/2017\/07\/CIRUGIA-VAGINAL-REVISTA-ZOOM-Kopie.pdf\">Revista\u00a0ZOOM M\u00e1laga, Ausgabe 37, April 2013<\/a><\/h3>\n<h4>Alexander T. Hamers, der Spezialist f\u00fcr weibliche Intimchirurgie\u00a0an der Costa del Sol<\/h4>\n<blockquote><p>La demanda de cirug\u00eda genital ha aumentado en los \u00faltimos a\u00f1os, pero \u00bfD\u00f3nde acudir? <a href=\"http:\/\/drhamers.de\/drhamers\/wp-content\/uploads\/2017\/07\/CIRUGIA-VAGINAL-REVISTA-ZOOM-Kopie.pdf\">(&#8230;)<\/a><\/p><\/blockquote>\n<p>[\/et_pb_text][\/et_pb_column][et_pb_column type=&#8221;1_3&#8243;][et_pb_image src=&#8221;http:\/\/drhamers.de\/drhamers\/wp-content\/uploads\/2017\/07\/ZOOM-2013.jpg&#8221; url=&#8221;http:\/\/drhamers.de\/drhamers\/wp-content\/uploads\/2017\/07\/CIRUGIA-VAGINAL-REVISTA-ZOOM-Kopie.pdf&#8221; _builder_version=&#8221;3.0.66&#8243; show_in_lightbox=&#8221;off&#8221; url_new_window=&#8221;on&#8221; use_overlay=&#8221;off&#8221; sticky=&#8221;off&#8221; align=&#8221;left&#8221; always_center_on_mobile=&#8221;on&#8221; border_style=&#8221;solid&#8221; force_fullwidth=&#8221;off&#8221; animation=&#8221;off&#8221; \/][\/et_pb_column][\/et_pb_row][\/et_pb_section]<\/p>\n","protected":false},"excerpt":{"rendered":"<p>[et_pb_section bb_built=&#8221;1&#8243; fullwidth=&#8221;on&#8221; specialty=&#8221;off&#8221;][et_pb_fullwidth_header _builder_version=&#8221;3.0.66&#8243; title=&#8221;Presseartikel und Berichterstattung&#8221; background_overlay_color=&#8221;#47aab7&#8243; text_orientation=&#8221;left&#8221; header_fullscreen=&#8221;off&#8221; header_scroll_down=&#8221;off&#8221; image_orientation=&#8221;center&#8221; background_layout=&#8221;dark&#8221; content_orientation=&#8221;center&#8221; custom_button_one=&#8221;off&#8221; button_one_letter_spacing=&#8221;0&#8243; button_one_icon_placement=&#8221;right&#8221; button_one_letter_spacing_hover=&#8221;0&#8243; custom_button_two=&#8221;off&#8221; button_two_letter_spacing=&#8221;0&#8243; button_two_icon_placement=&#8221;right&#8221; button_two_letter_spacing_hover=&#8221;0&#8243; \/][\/et_pb_section][et_pb_section bb_built=&#8221;1&#8243; background_color=&#8221;rgba(255,255,255,0.63)&#8221; transparent_background_fb=&#8221;default&#8221; _builder_version=&#8221;3.0.66&#8243;][et_pb_row _builder_version=&#8221;3.0.47&#8243; background_size=&#8221;initial&#8221; background_position=&#8221;top_left&#8221; background_repeat=&#8221;repeat&#8221;][et_pb_column type=&#8221;2_3&#8243;][et_pb_text _builder_version=&#8221;3.0.66&#8243;] \u00a0 Essentials Marbella Magazine, Ausgabe Mai 2017 Dr. Hamers at Cirumed Clinic. Portraying Marbella&#8217;s best There is an inexorable link between [&hellip;]<\/p>\n","protected":false},"author":3,"featured_media":0,"parent":398,"menu_order":0,"comment_status":"closed","ping_status":"closed","template":"","meta":{"_et_pb_use_builder":"on","_et_pb_old_content":"","_et_gb_content_width":"","_mi_skip_tracking":false,"cybocfi_hide_featured_image":""},"_links":{"self":[{"href":"https:\/\/drhamers.de\/drhamers\/wp-json\/wp\/v2\/pages\/801"}],"collection":[{"href":"https:\/\/drhamers.de\/drhamers\/wp-json\/wp\/v2\/pages"}],"about":[{"href":"https:\/\/drhamers.de\/drhamers\/wp-json\/wp\/v2\/types\/page"}],"author":[{"embeddable":true,"href":"https:\/\/drhamers.de\/drhamers\/wp-json\/wp\/v2\/users\/3"}],"replies":[{"embeddable":true,"href":"https:\/\/drhamers.de\/drhamers\/wp-json\/wp\/v2\/comments?post=801"}],"version-history":[{"count":22,"href":"https:\/\/drhamers.de\/drhamers\/wp-json\/wp\/v2\/pages\/801\/revisions"}],"predecessor-version":[{"id":26525,"href":"https:\/\/drhamers.de\/drhamers\/wp-json\/wp\/v2\/pages\/801\/revisions\/26525"}],"up":[{"embeddable":true,"href":"https:\/\/drhamers.de\/drhamers\/wp-json\/wp\/v2\/pages\/398"}],"wp:attachment":[{"href":"https:\/\/drhamers.de\/drhamers\/wp-json\/wp\/v2\/media?parent=801"}],"curies":[{"name":"wp","href":"https:\/\/api.w.org\/{rel}","templated":true}]}}